{"id":10192,"date":"2025-12-18T09:26:35","date_gmt":"2025-12-18T09:26:35","guid":{"rendered":"https:\/\/placessites.com\/?post_type=product&#038;p=10192"},"modified":"2026-01-05T04:29:53","modified_gmt":"2026-01-05T04:29:53","slug":"stadtrundfahrt-durch-puerto-plata-mit-mittagessen-auf-dem-berg-isabel","status":"publish","type":"product","link":"https:\/\/placessites.com\/de\/tour\/stadtrundfahrt-durch-puerto-plata-mit-mittagessen-auf-dem-berg-isabel\/","title":{"rendered":"Puerto Plata: Stadtrundfahrt mit Berg Isabel und Mittagessen"},"content":{"rendered":"<p>Puerto Plata: Stadtrundfahrt mit Berg Isabel und Mittagessen<\/p>\n<p>Erkunden Sie Puerto Plata auf dieser vollst\u00e4ndigen Version der Stadtrundfahrt! Sie werden etwa 6-7 Stunden mit uns verbringen und die wahre Dominikanische Republik entdecken. Unsere Guides sprechen Englisch, Deutsch, Franz\u00f6sisch, Polnisch und Spanisch.<\/p>\n<p>Erleben Sie die Fahrt auf den Gipfel des ber\u00fchmten Mount Isabel und genie\u00dfen Sie den Blick aus der Vogelperspektive auf die K\u00fcste und die Stadt Puerto Plata. Unternehmen Sie einen angenehmen Spaziergang durch den exotischen Nationalpark Isabela Peak. Genie\u00dfen Sie die pulsierende Natur in einem botanischen Garten.<\/p>\n<p>Dann entdecken Sie die Kolonialstadt: Independence Parque mit der Kathedrale Saint Philip und den bunten alten Holzh\u00e4usern drum herum, die ber\u00fchmte Umbrella Street und die Dona Blanca Pink Street. Probieren Sie frische Kokosn\u00fcsse von einem Stra\u00dfenverk\u00e4ufer! Nehmen Sie sich etwas Zeit f\u00fcr eine Tasse dominikanischen Kaffee oder ein kaltes Bier. Wenn Sie m\u00f6chten, k\u00f6nnen Sie hier auch ein paar Souvenirs finden. Erkunden Sie die Festung Saint Philip entlang der Hafenbucht und schauen Sie sich die Fischerboote auf der Uferpromenade Malecon an.<\/p>\n<p>Am Nachmittag werden Sie ein typisch dominikanisches Mittagessen zu sich nehmen: Fisch oder Fleisch mit Reis und Bohnen. Man nennt es \u201cbandera dominicana\u201d - \u201cdominikanische Flagge\u201d. Wenn Sie Vegetarier oder Veganer sind, werden wir etwas anderes f\u00fcr Sie arrangieren. Alkoholfreie Getr\u00e4nke w\u00e4hrend der Mahlzeit sind im Preis inbegriffen.<\/p>\n<p>Nach dem Essen besichtigen Sie die Fabrik Macorix House of Rum, wo Sie viele Rumsorten und Zuckerrohrschn\u00e4pse probieren k\u00f6nnen. Hier werden Sie die karibischen Vibes sp\u00fcren \ud83d\ude42<\/p>\n<p>Die Dominikanische Republik ist bekannt als der weltweit gr\u00f6\u00dfte Produzent von Bio-Kakao. Sie besuchen die Bio-Schokoladenfabrik in Puerto Plata, wo Sie die Schokolade probieren k\u00f6nnen.<\/p>\n<p>Zum Schluss k\u00f6nnen wir noch einen Abstecher in den Supermarkt machen, wo Sie ein paar dominikanische Produkte einkaufen k\u00f6nnen: Rum, Kaffee, Kakao usw., alles zu erschwinglichen Preisen.<\/p>\n<p>Am Ende der Tour werden Sie \u00fcberrascht sein, wie viel man auf der Puerto Plata City Tour machen kann \ud83d\ude42 Es wird ein Tag sein, der Sie mit gro\u00dfartigen Erinnerungen aus der Dominikanischen Republik zur\u00fccklassen wird! Keine Zeit zu verschwenden, nimm alles mit.<\/p>","protected":false},"excerpt":{"rendered":"<div data-track=\"overview\" data-v-83a2b402=\"\">\n<section id=\"activity-overview\" class=\"activity-overview\" data-component=\"overview\" data-v-83a2b402=\"\" data-v-f3236c42=\"\">\n<p class=\"activity-overview__content\" data-test-id=\"activity-overview-content\" data-v-f3236c42=\"\">Erkunden Sie Puerto Plata auf dieser Tour durch die Highlights der Stadt, genie\u00dfen Sie eine Fahrt auf den Gipfel des Mount Isabel, sehen Sie die K\u00fcste aus der Vogelperspektive und fahren Sie durch den exotischen Nationalpark, bevor Sie ein typisches Mittagessen genie\u00dfen.<\/p>\n<\/section>\n<\/div>\n<div data-track=\"key-details\" data-v-83a2b402=\"\"><\/div>","protected":false},"featured_media":10568,"template":"","meta":[],"product_brand":[],"product_cat":[97],"product_tag":[101,102],"class_list":{"0":"post-10192","1":"product","2":"type-product","3":"status-publish","4":"has-post-thumbnail","6":"product_cat-dominican-republic","7":"product_tag-excursion","8":"product_tag-tour","10":"first","11":"instock","12":"sale","13":"shipping-taxable","14":"product-type-external"},"_links":{"self":[{"href":"https:\/\/placessites.com\/de\/wp-json\/wp\/v2\/product\/10192","targetHints":{"allow":["GET"]}}],"collection":[{"href":"https:\/\/placessites.com\/de\/wp-json\/wp\/v2\/product"}],"about":[{"href":"https:\/\/placessites.com\/de\/wp-json\/wp\/v2\/types\/product"}],"wp:featuredmedia":[{"embeddable":true,"href":"https:\/\/placessites.com\/de\/wp-json\/wp\/v2\/media\/10568"}],"wp:attachment":[{"href":"https:\/\/placessites.com\/de\/wp-json\/wp\/v2\/media?parent=10192"}],"wp:term":[{"taxonomy":"product_brand","embeddable":true,"href":"https:\/\/placessites.com\/de\/wp-json\/wp\/v2\/product_brand?post=10192"},{"taxonomy":"product_cat","embeddable":true,"href":"https:\/\/placessites.com\/de\/wp-json\/wp\/v2\/product_cat?post=10192"},{"taxonomy":"product_tag","embeddable":true,"href":"https:\/\/placessites.com\/de\/wp-json\/wp\/v2\/product_tag?post=10192"}],"curies":[{"name":"wp","href":"https:\/\/api.w.org\/{rel}","templated":true}]}}