{"id":18117,"date":"2025-12-18T15:07:44","date_gmt":"2025-12-18T15:07:44","guid":{"rendered":"https:\/\/placessites.com\/?post_type=product&#038;p=18117"},"modified":"2026-02-14T02:01:27","modified_gmt":"2026-02-14T02:01:27","slug":"-682","status":"publish","type":"product","link":"https:\/\/placessites.com\/cs\/prohlidka\/-682\/","title":{"rendered":"\u0160norchlov\u00e1n\u00ed na ostrov\u011b Saona, katamar\u00e1n a ob\u011bd na pl\u00e1\u017ei"},"content":{"rendered":"<h2 class=\"p1\">Saona Island Snorkeling, Catamaran, and Lunch on the Beach<span class=\"Apple-converted-space\">\u00a0<\/span><\/h2>\n<p class=\"p1\">Embark on an unforgettable adventure during this excursion to Saona National Park, where you will explore some of the island&#8217;s most breathtaking locations. Your journey begins with a scenic sail along the stunning coastline of Cotubana National Park, renowned for its lush mangroves, striking limestone rock formations, and vibrant forested areas. The scenic route to Saona Island takes approximately an hour, offering ample time to soak in the natural beauty around you.<\/p>\n<p class=\"p1\">Sejdeme se v 9:00 u banky BanReservas u vstupu na pl\u00e1\u017e Bayahibe. N\u00e1\u0161 p\u0159\u00e1telsk\u00fd person\u00e1l v\u00e1s p\u0159iv\u00edt\u00e1 a doprovod\u00ed v\u00e1s do p\u0159\u00edstavu, kde obdr\u017e\u00edte n\u00e1ramek pro snadnou identifikaci p\u0159ed n\u00e1stupem na lo\u010f, kterou se vyd\u00e1te na celodenn\u00ed dobrodru\u017estv\u00ed.<\/p>\n<p class=\"p1\">Na za\u010d\u00e1tku v\u00fdletu budete m\u00edt p\u0159\u00edle\u017eitost pono\u0159it se do k\u0159i\u0161\u0165\u00e1lov\u011b \u010dist\u00e9 vody Playa Bonita, kochat se klidnou kr\u00e1sou p\u0159\u00edrodn\u00edch baz\u00e9n\u016f a prozkoumat malebnou vesni\u010dku Mano Juan. Okouzlen\u00ed z cel\u00e9ho dne pokra\u010duje organizovan\u00fdmi v\u00fdlety za \u0161norchlov\u00e1n\u00edm pod veden\u00edm na\u0161\u00ed zku\u0161en\u00e9 pos\u00e1dky, kter\u00e1 zajist\u00ed, abyste m\u011bli po p\u0159\u00edjezdu na pl\u00e1\u017e, kde na v\u00e1s \u010dek\u00e1 chutn\u00fd ob\u011bd, k dispozici ve\u0161ker\u00e9 pot\u0159ebn\u00e9 vybaven\u00ed.<\/p>\n<p class=\"p1\">Na konci tohoto n\u00e1dhern\u00e9ho dne pln\u00e9ho slunce, mo\u0159e a pozn\u00e1v\u00e1n\u00ed se vr\u00e1t\u00edte do p\u0159\u00edstavu, kde cesta za\u010dala, a odvezete si vzpom\u00ednky na skute\u010dn\u011b kouzeln\u00fd z\u00e1\u017eitek str\u00e1ven\u00fd v r\u00e1ji n\u00e1rodn\u00edho parku Saona.<\/p>\n<p class=\"p1\">Co zahrnuje?<\/p>\n<ul>\n<li class=\"p1\">Playa Bonita<span class=\"Apple-converted-space\">\u00a0<\/span><\/li>\n<li class=\"p1\">Natural Pools<span class=\"Apple-converted-space\">\u00a0<\/span><\/li>\n<li class=\"p1\">Lunch on the beach<span class=\"Apple-converted-space\">\u00a0<\/span><\/li>\n<li class=\"p1\">Catamaran &amp; Boat<span class=\"Apple-converted-space\">\u00a0<\/span><\/li>\n<li class=\"p1\">Park entrance<span class=\"Apple-converted-space\">\u00a0<\/span><\/li>\n<li class=\"p1\">Tour guide<span class=\"Apple-converted-space\">\u00a0<\/span><\/li>\n<li class=\"p1\">Alcoholic beverages, water, and soda Animation team on board<\/li>\n<\/ul>","protected":false},"excerpt":{"rendered":"<p>Saona Island Snorkeling, Catamaran, and Lunch on the Beach\u00a0 Embark on an unforgettable adventure during this excursion to Saona National Park, where you will explore some of the island&#8217;s most breathtaking locations. Your journey begins with a scenic sail along the stunning coastline of Cotubana National Park, renowned for its lush mangroves, striking limestone rock [&hellip;]<\/p>\n","protected":false},"featured_media":18273,"template":"","meta":[],"product_brand":[],"product_cat":[97,98],"product_tag":[],"class_list":{"0":"post-18117","1":"product","2":"type-product","3":"status-publish","4":"has-post-thumbnail","6":"product_cat-dominican-republic","7":"product_cat-saona-island","9":"first","10":"instock","11":"sale","12":"shipping-taxable","13":"product-type-external"},"_links":{"self":[{"href":"https:\/\/placessites.com\/cs\/wp-json\/wp\/v2\/product\/18117","targetHints":{"allow":["GET"]}}],"collection":[{"href":"https:\/\/placessites.com\/cs\/wp-json\/wp\/v2\/product"}],"about":[{"href":"https:\/\/placessites.com\/cs\/wp-json\/wp\/v2\/types\/product"}],"wp:featuredmedia":[{"embeddable":true,"href":"https:\/\/placessites.com\/cs\/wp-json\/wp\/v2\/media\/18273"}],"wp:attachment":[{"href":"https:\/\/placessites.com\/cs\/wp-json\/wp\/v2\/media?parent=18117"}],"wp:term":[{"taxonomy":"product_brand","embeddable":true,"href":"https:\/\/placessites.com\/cs\/wp-json\/wp\/v2\/product_brand?post=18117"},{"taxonomy":"product_cat","embeddable":true,"href":"https:\/\/placessites.com\/cs\/wp-json\/wp\/v2\/product_cat?post=18117"},{"taxonomy":"product_tag","embeddable":true,"href":"https:\/\/placessites.com\/cs\/wp-json\/wp\/v2\/product_tag?post=18117"}],"curies":[{"name":"wp","href":"https:\/\/api.w.org\/{rel}","templated":true}]}}