{"id":17899,"date":"2025-12-18T14:56:34","date_gmt":"2025-12-18T14:56:34","guid":{"rendered":"https:\/\/placessites.com\/?post_type=product&#038;p=17899"},"modified":"2026-02-14T02:07:26","modified_gmt":"2026-02-14T02:07:26","slug":"zazitek-z-parasailingu-na-punta-cana-s-vyzvednutim-zahrnuje","status":"publish","type":"product","link":"https:\/\/placessites.com\/cs\/prohlidka\/zazitek-z-parasailingu-na-punta-cana-s-vyzvednutim-zahrnuje\/","title":{"rendered":"Punta Cana: V cen\u011b je zahrnuto: Parasailing s vyzvednut\u00edm"},"content":{"rendered":"<p>Parasailing in Punta Cana is an incredible adventure and one of the best things to do in Punta Cana. The coastline from 200 feet in the air while you sail is absolutely stunning.<\/p>\n<p>Parasailing is a simple and fun experience for all the members of the family. As the main parasailing and adventure company in the Dominican Republic, our Parasailing team is among the most experienced in Punta Cana, with more than 16 years of experience in flights. You can enjoy about 15 minutes of flight while enjoying the beautiful panoramic view.<\/p>\n<p>It flew for 10 minutes<\/p>\n<p>Parasailing Minimum \/ Maximum Weight Restrictions The minimum weight for parasailing is 110 lb \/ 50 kg and a maximum weight of 400 lb \/ 181 kg.<\/p>","protected":false},"excerpt":{"rendered":"<div data-track=\"overview\" data-v-83a2b402=\"\">\n<section id=\"activity-overview\" class=\"activity-overview\" data-component=\"overview\" data-v-83a2b402=\"\" data-v-f3236c42=\"\">\n<p class=\"activity-overview__content\" data-test-id=\"activity-overview-content\" data-v-f3236c42=\"\">Kdy\u017e jste ve v\u00fd\u0161ce 60 metr\u016f a v\u00edte, \u017ee m\u00e1te jistotu, \u017ee se v\u00e1m bude da\u0159it dob\u0159e, jedin\u00e9, co je d\u016fle\u017eit\u00e9, je u\u017e\u00edvat si kr\u00e1sn\u00fd v\u00fdhled, v\u00edtr, mo\u0159e a pocit, \u017ee m\u00e1te k\u0159\u00eddla.<\/p>\n<\/section>\n<\/div>\n<div data-track=\"key-details\" data-v-83a2b402=\"\"><\/div>","protected":false},"featured_media":18123,"template":"","meta":[],"product_brand":[],"product_cat":[97],"product_tag":[101,102],"class_list":{"0":"post-17899","1":"product","2":"type-product","3":"status-publish","4":"has-post-thumbnail","6":"product_cat-dominican-republic","7":"product_tag-excursion","8":"product_tag-tour","10":"first","11":"instock","12":"shipping-taxable","13":"product-type-external"},"_links":{"self":[{"href":"https:\/\/placessites.com\/cs\/wp-json\/wp\/v2\/product\/17899","targetHints":{"allow":["GET"]}}],"collection":[{"href":"https:\/\/placessites.com\/cs\/wp-json\/wp\/v2\/product"}],"about":[{"href":"https:\/\/placessites.com\/cs\/wp-json\/wp\/v2\/types\/product"}],"wp:featuredmedia":[{"embeddable":true,"href":"https:\/\/placessites.com\/cs\/wp-json\/wp\/v2\/media\/18123"}],"wp:attachment":[{"href":"https:\/\/placessites.com\/cs\/wp-json\/wp\/v2\/media?parent=17899"}],"wp:term":[{"taxonomy":"product_brand","embeddable":true,"href":"https:\/\/placessites.com\/cs\/wp-json\/wp\/v2\/product_brand?post=17899"},{"taxonomy":"product_cat","embeddable":true,"href":"https:\/\/placessites.com\/cs\/wp-json\/wp\/v2\/product_cat?post=17899"},{"taxonomy":"product_tag","embeddable":true,"href":"https:\/\/placessites.com\/cs\/wp-json\/wp\/v2\/product_tag?post=17899"}],"curies":[{"name":"wp","href":"https:\/\/api.w.org\/{rel}","templated":true}]}}