{"id":17871,"date":"2025-12-18T14:55:19","date_gmt":"2025-12-18T14:55:19","guid":{"rendered":"https:\/\/placessites.com\/?post_type=product&#038;p=17871"},"modified":"2026-02-14T02:08:11","modified_gmt":"2026-02-14T02:08:11","slug":"-672","status":"publish","type":"product","link":"https:\/\/placessites.com\/cs\/prohlidka\/-672\/","title":{"rendered":"Ostrov Saona: 6hodinov\u00e1 soukrom\u00e1 prohl\u00eddka se \u0161norchlov\u00e1n\u00edm"},"content":{"rendered":"<div class=\"toggle-content__content toggle-content__content--expanded toggle-content__content--packable\" data-v-59485d64=\"\">\n<h2 data-test-id=\"activity-full-description-text\">Ostrov Saona: 6hodinov\u00e1 soukrom\u00e1 prohl\u00eddka se \u0161norchlov\u00e1n\u00edm<\/h2>\n<div data-test-id=\"activity-full-description-text\" data-v-5835c99c=\"\">\n<p>Vydejte se s n\u00e1mi na soukrom\u00fd v\u00fdlet na ostrov Saona s odjezdem z Bayahibe v 10:00. Objevte r\u00e1j, kter\u00fdm je ostrov Saona, na palub\u011b soukrom\u00e9 lodi s elegantn\u00edm designem a zku\u0161en\u00fdmi kapit\u00e1nem a pos\u00e1dkou. Tento exkluzivn\u00ed z\u00e1\u017eitek je ur\u010den pouze pro v\u00e1s a va\u0161i skupinu - nikdo jin\u00fd se o n\u011bj ned\u011bl\u00ed!<\/p>\n<p>Vychutnejte si plavbu po kr\u00e1sn\u00fdch, klidn\u00fdch vod\u00e1ch Karibiku sv\u00fdm vlastn\u00edm tempem. \u0160norchlujte na dvou exkluzivn\u00edch m\u00edstech, kde se pravd\u011bpodobn\u011b setk\u00e1te s n\u00e1dhern\u00fdmi oce\u00e1nsk\u00fdmi tvory, v\u010detn\u011b mo\u0159sk\u00fdch hv\u011bzdic a p\u0159\u00edle\u017eitostn\u011b i mo\u0159sk\u00fdch \u017eelv.<\/p>\n<p>Upozor\u0148ujeme, \u017ee sou\u010d\u00e1st\u00ed tohoto bal\u00ed\u010dku nen\u00ed ob\u011bd. Poplatek, kter\u00fd zaplat\u00edte, pokr\u00fdv\u00e1 p\u0159edev\u0161\u00edm pron\u00e1jem lodi a zahrnuje \u0161norchlov\u00e1n\u00ed v kr\u00e1sn\u00fdch vod\u00e1ch ostrova Saona nebo oblasti Bayahibe.<\/p>\n<p>Doporu\u010dujeme si to napl\u00e1novat a vz\u00edt si s sebou ob\u011bdov\u00fd bal\u00ed\u010dek nebo si zakoupit j\u00eddlo v n\u011bkter\u00e9m z m\u00edstn\u00edch podnik\u016f p\u0159ed prohl\u00eddkou nebo b\u011bhem n\u00ed. Vychutnejte si \u00fachvatn\u00e9 scen\u00e9rie a pestr\u00fd podmo\u0159sk\u00fd \u017eivot p\u0159i pozn\u00e1v\u00e1n\u00ed t\u011bchto \u00fa\u017easn\u00fdch m\u00edst!<\/p>\n<\/div>\n<\/div>\n<div class=\"toggle-content__label-placeholder\" data-v-59485d64=\"\"><\/div>","protected":false},"excerpt":{"rendered":"<div data-track=\"overview\" data-v-83a2b402=\"\">\n<section id=\"activity-overview\" class=\"activity-overview\" data-component=\"overview\" data-v-83a2b402=\"\" data-v-f3236c42=\"\">\n<p class=\"activity-overview__content\" data-test-id=\"activity-overview-content\" data-v-f3236c42=\"\">Objevte kousek r\u00e1je, kter\u00fdm je ostrov Saona, na sv\u00e9 soukrom\u00e9 lodi! P\u0159i t\u00e9to celodenn\u00ed soukrom\u00e9 prohl\u00eddce budete m\u00edt na\u0161i elegantn\u00ed lo\u010f, zku\u0161en\u00e9ho kapit\u00e1na a pos\u00e1dku jen pro sebe.<\/p>\n<\/section>\n<\/div>\n<div data-track=\"key-details\" data-v-83a2b402=\"\"><\/div>","protected":false},"featured_media":18106,"template":"","meta":[],"product_brand":[],"product_cat":[98],"product_tag":[101,102],"class_list":{"0":"post-17871","1":"product","2":"type-product","3":"status-publish","4":"has-post-thumbnail","6":"product_cat-saona-island","7":"product_tag-excursion","8":"product_tag-tour","10":"first","11":"instock","12":"sale","13":"shipping-taxable","14":"product-type-external"},"_links":{"self":[{"href":"https:\/\/placessites.com\/cs\/wp-json\/wp\/v2\/product\/17871","targetHints":{"allow":["GET"]}}],"collection":[{"href":"https:\/\/placessites.com\/cs\/wp-json\/wp\/v2\/product"}],"about":[{"href":"https:\/\/placessites.com\/cs\/wp-json\/wp\/v2\/types\/product"}],"wp:featuredmedia":[{"embeddable":true,"href":"https:\/\/placessites.com\/cs\/wp-json\/wp\/v2\/media\/18106"}],"wp:attachment":[{"href":"https:\/\/placessites.com\/cs\/wp-json\/wp\/v2\/media?parent=17871"}],"wp:term":[{"taxonomy":"product_brand","embeddable":true,"href":"https:\/\/placessites.com\/cs\/wp-json\/wp\/v2\/product_brand?post=17871"},{"taxonomy":"product_cat","embeddable":true,"href":"https:\/\/placessites.com\/cs\/wp-json\/wp\/v2\/product_cat?post=17871"},{"taxonomy":"product_tag","embeddable":true,"href":"https:\/\/placessites.com\/cs\/wp-json\/wp\/v2\/product_tag?post=17871"}],"curies":[{"name":"wp","href":"https:\/\/api.w.org\/{rel}","templated":true}]}}