{"id":17820,"date":"2025-12-18T14:53:28","date_gmt":"2025-12-18T14:53:28","guid":{"rendered":"https:\/\/placessites.com\/?post_type=product&#038;p=17820"},"modified":"2026-02-14T02:11:05","modified_gmt":"2026-02-14T02:11:05","slug":"-666","status":"publish","type":"product","link":"https:\/\/placessites.com\/cs\/prohlidka\/-666\/","title":{"rendered":"Ostrov Saona Celodenn\u00ed katamar\u00e1n J\u00eddlo a pit\u00ed v cen\u011b"},"content":{"rendered":"<div class=\"toggle-content__content toggle-content__content--expanded toggle-content__content--packable\" data-v-59485d64=\"\">\n<h2 data-test-id=\"activity-full-description-text\">Ostrov Saona Celodenn\u00ed katamar\u00e1n J\u00eddlo a pit\u00ed v cen\u011b<\/h2>\n<div data-test-id=\"activity-full-description-text\" data-v-5835c99c=\"\">\n<p>Za\u017eijte nezapomenuteln\u00fd jednodenn\u00ed v\u00fdlet na \u00fachvatn\u00fd ostrov Saona, kter\u00fd se nach\u00e1z\u00ed v srdci Karibsk\u00e9ho mo\u0159e! Vyberte si sv\u00e9 dobrodru\u017estv\u00ed na palub\u011b prostorn\u00e9ho katamar\u00e1nu nebo rychl\u00e9ho rychl\u00e9ho \u010dlunu, kter\u00fd v\u00e1s provede fascinuj\u00edc\u00edmi k\u0159i\u0161\u0165\u00e1lov\u011b \u010dist\u00fdmi vodami a p\u0159ibl\u00ed\u017e\u00ed v\u00e1m bohat\u00fd podmo\u0159sk\u00fd \u017eivot. Po cest\u011b si nenechte uj\u00edt p\u0159\u00edle\u017eitost zastavit se u \u00fa\u017easn\u00e9ho p\u0159\u00edrodn\u00edho baz\u00e9nu, kde se m\u016f\u017eete zbl\u00edzka sezn\u00e1mit s n\u00e1dhern\u00fdmi mo\u0159sk\u00fdmi hv\u011bzdicemi - ide\u00e1ln\u00ed pro po\u0159\u00edzen\u00ed nezapomenuteln\u00fdch fotografi\u00ed!<\/p>\n<p>Po p\u0159\u00edjezdu na ostrov Saona si dop\u0159ejte lahodn\u00fd ob\u011bd pod\u00e1van\u00fd pod pohupuj\u00edc\u00edmi se palmami na pl\u00e1\u017ei, obklopen uklid\u0148uj\u00edc\u00edmi zvuky vln. Po j\u00eddle se pono\u0159te do tyrkysov\u00fdch vod, kter\u00e9 ostrov obklopuj\u00ed. A\u0165 u\u017e si chcete zahr\u00e1t vzru\u0161uj\u00edc\u00ed volejbal, nau\u010dit se svi\u017en\u00e9 kroky merengue nebo se jen vyh\u0159\u00edvat na h\u0159ejiv\u00e9m slunci na b\u00edl\u00e9m p\u00edsku, ostrov Saona nab\u00edz\u00ed kousek r\u00e1je, kter\u00fd v\u00e1s omlad\u00ed a okouzl\u00ed.<\/p>\n<\/div>\n<\/div>\n<div class=\"toggle-content__label-placeholder\" data-v-59485d64=\"\"><\/div>","protected":false},"excerpt":{"rendered":"<div data-track=\"overview\" data-v-83a2b402=\"\">\n<section id=\"activity-overview\" class=\"activity-overview\" data-component=\"overview\" data-v-83a2b402=\"\" data-v-f3236c42=\"\">\n<p class=\"activity-overview__content\" data-test-id=\"activity-overview-content\" data-v-f3236c42=\"\">Vynikaj\u00edc\u00ed prohl\u00eddka ostrova Saona, p\u0159ij\u00edt a experimentovat n\u011bkter\u00e9 z nejlep\u0161\u00edch atrakc\u00ed, s all inclusive.<\/p>\n<\/section>\n<\/div>\n<div data-track=\"key-details\" data-v-83a2b402=\"\"><\/div>","protected":false},"featured_media":18051,"template":"","meta":[],"product_brand":[],"product_cat":[97,98],"product_tag":[101,102],"class_list":{"0":"post-17820","1":"product","2":"type-product","3":"status-publish","4":"has-post-thumbnail","6":"product_cat-dominican-republic","7":"product_cat-saona-island","8":"product_tag-excursion","9":"product_tag-tour","11":"first","12":"instock","13":"sale","14":"shipping-taxable","15":"product-type-external"},"_links":{"self":[{"href":"https:\/\/placessites.com\/cs\/wp-json\/wp\/v2\/product\/17820","targetHints":{"allow":["GET"]}}],"collection":[{"href":"https:\/\/placessites.com\/cs\/wp-json\/wp\/v2\/product"}],"about":[{"href":"https:\/\/placessites.com\/cs\/wp-json\/wp\/v2\/types\/product"}],"wp:featuredmedia":[{"embeddable":true,"href":"https:\/\/placessites.com\/cs\/wp-json\/wp\/v2\/media\/18051"}],"wp:attachment":[{"href":"https:\/\/placessites.com\/cs\/wp-json\/wp\/v2\/media?parent=17820"}],"wp:term":[{"taxonomy":"product_brand","embeddable":true,"href":"https:\/\/placessites.com\/cs\/wp-json\/wp\/v2\/product_brand?post=17820"},{"taxonomy":"product_cat","embeddable":true,"href":"https:\/\/placessites.com\/cs\/wp-json\/wp\/v2\/product_cat?post=17820"},{"taxonomy":"product_tag","embeddable":true,"href":"https:\/\/placessites.com\/cs\/wp-json\/wp\/v2\/product_tag?post=17820"}],"curies":[{"name":"wp","href":"https:\/\/api.w.org\/{rel}","templated":true}]}}