{"id":17761,"date":"2025-12-18T14:51:05","date_gmt":"2025-12-18T14:51:05","guid":{"rendered":"https:\/\/placessites.com\/?post_type=product&#038;p=17761"},"modified":"2025-12-18T15:00:30","modified_gmt":"2025-12-18T15:00:30","slug":"z-la-romana-saona-island-pro-cestujici-na-lodich-costa-cruises","status":"publish","type":"product","link":"https:\/\/placessites.com\/cs\/prohlidka\/z-la-romana-saona-island-pro-cestujici-na-lodich-costa-cruises\/","title":{"rendered":"Z La Romany: ostrov Saona pro cestuj\u00edc\u00ed spole\u010dnosti Costa Cruises"},"content":{"rendered":"<h2>Z La Romany: ostrov Saona pro cestuj\u00edc\u00ed spole\u010dnosti Costa Cruises<\/h2>\n<p>Na stanovi\u0161ti taxi, kter\u00e9 se nach\u00e1z\u00ed u v\u00fdchodu z termin\u00e1lu, kde se shrom\u00e1\u017ed\u00ed v\u0161ichni cestuj\u00edc\u00ed z va\u0161\u00ed plavby, na v\u00e1s bude \u010dekat odvoz. \u0158idi\u010d v\u00e1s odveze do na\u0161\u00ed kancel\u00e1\u0159e v Bayahibe, v\u00fdchoz\u00edho bodu dobrodru\u017estv\u00ed.<\/p>\n<p class=\"p1\">Vydejte se na nezapomenuteln\u00e9 dobrodru\u017estv\u00ed b\u011bhem tohoto v\u00fdletu do n\u00e1rodn\u00edho parku Saona, kde prozkoum\u00e1te n\u011bkter\u00e9 z nej\u00fachvatn\u011bj\u0161\u00edch m\u00edst ostrova. Va\u0161e cesta za\u010dne vyhl\u00eddkovou plavbou pod\u00e9l \u00fachvatn\u00e9ho pob\u0159e\u017e\u00ed n\u00e1rodn\u00edho parku Cotubana, kter\u00fd je proslul\u00fd sv\u00fdmi bujn\u00fdmi mangrovov\u00fdmi porosty, pozoruhodn\u00fdmi v\u00e1pencov\u00fdmi skaln\u00edmi \u00fatvary a \u017eiv\u00fdmi lesn\u00edmi porosty. Vyhl\u00eddkov\u00e1 trasa na ostrov Saona trv\u00e1 p\u0159ibli\u017en\u011b hodinu a nab\u00edz\u00ed dostatek \u010dasu k nas\u00e1v\u00e1n\u00ed p\u0159\u00edrodn\u00edch kr\u00e1s kolem v\u00e1s.<\/p>\n<p class=\"p1\">Sejdeme se v 9:00 u banky BanReservas u vstupu na pl\u00e1\u017e Bayahibe. N\u00e1\u0161 p\u0159\u00e1telsk\u00fd person\u00e1l v\u00e1s p\u0159iv\u00edt\u00e1 a doprovod\u00ed v\u00e1s do p\u0159\u00edstavu, kde obdr\u017e\u00edte n\u00e1ramek pro snadnou identifikaci p\u0159ed n\u00e1stupem na lo\u010f, kterou se vyd\u00e1te na celodenn\u00ed dobrodru\u017estv\u00ed.<\/p>\n<p class=\"p1\">Na za\u010d\u00e1tku v\u00fdletu budete m\u00edt p\u0159\u00edle\u017eitost pono\u0159it se do k\u0159i\u0161\u0165\u00e1lov\u011b \u010dist\u00e9 vody Playa Bonita, kochat se klidnou kr\u00e1sou p\u0159\u00edrodn\u00edch baz\u00e9n\u016f a prozkoumat malebnou vesni\u010dku Mano Juan. Okouzlen\u00ed z cel\u00e9ho dne pokra\u010duje organizovan\u00fdmi v\u00fdlety za \u0161norchlov\u00e1n\u00edm pod veden\u00edm na\u0161\u00ed zku\u0161en\u00e9 pos\u00e1dky, kter\u00e1 zajist\u00ed, abyste m\u011bli po p\u0159\u00edjezdu na pl\u00e1\u017e, kde na v\u00e1s \u010dek\u00e1 chutn\u00fd ob\u011bd, k dispozici ve\u0161ker\u00e9 pot\u0159ebn\u00e9 vybaven\u00ed.<\/p>\n<p class=\"p1\">Na konci tohoto n\u00e1dhern\u00e9ho dne pln\u00e9ho slunce, mo\u0159e a pozn\u00e1v\u00e1n\u00ed se vr\u00e1t\u00edte do p\u0159\u00edstavu, kde cesta za\u010dala, a odvezete si vzpom\u00ednky na skute\u010dn\u011b kouzeln\u00fd z\u00e1\u017eitek str\u00e1ven\u00fd v r\u00e1ji n\u00e1rodn\u00edho parku Saona.<\/p>\n<p class=\"p1\">Co zahrnuje?<\/p>\n<div class=\"toggle-content__content toggle-content__content--expanded toggle-content__content--packable\" data-v-59485d64=\"\">\n<div data-test-id=\"activity-full-description-text\" data-v-5835c99c=\"\">Prohl\u00eddku zakon\u010d\u00edte v Bayahibe, kde na v\u00e1s \u010dek\u00e1 doprava zp\u011bt do p\u0159\u00edstavu La Romana.<\/div>\n<\/div>\n<div class=\"toggle-content__label-placeholder\" data-v-59485d64=\"\"><\/div>","protected":false},"excerpt":{"rendered":"<div data-track=\"overview\" data-v-83a2b402=\"\">\n<section id=\"activity-overview\" class=\"activity-overview\" data-component=\"overview\" data-v-83a2b402=\"\" data-v-f3236c42=\"\">\n<p class=\"activity-overview__content\" data-test-id=\"activity-overview-content\" data-v-f3236c42=\"\">Prozkoumejte ji\u017en\u00ed \u010d\u00e1st ostrova Saona a unikn\u011bte dav\u016fm lid\u00ed, abyste na na\u0161\u00ed rodinn\u00e9 lodi poznali ryb\u00e1\u0159skou vesnici Mano Juan a panenskou pl\u00e1\u017e Canto de la playa.<\/p>\n<\/section>\n<\/div>\n<div data-track=\"key-details\" data-v-83a2b402=\"\"><\/div>","protected":false},"featured_media":17961,"template":"","meta":[],"product_brand":[],"product_cat":[98],"product_tag":[101,102],"class_list":{"0":"post-17761","1":"product","2":"type-product","3":"status-publish","4":"has-post-thumbnail","6":"product_cat-saona-island","7":"product_tag-excursion","8":"product_tag-tour","10":"first","11":"instock","12":"sale","13":"shipping-taxable","14":"product-type-external"},"_links":{"self":[{"href":"https:\/\/placessites.com\/cs\/wp-json\/wp\/v2\/product\/17761","targetHints":{"allow":["GET"]}}],"collection":[{"href":"https:\/\/placessites.com\/cs\/wp-json\/wp\/v2\/product"}],"about":[{"href":"https:\/\/placessites.com\/cs\/wp-json\/wp\/v2\/types\/product"}],"wp:featuredmedia":[{"embeddable":true,"href":"https:\/\/placessites.com\/cs\/wp-json\/wp\/v2\/media\/17961"}],"wp:attachment":[{"href":"https:\/\/placessites.com\/cs\/wp-json\/wp\/v2\/media?parent=17761"}],"wp:term":[{"taxonomy":"product_brand","embeddable":true,"href":"https:\/\/placessites.com\/cs\/wp-json\/wp\/v2\/product_brand?post=17761"},{"taxonomy":"product_cat","embeddable":true,"href":"https:\/\/placessites.com\/cs\/wp-json\/wp\/v2\/product_cat?post=17761"},{"taxonomy":"product_tag","embeddable":true,"href":"https:\/\/placessites.com\/cs\/wp-json\/wp\/v2\/product_tag?post=17761"}],"curies":[{"name":"wp","href":"https:\/\/api.w.org\/{rel}","templated":true}]}}