{"id":17612,"date":"2025-12-18T14:44:41","date_gmt":"2025-12-18T14:44:41","guid":{"rendered":"https:\/\/placessites.com\/?post_type=product&#038;p=17612"},"modified":"2025-12-18T14:52:20","modified_gmt":"2025-12-18T14:52:20","slug":"asombrosa-actividad-en-buggy-por-la-playa-de-macao-y-cueva","status":"publish","type":"product","link":"https:\/\/placessites.com\/cs\/prohlidka\/asombrosa-actividad-en-buggy-por-la-playa-de-macao-y-cueva\/","title":{"rendered":"Asombrosa actividad en buggy por la playa de macao y cueva"},"content":{"rendered":"<p>Descubre la belleza natural de Punta Cana en una emocionante aventura en buggy. Este tour guiado te llevar\u00e1 a trav\u00e9s de impresionantes paisajes, incluyendo playas de arena blanca y cenotes cristalinos. Perfecto para amantes de la adrenalina y la naturaleza.\u00a0 \u00a0 \u00a0 Itinerario:\u00a0 \u00a0 \u00a0 \u00a0 \u00a0 \u00a0 \u00a0 \u00a0 \u00a0 \u00a0 \u00a0 \u00a0 \u00a0 \u00a0 \u00a0 \u00a0 \u00a0 \u00a0 \u00a0 \u00a0 \u00a0 \u00a0 \u00a0 \u00a0 \u00a0 \u00a0 \u00a0 \u00a0 \u00a0 \u00a0 \u00a0 \u00a0 \u00a0 \u00a0 \u00a0 \u00a0 \u00a0 \u00a0 \u00a0 \u00a0 \u00a0 \u00a0 \u00a0 \u00a0 \u00a0 \u00a0 \u00a0 \u00a0 \u00a0 \u00a0 \u00a0 \u00a0 \u00a0 \u00a0 Recepci\u00f3n y Preparativos: Recojo en el hotel y traslado al punto de partida. Briefing y Equipamiento: Introducci\u00f3n a los buggies y medidas de seguridad. Aventura en Buggy: Conducci\u00f3n por caminos off-road, visita a una playa virgen. Exploraci\u00f3n de un Cenote: Tiempo para nadar y explorar. Regreso: Viaje de vuelta al punto de partida y traslado al hotel.Discover the natural beauty of Punta Cana on an exciting buggy adventure. This guided tour will take you through stunning landscapes, including white sand beaches and crystal clear cenotes<\/p>\n<p>Long description\u00a0 \u00a0 \u00a0 \u00a0 \u00a0 \u00a0 \u00a0 \u00a0 \u00a0 \u00a0 \u00a0 \u00a0 \u00a0 \u00a0 \u00a0 \u00a0 \u00a0 \u00a0 \u00a0 \u00a0 \u00a0 \u00a0 \u00a0 \u00a0 \u00a0 \u00a0 \u00a0 \u00a0 \u00a0 \u00a0 \u00a0 \u00a0 \u00a0 \u00a0 \u00a0 \u00a0 \u00a0 \u00a0 \u00a0 \u00a0 \u00a0 \u00a0 \u00a0 \u00a0 \u00a0 \u00a0 \u00a0 \u00a0Discover the natural beauty of Punta Cana on an exciting buggy adventure. This guided tour will take you through stunning landscapes, including white sand beaches and crystal clear cenotes. Perfect for adrenaline and nature lovers. Itinerary: Reception and Preparations: Pick up at the hotel and transfer to the starting point. Briefing and Equipment: Introduction to buggies and safety measures. Buggy Adventure: Driving on off-road roads, visiting a virgin beach. Cenote Exploration: Time to swim and explore. Return: Travel back to the starting point and transfer to the hotel.<\/p>\n<div class=\"toggle-content__label-placeholder\" data-v-59485d64=\"\"><\/div>","protected":false},"excerpt":{"rendered":"<div data-track=\"overview\" data-v-83a2b402=\"\">\n<section id=\"activity-overview\" class=\"activity-overview\" data-component=\"overview\" data-v-83a2b402=\"\" data-v-f3236c42=\"\">\n<p class=\"activity-overview__content\" data-test-id=\"activity-overview-content\" data-v-f3236c42=\"\">Objevte p\u0159\u00edrodn\u00ed kr\u00e1sy Punta Cany a zapla\u0165te 20us za p\u0159edb\u011b\u017enou rezervaci a zbytek 25us za vzru\u0161uj\u00edc\u00ed dobrodru\u017estv\u00ed na ran\u010di s buginami. Tento v\u00fdlet s pr\u016fvodcem v\u00e1s provede \u00fachvatnou krajinou, v\u010detn\u011b b\u00edl\u00e9ho p\u00edsku<\/p>\n<\/section>\n<\/div>\n<div data-track=\"key-details\" data-v-83a2b402=\"\"><\/div>","protected":false},"featured_media":17783,"template":"","meta":[],"product_brand":[],"product_cat":[97],"product_tag":[101,102],"class_list":{"0":"post-17612","1":"product","2":"type-product","3":"status-publish","4":"has-post-thumbnail","6":"product_cat-dominican-republic","7":"product_tag-excursion","8":"product_tag-tour","10":"first","11":"instock","12":"shipping-taxable","13":"product-type-external"},"_links":{"self":[{"href":"https:\/\/placessites.com\/cs\/wp-json\/wp\/v2\/product\/17612","targetHints":{"allow":["GET"]}}],"collection":[{"href":"https:\/\/placessites.com\/cs\/wp-json\/wp\/v2\/product"}],"about":[{"href":"https:\/\/placessites.com\/cs\/wp-json\/wp\/v2\/types\/product"}],"wp:featuredmedia":[{"embeddable":true,"href":"https:\/\/placessites.com\/cs\/wp-json\/wp\/v2\/media\/17783"}],"wp:attachment":[{"href":"https:\/\/placessites.com\/cs\/wp-json\/wp\/v2\/media?parent=17612"}],"wp:term":[{"taxonomy":"product_brand","embeddable":true,"href":"https:\/\/placessites.com\/cs\/wp-json\/wp\/v2\/product_brand?post=17612"},{"taxonomy":"product_cat","embeddable":true,"href":"https:\/\/placessites.com\/cs\/wp-json\/wp\/v2\/product_cat?post=17612"},{"taxonomy":"product_tag","embeddable":true,"href":"https:\/\/placessites.com\/cs\/wp-json\/wp\/v2\/product_tag?post=17612"}],"curies":[{"name":"wp","href":"https:\/\/api.w.org\/{rel}","templated":true}]}}