{"id":17569,"date":"2025-12-18T14:43:10","date_gmt":"2025-12-18T14:43:10","guid":{"rendered":"https:\/\/placessites.com\/?post_type=product&#038;p=17569"},"modified":"2026-01-09T14:58:49","modified_gmt":"2026-01-09T14:58:49","slug":"-658","status":"publish","type":"product","link":"https:\/\/placessites.com\/cs\/prohlidka\/-658\/","title":{"rendered":"Z Punta Cany: Plavba po ostrov\u011b Saona se soukromou pl\u00e1\u017e\u00ed"},"content":{"rendered":"<h3>Z Punta Cany: Plavba po ostrov\u011b Saona se soukromou pl\u00e1\u017e\u00ed<\/h3>\n<p>Vydejte se na nezapomenutelnou vyhl\u00eddkovou plavbu lod\u00ed z pulzuj\u00edc\u00edho pob\u0159e\u017e\u00ed Punta Cany do idylick\u00e9ho r\u00e1je, kter\u00fdm je ostrov Saona. P\u0159i odjezdu se nechte okouzlit pohledem na vysok\u00e9 palmy, kter\u00e9 se jemn\u011b pohupuj\u00ed v tropick\u00e9m v\u00e1nku, spolu s rozlehl\u00fdmi plochami b\u00edl\u00e9ho p\u00edsku a fascinuj\u00edc\u00edmi odst\u00edny modrozelen\u00e9 vody, kter\u00e1 se t\u00e1hne, kam a\u017e oko dohl\u00e9dne.<\/p>\n<p>Va\u0161e dobrodru\u017estv\u00ed za\u010d\u00edn\u00e1 spanilou j\u00edzdou na palub\u011b prostorn\u00e9ho katamar\u00e1nu, kter\u00e1 v\u00e1m poskytne dostatek p\u0159\u00edle\u017eitost\u00ed k opalov\u00e1n\u00ed a vychutn\u00e1v\u00e1n\u00ed n\u00e1dhern\u00fdch v\u00fdhled\u016f na pob\u0159e\u017e\u00ed. Po t\u00e9to poklidn\u00e9 plavb\u011b nasko\u010d\u00edte na rychl\u00fd \u010dlun, kter\u00fd v\u00e1s proveze po t\u0159pytiv\u00fdch vod\u00e1ch a dod\u00e1 va\u0161\u00ed cest\u011b vzru\u0161en\u00ed. Cestou se osv\u011b\u017e\u00edte u m\u011blk\u00e9ho p\u0159\u00edrodn\u00edho jez\u00edrka tvo\u0159en\u00e9ho p\u00edse\u010dn\u00fdmi p\u0159esypy, kde se m\u016f\u017eete pono\u0159it do k\u0159i\u0161\u0165\u00e1lov\u011b \u010dist\u00e9 vody a u\u017e\u00edt si z\u00e1bavn\u00e9 \u0161norchlov\u00e1n\u00ed. Zde budete obklopeni \u017eiv\u00fdmi hejny tropick\u00fdch ryb, co\u017e je ide\u00e1ln\u00ed m\u00edsto pro za\u010d\u00e1te\u010dn\u00edky i zku\u0161en\u00e9 \u0161norchla\u0159e, kte\u0159\u00ed mohou obdivovat podmo\u0159sk\u00fd sv\u011bt.<\/p>\n<p>Po p\u0159\u00edjezdu na ostrov Saona vyu\u017eijte dostatek voln\u00e9ho \u010dasu a pono\u0159te se do \u00fachvatn\u00e9 krajiny, kter\u00e1 v\u00e1s obklopuje. Po\u0159izujte si nezapomenuteln\u00e9 fotografie na pozad\u00ed oslniv\u00e9ho v\u00fdhledu na oce\u00e1n. Pod nohama uc\u00edt\u00edte m\u011bkk\u00fd, tepl\u00fd p\u00edsek, kdy\u017e se bos\u00ed projdete po \u00faseku nedot\u010den\u00e9 soukrom\u00e9 pl\u00e1\u017ee, kde m\u016f\u017eete odpo\u010d\u00edvat a poslouchat jemn\u00e9 \u0161plouch\u00e1n\u00ed vln.<\/p>\n<p>Na ob\u011bd si m\u016f\u017eete dop\u0159\u00e1t lahodnou hostinu surf and turf v okouzluj\u00edc\u00ed restauraci na pl\u00e1\u017ei, kde se pod\u00e1vaj\u00ed nejr\u016fzn\u011bj\u0161\u00ed lahodn\u00e9 pokrmy dopln\u011bn\u00e9 osv\u011b\u017euj\u00edc\u00edmi n\u00e1poji. A\u0165 u\u017e se rozhodnete odpo\u010d\u00edvat s koktejlem v ruce, vyh\u0159\u00edvat se na slunci nebo pozn\u00e1vat p\u0159\u00edrodn\u00ed kr\u00e1sy ostrova, tento nezapomenuteln\u00fd z\u00e1\u017eitek na ostrov\u011b Saona slibuje, \u017ee bude vrcholem va\u0161\u00ed tropick\u00e9 dovolen\u00e9.<\/p>\n<div class=\"toggle-content__label-placeholder\" data-v-59485d64=\"\"><\/div>","protected":false},"excerpt":{"rendered":"<div data-track=\"overview\" data-v-83a2b402=\"\">\n<section id=\"activity-overview\" class=\"activity-overview\" data-component=\"overview\" data-v-83a2b402=\"\" data-v-f3236c42=\"\">\n<p class=\"activity-overview__content\" data-test-id=\"activity-overview-content\" data-v-f3236c42=\"\">Plavba katamar\u00e1nem na ostrov Saona se \u0161norchlov\u00e1n\u00edm, ob\u011bdem, otev\u0159en\u00fdm barem a vyzvednut\u00edm v hotelu z Bayahibe, La Romany nebo Punta Cany. Opalujte se na palub\u011b, zat\u00edmco plujete t\u0159pytiv\u00fdmi vodami Karibiku.<\/p>\n<\/section>\n<\/div>\n<div data-track=\"key-details\" data-v-83a2b402=\"\"><\/div>","protected":false},"featured_media":17748,"template":"","meta":[],"product_brand":[],"product_cat":[97,98],"product_tag":[101,102],"class_list":{"0":"post-17569","1":"product","2":"type-product","3":"status-publish","4":"has-post-thumbnail","6":"product_cat-dominican-republic","7":"product_cat-saona-island","8":"product_tag-excursion","9":"product_tag-tour","11":"first","12":"instock","13":"sale","14":"shipping-taxable","15":"product-type-external"},"_links":{"self":[{"href":"https:\/\/placessites.com\/cs\/wp-json\/wp\/v2\/product\/17569","targetHints":{"allow":["GET"]}}],"collection":[{"href":"https:\/\/placessites.com\/cs\/wp-json\/wp\/v2\/product"}],"about":[{"href":"https:\/\/placessites.com\/cs\/wp-json\/wp\/v2\/types\/product"}],"wp:featuredmedia":[{"embeddable":true,"href":"https:\/\/placessites.com\/cs\/wp-json\/wp\/v2\/media\/17748"}],"wp:attachment":[{"href":"https:\/\/placessites.com\/cs\/wp-json\/wp\/v2\/media?parent=17569"}],"wp:term":[{"taxonomy":"product_brand","embeddable":true,"href":"https:\/\/placessites.com\/cs\/wp-json\/wp\/v2\/product_brand?post=17569"},{"taxonomy":"product_cat","embeddable":true,"href":"https:\/\/placessites.com\/cs\/wp-json\/wp\/v2\/product_cat?post=17569"},{"taxonomy":"product_tag","embeddable":true,"href":"https:\/\/placessites.com\/cs\/wp-json\/wp\/v2\/product_tag?post=17569"}],"curies":[{"name":"wp","href":"https:\/\/api.w.org\/{rel}","templated":true}]}}