{"id":17364,"date":"2025-12-18T14:33:19","date_gmt":"2025-12-18T14:33:19","guid":{"rendered":"https:\/\/placessites.com\/?post_type=product&#038;p=17364"},"modified":"2026-02-14T02:21:21","modified_gmt":"2026-02-14T02:21:21","slug":"-647","status":"publish","type":"product","link":"https:\/\/placessites.com\/cs\/prohlidka\/-647\/","title":{"rendered":"Punta Cana: Saona Island: Celodenn\u00ed v\u00fdlet na ostrov Saona s katamar\u00e1nem a bufetem"},"content":{"rendered":"<h2>Punta Cana: Saona Island: Celodenn\u00ed v\u00fdlet na ostrov Saona s katamar\u00e1nem a bufetem<\/h2>\n<p>Vydejte se na vzru\u0161uj\u00edc\u00ed dobrodru\u017estv\u00ed na ostrov Saona, kter\u00e9 kombinuje klidnou plavbu na palub\u011b luxusn\u00edho katamar\u00e1nu s adrenalinovou j\u00edzdou na motorov\u00e9m \u010dlunu. Na sv\u00e9 k\u016f\u017ei poc\u00edt\u00edte teplo slunce a osv\u011b\u017euj\u00edc\u00ed mo\u0159sk\u00fd v\u00e1nek, kdy\u017e se vyd\u00e1te na tuto nezapomenutelnou cestu.<\/p>\n<p>Zat\u00edmco budete proplouvat azurov\u00fdmi vodami, najd\u011bte si \u010das na odpo\u010dinek na malebn\u00e9 pl\u00e1\u017ei Playa Abanico, kde se jemn\u00fd b\u00edl\u00fd p\u00edsek setk\u00e1v\u00e1 s m\u00edrn\u00fdmi vlnami. Nenechte si uj\u00edt \u00fachvatn\u00e9 p\u0159\u00edrodn\u00ed koupali\u0161t\u011b Saona, kter\u00e9 se nach\u00e1z\u00ed v n\u00e1dhern\u00e9m n\u00e1rodn\u00edm parku Cotubanama a kde se v k\u0159i\u0161\u0165\u00e1lov\u011b \u010dist\u00e9 m\u011bl\u010din\u011b da\u0159\u00ed \u017eiv\u00e9mu mo\u0159sk\u00e9mu \u017eivotu. Po cest\u011b v\u00e1m n\u00e1\u0161 znal\u00fd m\u00edstn\u00ed pr\u016fvodce bude vypr\u00e1v\u011bt poutav\u00e9 p\u0159\u00edb\u011bhy a zaj\u00edmav\u00e1 fakta o bohat\u00e9 historii a ekologii ostrova, \u010d\u00edm\u017e prohloub\u00ed v\u00e1\u0161 obdiv k tomuto tropick\u00e9mu r\u00e1ji.<\/p>\n<p>Jedn\u00edm z klenot\u016f ostrova Saona je pl\u00e1\u017e Fanatics, zn\u00e1m\u00e1 sv\u00fdmi rozlehl\u00fdmi \u00faseky b\u00edl\u00e9ho p\u00edsku a teplou tyrkysovou vodou. Palmy se jemn\u011b pohupuj\u00ed ve v\u011btru a vytv\u00e1\u0159ej\u00ed klidnou atmosf\u00e9ru, kter\u00e1 p\u0159\u00edmo vyb\u00edz\u00ed k opalov\u00e1n\u00ed, leno\u0161en\u00ed v jemn\u00e9m p\u00edsku nebo osv\u011b\u017euj\u00edc\u00edmu koup\u00e1n\u00ed v nedot\u010den\u00e9 vod\u011b. Toto idylick\u00e9 prost\u0159ed\u00ed je jako stvo\u0159en\u00e9 pro relaxaci, skute\u010dn\u00fd \u00fanik do r\u00e1je.<\/p>","protected":false},"excerpt":{"rendered":"<div data-track=\"overview\" data-v-83a2b402=\"\">\n<section id=\"activity-overview\" class=\"activity-overview\" data-component=\"overview\" data-v-83a2b402=\"\" data-v-f3236c42=\"\">\n<p class=\"activity-overview__content\" data-test-id=\"activity-overview-content\" data-v-f3236c42=\"\">Odpo\u010di\u0148te si v jedine\u010dn\u00e9m dominik\u00e1nsk\u00e9m prost\u0159ed\u00ed p\u0159i tomto v\u00fdletu na ostrov Saona z Punta Cany. \u010cekaj\u00ed na v\u00e1s pl\u00e1\u017ee s k\u0159i\u0161\u0165\u00e1lov\u011b \u010distou vodou a divokou vegetac\u00ed, abyste si mohli u\u017e\u00edt v\u00fdjime\u010dn\u00fd den.<\/p>\n<\/section>\n<\/div>\n<div data-track=\"key-details\" data-v-83a2b402=\"\"><\/div>","protected":false},"featured_media":17552,"template":"","meta":[],"product_brand":[],"product_cat":[97,98],"product_tag":[101,102],"class_list":{"0":"post-17364","1":"product","2":"type-product","3":"status-publish","4":"has-post-thumbnail","6":"product_cat-dominican-republic","7":"product_cat-saona-island","8":"product_tag-excursion","9":"product_tag-tour","11":"first","12":"instock","13":"sale","14":"shipping-taxable","15":"product-type-external"},"_links":{"self":[{"href":"https:\/\/placessites.com\/cs\/wp-json\/wp\/v2\/product\/17364","targetHints":{"allow":["GET"]}}],"collection":[{"href":"https:\/\/placessites.com\/cs\/wp-json\/wp\/v2\/product"}],"about":[{"href":"https:\/\/placessites.com\/cs\/wp-json\/wp\/v2\/types\/product"}],"wp:featuredmedia":[{"embeddable":true,"href":"https:\/\/placessites.com\/cs\/wp-json\/wp\/v2\/media\/17552"}],"wp:attachment":[{"href":"https:\/\/placessites.com\/cs\/wp-json\/wp\/v2\/media?parent=17364"}],"wp:term":[{"taxonomy":"product_brand","embeddable":true,"href":"https:\/\/placessites.com\/cs\/wp-json\/wp\/v2\/product_brand?post=17364"},{"taxonomy":"product_cat","embeddable":true,"href":"https:\/\/placessites.com\/cs\/wp-json\/wp\/v2\/product_cat?post=17364"},{"taxonomy":"product_tag","embeddable":true,"href":"https:\/\/placessites.com\/cs\/wp-json\/wp\/v2\/product_tag?post=17364"}],"curies":[{"name":"wp","href":"https:\/\/api.w.org\/{rel}","templated":true}]}}