{"id":17281,"date":"2025-12-18T14:30:16","date_gmt":"2025-12-18T14:30:16","guid":{"rendered":"https:\/\/placessites.com\/?post_type=product&#038;p=17281"},"modified":"2026-02-14T04:03:19","modified_gmt":"2026-02-14T04:03:19","slug":"ostrov-saona-neuveritelny-den-s-bufetem-z-punta-cana","status":"publish","type":"product","link":"https:\/\/placessites.com\/cs\/prohlidka\/ostrov-saona-neuveritelny-den-s-bufetem-z-punta-cana\/","title":{"rendered":"Ostrov Saona: S bufetem z Punta Cana"},"content":{"rendered":"<h2>Ostrov Saona: S bufetem z Punta Cana<\/h2>\n<p>Uvnit\u0159 velkolep\u00e9ho V\u00fdchodn\u00edho n\u00e1rodn\u00edho parku se nach\u00e1z\u00ed v\u00fdjime\u010dn\u00e1 destinace opl\u00fdvaj\u00edc\u00ed ohromuj\u00edc\u00edmi p\u0159\u00edrodn\u00edmi kr\u00e1sami. M\u016f\u017eete se zde pono\u0159it do rozmanit\u00e9ho ekosyst\u00e9mu mangrovov\u00fdch porost\u016f, \u017eiv\u00fdch kor\u00e1lov\u00fdch \u00fates\u016f a \u00fa\u017easn\u00fdch pl\u00e1\u017e\u00ed, jako je Palmilla, proslul\u00e1 jemn\u00fdm zlatav\u00fdm p\u00edskem, kter\u00fd se t\u0159pyt\u00ed pod sluncem, a to v\u0161e r\u00e1muj\u00ed ladn\u00e9 siluety palem arracacha, kter\u00e9 se jemn\u011b pohupuj\u00ed ve v\u011btru.<\/p>\n<p>P\u0159i pr\u016fzkumu naraz\u00edte na nespo\u010det hv\u011bzdic rozeset\u00fdch po p\u00edse\u010dn\u00fdch b\u0159ez\u00edch, z nich\u017e ka\u017ed\u00e1 je mal\u00fdm mistrovsk\u00fdm d\u00edlem p\u0159\u00edrody a nepopirateln\u00fdm spr\u00e1vcem t\u00e9to okouzluj\u00edc\u00ed lokality. Ostrov Saona slou\u017e\u00ed jako n\u00e1dhern\u00e9 \u00fato\u010di\u0161t\u011b pro nespo\u010det n\u00e1v\u0161t\u011bvn\u00edk\u016f Punta Cany a my v\u00e1m zaru\u010dujeme, \u017ee n\u00e1v\u0161t\u011bva tohoto ostrova v\u00e1m vryje do pam\u011bti nezapomenuteln\u00e9 z\u00e1\u017eitky z dovolen\u00e9.<\/p>\n<p>Tento idylick\u00fd v\u00fdlet je ide\u00e1ln\u00ed pro v\u0161echny - rodiny, p\u0159\u00e1tele i romantiky. Jakmile vstoup\u00edte na ostrov, m\u016f\u017eete se propl\u00e9tat klidn\u00fdm p\u0159\u00edrodn\u00edm baz\u00e9nem, kde v\u00e1m jemn\u00e9 vody Karibsk\u00e9ho mo\u0159e om\u00fdvaj\u00ed nohy a nab\u00edzej\u00ed klidnou o\u00e1zu bez vln, kter\u00e9 na v\u00e1s nar\u00e1\u017eej\u00ed.<\/p>\n<p>Nav\u00edc budete m\u00edt mo\u017enost vychutnat si lahodn\u00e9 pokrmy p\u0159\u00edmo u tohoto tropick\u00e9ho r\u00e1je, pop\u00edjet osv\u011b\u017euj\u00edc\u00ed mojito a dokonce se zapojit do \u017eiv\u00fdch tanc\u016f pod veden\u00edm na\u0161eho poutav\u00e9ho t\u00fdmu anim\u00e1tor\u016f, co\u017e v\u00e1m p\u0159inese chv\u00edle radosti a spojen\u00ed, kter\u00e9 budou p\u0159etrv\u00e1vat je\u0161t\u011b dlouho po va\u0161\u00ed n\u00e1v\u0161t\u011bv\u011b.<\/p>","protected":false},"excerpt":{"rendered":"<p>Saona Island: Incredible day With buffet from Punta Cana Nestled within the spectacular Eastern National Park lies an extraordinary destination teeming with stunning natural beauty. Here, you can immerse yourself in a diverse ecosystem of mangroves, vibrant coral reefs, and stunning beaches like Palmilla, renowned for its soft, golden sands that glisten under the sun, [&hellip;]<\/p>\n","protected":false},"featured_media":17323,"template":"","meta":[],"product_brand":[],"product_cat":[97,98],"product_tag":[101,102],"class_list":{"0":"post-17281","1":"product","2":"type-product","3":"status-publish","4":"has-post-thumbnail","6":"product_cat-dominican-republic","7":"product_cat-saona-island","8":"product_tag-excursion","9":"product_tag-tour","11":"first","12":"instock","13":"sale","14":"shipping-taxable","15":"product-type-external"},"_links":{"self":[{"href":"https:\/\/placessites.com\/cs\/wp-json\/wp\/v2\/product\/17281","targetHints":{"allow":["GET"]}}],"collection":[{"href":"https:\/\/placessites.com\/cs\/wp-json\/wp\/v2\/product"}],"about":[{"href":"https:\/\/placessites.com\/cs\/wp-json\/wp\/v2\/types\/product"}],"wp:featuredmedia":[{"embeddable":true,"href":"https:\/\/placessites.com\/cs\/wp-json\/wp\/v2\/media\/17323"}],"wp:attachment":[{"href":"https:\/\/placessites.com\/cs\/wp-json\/wp\/v2\/media?parent=17281"}],"wp:term":[{"taxonomy":"product_brand","embeddable":true,"href":"https:\/\/placessites.com\/cs\/wp-json\/wp\/v2\/product_brand?post=17281"},{"taxonomy":"product_cat","embeddable":true,"href":"https:\/\/placessites.com\/cs\/wp-json\/wp\/v2\/product_cat?post=17281"},{"taxonomy":"product_tag","embeddable":true,"href":"https:\/\/placessites.com\/cs\/wp-json\/wp\/v2\/product_tag?post=17281"}],"curies":[{"name":"wp","href":"https:\/\/api.w.org\/{rel}","templated":true}]}}