{"id":17231,"date":"2025-12-18T14:28:17","date_gmt":"2025-12-18T14:28:17","guid":{"rendered":"https:\/\/placessites.com\/?post_type=product&#038;p=17231"},"modified":"2026-02-14T04:02:44","modified_gmt":"2026-02-14T04:02:44","slug":"exkurze-na-ostrov-bayahibe-saona","status":"publish","type":"product","link":"https:\/\/placessites.com\/cs\/prohlidka\/exkurze-na-ostrov-bayahibe-saona\/","title":{"rendered":"Bayahibe: Exkurze na ostrov Saona"},"content":{"rendered":"<h3>Bayahibe: Exkurze na ostrov Saona<\/h3>\n<p>Vydejte se na klidn\u00fd a pohodln\u00fd transfer z hotelu v Bayahibe, kde na palub\u011b prostorn\u00e9ho katamar\u00e1nu nebo rychl\u00e9ho \u010dlunu zah\u00e1j\u00edte sv\u00e9 dobrodru\u017estv\u00ed. A\u017e vyplujete od pulzuj\u00edc\u00edch b\u0159eh\u016f Bayahibe, p\u0159ipravte se na \u00fachvatn\u00e9 v\u00fdhledy na ostrov Saona, kter\u00fd se nach\u00e1z\u00ed v \u00fachvatn\u00e9m V\u00fdchodn\u00edm n\u00e1rodn\u00edm parku.<\/p>\n<p>Po p\u0159\u00edjezdu na ostrov se pono\u0159te do nedot\u010den\u00e9 kr\u00e1sy b\u00edl\u00fdch p\u00edse\u010dn\u00fdch pl\u00e1\u017e\u00ed a k\u0159i\u0161\u0165\u00e1lov\u011b \u010dist\u00e9 tyrkysov\u00e9 vody. Cel\u00fd den se m\u016f\u017eete v\u011bnovat r\u016fzn\u00fdm z\u00e1bavn\u00fdm aktivit\u00e1m - radostn\u011b plavat v mo\u0159i, tan\u010dit na \u017eiv\u00e9 rytmy a zapojit se do pl\u00e1\u017eov\u00fdch her, kter\u00e9 slibuj\u00ed nekone\u010dnou z\u00e1bavu.<\/p>\n<p>S bl\u00ed\u017e\u00edc\u00edm se polednem pot\u011b\u0161\u00edte sv\u00e9 chu\u0165ov\u00e9 bu\u0148ky lahodn\u00fdm ob\u011bdem na grilu, kter\u00fd je odborn\u011b p\u0159ipraven k dokonalosti, a vychutn\u00e1te si tak m\u00edstn\u00ed chut\u011b. Pot\u00e9 si ud\u011blejte \u010das na prohl\u00eddku p\u016fvabn\u00fdch obch\u016fdk\u016f se suven\u00fdry, kde najdete jedine\u010dn\u00e9 suven\u00fdry na pam\u00e1tku, nebo si jednodu\u0161e odpo\u010di\u0148te u osv\u011b\u017euj\u00edc\u00edho koktejlu, zat\u00edmco v\u00e1s bude hladit jemn\u00fd mo\u0159sk\u00fd v\u00e1nek.<\/p>\n<p>Na zp\u00e1te\u010dn\u00ed cest\u011b se nezapome\u0148te zastavit u n\u00e1dhern\u00e9ho p\u0159\u00edrodn\u00edho koupali\u0161t\u011b, jeho\u017e voda se l\u00e1kav\u011b t\u0159pyt\u00ed a poskytuje malebnou kulisu k odpo\u010dinku a obdivu. Po plnohodnotn\u00e9m dni str\u00e1ven\u00e9m nas\u00e1v\u00e1n\u00edm okouzluj\u00edc\u00ed atmosf\u00e9ry ostrova se s pocitem omlazen\u00ed a klidu vyd\u00e1te zp\u011bt do v\u00fdchoz\u00edho bodu a u\u017eijete si odpo\u010dinkovou cestu zp\u011bt do hotelu.<\/p>","protected":false},"excerpt":{"rendered":"<div data-track=\"overview\" data-v-83a2b402=\"\">\n<section id=\"activity-overview\" class=\"activity-overview\" data-component=\"overview\" data-v-83a2b402=\"\" data-v-f3236c42=\"\">\n<p class=\"activity-overview__content\" data-test-id=\"activity-overview-content\" data-v-f3236c42=\"\">Nalo\u010fte se na katamar\u00e1n (nebo motorov\u00fd \u010dlun) a u\u017eijte si slavn\u00fd ostrov Saona b\u011bhem celodenn\u00edho v\u00fdletu s pr\u016fvodcem a ob\u011bdem na grilu.<\/p>\n<\/section>\n<\/div>\n<div data-track=\"key-details\" data-v-83a2b402=\"\"><\/div>","protected":false},"featured_media":17283,"template":"","meta":[],"product_brand":[],"product_cat":[97,98],"product_tag":[101,102],"class_list":{"0":"post-17231","1":"product","2":"type-product","3":"status-publish","4":"has-post-thumbnail","6":"product_cat-dominican-republic","7":"product_cat-saona-island","8":"product_tag-excursion","9":"product_tag-tour","11":"first","12":"instock","13":"sale","14":"shipping-taxable","15":"product-type-external"},"_links":{"self":[{"href":"https:\/\/placessites.com\/cs\/wp-json\/wp\/v2\/product\/17231","targetHints":{"allow":["GET"]}}],"collection":[{"href":"https:\/\/placessites.com\/cs\/wp-json\/wp\/v2\/product"}],"about":[{"href":"https:\/\/placessites.com\/cs\/wp-json\/wp\/v2\/types\/product"}],"wp:featuredmedia":[{"embeddable":true,"href":"https:\/\/placessites.com\/cs\/wp-json\/wp\/v2\/media\/17283"}],"wp:attachment":[{"href":"https:\/\/placessites.com\/cs\/wp-json\/wp\/v2\/media?parent=17231"}],"wp:term":[{"taxonomy":"product_brand","embeddable":true,"href":"https:\/\/placessites.com\/cs\/wp-json\/wp\/v2\/product_brand?post=17231"},{"taxonomy":"product_cat","embeddable":true,"href":"https:\/\/placessites.com\/cs\/wp-json\/wp\/v2\/product_cat?post=17231"},{"taxonomy":"product_tag","embeddable":true,"href":"https:\/\/placessites.com\/cs\/wp-json\/wp\/v2\/product_tag?post=17231"}],"curies":[{"name":"wp","href":"https:\/\/api.w.org\/{rel}","templated":true}]}}