{"id":16923,"date":"2025-12-18T14:13:37","date_gmt":"2025-12-18T14:13:37","guid":{"rendered":"https:\/\/placessites.com\/?post_type=product&#038;p=16923"},"modified":"2025-12-18T14:16:27","modified_gmt":"2025-12-18T14:16:27","slug":"aventura-exotica-a-isla-saona-paraiso-en-la-piscina-natural","status":"publish","type":"product","link":"https:\/\/placessites.com\/cs\/prohlidka\/aventura-exotica-a-isla-saona-paraiso-en-la-piscina-natural\/","title":{"rendered":"Aventura Ex\u00f3tica a Isla Saona: Para\u00edso en la Piscina Natural"},"content":{"rendered":"<h2>Aventura Ex\u00f3tica a Isla Saona: Para\u00edso en la Piscina Natural<\/h2>\n<p>Poznejte okouzluj\u00edc\u00ed kr\u00e1sy ostrova Saona na nezapomenuteln\u00e9 cest\u011b z m\u011bsta Santo Domingo, kter\u00e1 je dokonale uzp\u016fsobena pro ty, kdo si cen\u00ed p\u0159\u00edrody a kultury. Va\u0161e dobrodru\u017estv\u00ed za\u010d\u00edn\u00e1 hladk\u00fdm a pohodln\u00fdm p\u0159esunem do p\u016fvabn\u00e9 ryb\u00e1\u0159sk\u00e9 vesnice Bayahibe, kde se nalod\u00edte bu\u010f na luxusn\u00ed katamar\u00e1n, nebo na rychlou lo\u010f a vyd\u00e1te se sm\u011brem k \u00fachvatn\u00e9mu ostrovu. B\u011bhem plavby po saf\u00edrov\u00fdch vod\u00e1ch Karibsk\u00e9ho mo\u0159e se m\u016f\u017eete kochat \u00fachvatn\u00fdmi v\u00fdhledy na pob\u0159e\u017e\u00ed a zapojit se do \u017eiv\u00fdch aktivit na palub\u011b, kter\u00e9 vytv\u00e1\u0159ej\u00ed radostnou atmosf\u00e9ru mezi spolucestuj\u00edc\u00edmi.<\/p>\n<p>Po p\u0159\u00edjezdu na ostrov Saona v\u00e1s p\u0159iv\u00edtaj\u00ed nedot\u010den\u00e9 pl\u00e1\u017ee s b\u00edl\u00fdm p\u00edskem, kter\u00e9 se t\u00e1hnou nekone\u010dn\u011b dlouho a kter\u00e9 l\u00edbaj\u00ed azurov\u00e9 vlny. Na chv\u00edli si odpo\u010di\u0148te v r\u00e1ji, kdy\u017e zabo\u0159\u00edte prsty do jemn\u00e9ho p\u00edsku, nebo se pono\u0159te do l\u00e1kav\u00fdch vod a objevte \u017eiv\u00fd podmo\u0159sk\u00fd \u017eivot, kter\u00fd buj\u00ed pod hladinou. Za\u017eijte vzru\u0161en\u00ed p\u0159i koup\u00e1n\u00ed v proslul\u00fdch p\u0159\u00edrodn\u00edch baz\u00e9nech ostrova, kde jedine\u010dn\u00fd ekosyst\u00e9m nab\u00edz\u00ed vz\u00e1cn\u00fd pohled na z\u00e1zraky p\u0159\u00edrody.<\/p>\n<p>V\u00fdlet nejen ukoj\u00ed va\u0161i touhu po dobrodru\u017estv\u00ed, ale tak\u00e9 pot\u011b\u0161\u00ed va\u0161e chu\u0165ov\u00e9 bu\u0148ky. Vychutnejte si lahodn\u00fd tradi\u010dn\u00ed dominik\u00e1nsk\u00fd ob\u011bd pod\u00e1van\u00fd p\u0159\u00edmo na pl\u00e1\u017ei, kter\u00fd zahrnuje \u0159adu \u010derstv\u00fdch mo\u0159sk\u00fdch plod\u016f, \u0161\u0165avnat\u00e9 maso a chutn\u00e9 p\u0159\u00edlohy, kter\u00e9 jsou p\u0159ipraveny tak, aby pot\u011b\u0161ily va\u0161e chu\u0165ov\u00e9 poh\u00e1rky, zat\u00edmco se budete vyh\u0159\u00edvat na slunci.<\/p>\n<p>Tento z\u00e1jezd je typickou kombinac\u00ed vzru\u0161uj\u00edc\u00edho dobrodru\u017estv\u00ed, klidn\u00e9ho odpo\u010dinku a bohat\u00fdch kulturn\u00edch z\u00e1\u017eitk\u016f, to v\u0161e v jednom dni pod sluncem. Vyu\u017eijte p\u0159\u00edle\u017eitosti a vytvo\u0159te si v tomto tropick\u00e9m r\u00e1ji trval\u00e9 vzpom\u00ednky. Rezervujte si m\u00edsto na t\u00e9to neuv\u011b\u0159iteln\u00e9 cest\u011b do r\u00e1je!<\/p>\n<div id=\"gtx-trans\" style=\"position: absolute; left: 358px; top: 61.9062px;\">\n<div class=\"gtx-trans-icon\"><\/div>\n<\/div>","protected":false},"excerpt":{"rendered":"<div data-track=\"overview\" data-v-83a2b402=\"\">\n<section id=\"activity-overview\" class=\"activity-overview\" data-component=\"overview\" data-v-83a2b402=\"\" data-v-f3236c42=\"\">\n<p class=\"activity-overview__content\" data-test-id=\"activity-overview-content\" data-v-f3236c42=\"\">Prozkoumejte \u00fachvatn\u00fd ostrov Saona ze Santo Dominga b\u011bhem v\u00fdletu, kter\u00fd zahrnuje chutn\u00fd ob\u011bd. U\u017eijte si celodenn\u00ed dobrodru\u017estv\u00ed, kter\u00e9 za\u010d\u00edn\u00e1 pohodln\u00fdm transferem do Bayahibe.<\/p>\n<\/section>\n<\/div>\n<div data-track=\"key-details\" data-v-83a2b402=\"\"><\/div>","protected":false},"featured_media":16962,"template":"","meta":[],"product_brand":[],"product_cat":[97,98],"product_tag":[101,102],"class_list":{"0":"post-16923","1":"product","2":"type-product","3":"status-publish","4":"has-post-thumbnail","6":"product_cat-dominican-republic","7":"product_cat-saona-island","8":"product_tag-excursion","9":"product_tag-tour","11":"first","12":"instock","13":"sale","14":"shipping-taxable","15":"product-type-external"},"_links":{"self":[{"href":"https:\/\/placessites.com\/cs\/wp-json\/wp\/v2\/product\/16923","targetHints":{"allow":["GET"]}}],"collection":[{"href":"https:\/\/placessites.com\/cs\/wp-json\/wp\/v2\/product"}],"about":[{"href":"https:\/\/placessites.com\/cs\/wp-json\/wp\/v2\/types\/product"}],"wp:featuredmedia":[{"embeddable":true,"href":"https:\/\/placessites.com\/cs\/wp-json\/wp\/v2\/media\/16962"}],"wp:attachment":[{"href":"https:\/\/placessites.com\/cs\/wp-json\/wp\/v2\/media?parent=16923"}],"wp:term":[{"taxonomy":"product_brand","embeddable":true,"href":"https:\/\/placessites.com\/cs\/wp-json\/wp\/v2\/product_brand?post=16923"},{"taxonomy":"product_cat","embeddable":true,"href":"https:\/\/placessites.com\/cs\/wp-json\/wp\/v2\/product_cat?post=16923"},{"taxonomy":"product_tag","embeddable":true,"href":"https:\/\/placessites.com\/cs\/wp-json\/wp\/v2\/product_tag?post=16923"}],"curies":[{"name":"wp","href":"https:\/\/api.w.org\/{rel}","templated":true}]}}