{"id":16876,"date":"2025-12-18T14:11:24","date_gmt":"2025-12-18T14:11:24","guid":{"rendered":"https:\/\/placessites.com\/?post_type=product&#038;p=16876"},"modified":"2026-02-14T03:53:35","modified_gmt":"2026-02-14T03:53:35","slug":"cely-den-na-ostrove-catalina-ze-santo-dominga","status":"publish","type":"product","link":"https:\/\/placessites.com\/cs\/prohlidka\/cely-den-na-ostrove-catalina-ze-santo-dominga\/","title":{"rendered":"Celodenn\u00ed pobyt na ostrov\u011b Catalina ze Santo Dominga"},"content":{"rendered":"<p>Vydejte se s n\u00e1mi na vzru\u0161uj\u00edc\u00ed dobrodru\u017estv\u00ed pln\u00e9 emoc\u00ed! Za\u017eijte dv\u011b vzru\u0161uj\u00edc\u00ed \u0161norchlovac\u00ed zast\u00e1vky, jednu pod\u00e9l \u00fachvatn\u00e9 kor\u00e1lov\u00e9 st\u011bny cestou na ostrov Catalina a druhou u nedot\u010den\u00e9 pl\u00e1\u017ee. Dop\u0159ejte si bohat\u00fd dominik\u00e1nsk\u00fd ob\u011bd formou bufetu.<\/p>\n<p>Va\u0161e cesta za\u010d\u00edn\u00e1 pohodln\u00fdm vyzvednut\u00edm a n\u00e1slednou p\u0159epravou ze Santo Dominga do p\u0159\u00edstavu La Marina of La Roma. Tam na v\u00e1s \u010dek\u00e1 lo\u010f, kter\u00e1 v\u00e1s p\u0159eveze na ostrov a kter\u00e1 vyplouv\u00e1 mezi 9:50 a 10:00 a vrac\u00ed se kolem 15:00. Po p\u0159\u00edjezdu do star\u00e9ho p\u0159\u00edstavu v La Roman\u011b se vydejte k prvn\u00edmu c\u00edli \u0161norchlov\u00e1n\u00ed. Nenechte si uj\u00edt p\u0159\u00edle\u017eitost prozkoumat fascinuj\u00edc\u00ed podmo\u0159sk\u00fd sv\u011bt.<\/p>\n<div class=\"toggle-content__content toggle-content__content--expanded toggle-content__content--packable\" data-v-59485d64=\"\">\n<div data-test-id=\"activity-full-description-text\" data-v-5835c99c=\"\">Pot\u00e9 se vydejte na soukromou pl\u00e1\u017e ostrova Catalina a za\u017eijte dal\u0161\u00ed nezapomenuteln\u00fd z\u00e1\u017eitek ze \u0161norchlov\u00e1n\u00ed. Upozor\u0148ujeme, \u017ee \u0161norchlov\u00e1n\u00ed je nepovinn\u00e9, ale pro umocn\u011bn\u00ed z\u00e1\u017eitku se doporu\u010duje.<\/div>\n<\/div>\n<div class=\"toggle-content__label-placeholder\" data-v-59485d64=\"\"><\/div>","protected":false},"excerpt":{"rendered":"<div data-track=\"overview\" data-v-83a2b402=\"\">\n<section id=\"activity-overview\" class=\"activity-overview\" data-component=\"overview\" data-v-83a2b402=\"\" data-v-f3236c42=\"\">\n<p class=\"activity-overview__content\" data-test-id=\"activity-overview-content\" data-v-f3236c42=\"\">Vydejte se na celodenn\u00ed v\u00fdlet ze Santo Dominga na ostrov Catalina. \u0160norchlujte na dvou r\u016fzn\u00fdch m\u00edstech, vychutnejte si bohat\u00fd dominik\u00e1nsk\u00fd ob\u011bd formou bufetu a relaxujte na soukrom\u00e9 pl\u00e1\u017ei.<\/p>\n<\/section>\n<\/div>\n<div data-track=\"key-details\" data-v-83a2b402=\"\"><\/div>","protected":false},"featured_media":16897,"template":"","meta":[],"product_brand":[],"product_cat":[97],"product_tag":[101,102],"class_list":{"0":"post-16876","1":"product","2":"type-product","3":"status-publish","4":"has-post-thumbnail","6":"product_cat-dominican-republic","7":"product_tag-excursion","8":"product_tag-tour","10":"first","11":"instock","12":"shipping-taxable","13":"product-type-external"},"_links":{"self":[{"href":"https:\/\/placessites.com\/cs\/wp-json\/wp\/v2\/product\/16876","targetHints":{"allow":["GET"]}}],"collection":[{"href":"https:\/\/placessites.com\/cs\/wp-json\/wp\/v2\/product"}],"about":[{"href":"https:\/\/placessites.com\/cs\/wp-json\/wp\/v2\/types\/product"}],"wp:featuredmedia":[{"embeddable":true,"href":"https:\/\/placessites.com\/cs\/wp-json\/wp\/v2\/media\/16897"}],"wp:attachment":[{"href":"https:\/\/placessites.com\/cs\/wp-json\/wp\/v2\/media?parent=16876"}],"wp:term":[{"taxonomy":"product_brand","embeddable":true,"href":"https:\/\/placessites.com\/cs\/wp-json\/wp\/v2\/product_brand?post=16876"},{"taxonomy":"product_cat","embeddable":true,"href":"https:\/\/placessites.com\/cs\/wp-json\/wp\/v2\/product_cat?post=16876"},{"taxonomy":"product_tag","embeddable":true,"href":"https:\/\/placessites.com\/cs\/wp-json\/wp\/v2\/product_tag?post=16876"}],"curies":[{"name":"wp","href":"https:\/\/api.w.org\/{rel}","templated":true}]}}