{"id":16561,"date":"2025-12-18T13:57:02","date_gmt":"2025-12-18T13:57:02","guid":{"rendered":"https:\/\/placessites.com\/?post_type=product&#038;p=16561"},"modified":"2026-02-14T03:36:35","modified_gmt":"2026-02-14T03:36:35","slug":"-591","status":"publish","type":"product","link":"https:\/\/placessites.com\/cs\/prohlidka\/-591\/","title":{"rendered":"Z Punta Cany: Celodenn\u00ed prohl\u00eddka ostrova Saona s j\u00eddlem a pit\u00edm"},"content":{"rendered":"<h2>Z Punta Cany: Celodenn\u00ed prohl\u00eddka ostrova Saona s j\u00eddlem a pit\u00edm<\/h2>\n<p>Za\u017eijte vzru\u0161uj\u00edc\u00ed celodenn\u00ed v\u00fdlet na ostrov Saona, kde si m\u016f\u017eete odpo\u010dinout na katamar\u00e1nu, relaxovat na n\u00e1dhern\u00e9 pl\u00e1\u017ei a vychutnat si lahodn\u00fd ob\u011bd formou bufetu s m\u00edstn\u00ed kuchyn\u00ed.<\/p>\n<p>V\u00e1\u0161 den za\u010d\u00edn\u00e1 vyzvednut\u00edm v hotelu a n\u00e1sledn\u00fdm p\u0159esunem do autobusu sm\u011b\u0159uj\u00edc\u00edho do Bayahibe. Po cest\u011b budete m\u00edt mo\u017enost zastavit se a zakoupit suven\u00fdry. Po p\u0159\u00edjezdu do Bayahibe nastoup\u00edte na motorov\u00fd \u010dlun, kter\u00fd v\u00e1s odveze na ostrov Saona.<\/p>\n<p>B\u011bhem prohl\u00eddky budete m\u00edt mo\u017enost vykoupat se v kr\u00e1sn\u00e9m p\u0159\u00edrodn\u00edm baz\u00e9nu a pot\u00e9 pokra\u010dovat v cest\u011b na ostrov. Tam si u\u017eijete t\u0159i hodiny voln\u00e9ho \u010dasu na pl\u00e1\u017ei, koup\u00e1n\u00ed a ob\u011bd formou bufetu. Po odpo\u010dinkov\u00e9m dni se vr\u00e1t\u00edte do Bayahibe na luxusn\u00edm katamar\u00e1nu a pot\u00e9 se vr\u00e1t\u00edte do sv\u00e9ho hotelu, kde v\u00fdlet zakon\u010d\u00edte.<\/p>\n<div class=\"toggle-content__label-placeholder\" data-v-59485d64=\"\"><\/div>","protected":false},"excerpt":{"rendered":"<div data-track=\"overview\" data-v-83a2b402=\"\">\n<section id=\"activity-overview\" class=\"activity-overview\" data-component=\"overview\" data-v-83a2b402=\"\" data-v-f3236c42=\"\">\n<p class=\"activity-overview__content\" data-test-id=\"activity-overview-content\" data-v-f3236c42=\"\">Prozkoumejte ostrov Saona a prohl\u00e9dn\u011bte si n\u011bkter\u00e9 z kr\u00e1sn\u00fdch pam\u00e1tek, kter\u00e9 ostrov nab\u00edz\u00ed. Zaplavte si v p\u0159\u00edrodn\u00edch baz\u00e9nech, u\u017eijte si \u010das na pl\u00e1\u017ei, odpo\u010di\u0148te si na katamar\u00e1nu a poob\u011bdvejte v bufetu s dominik\u00e1nskou kuchyn\u00ed.<\/p>\n<\/section>\n<\/div>\n<div data-track=\"key-details\" data-v-83a2b402=\"\"><\/div>","protected":false},"featured_media":16594,"template":"","meta":[],"product_brand":[],"product_cat":[97,98],"product_tag":[101,102],"class_list":{"0":"post-16561","1":"product","2":"type-product","3":"status-publish","4":"has-post-thumbnail","6":"product_cat-dominican-republic","7":"product_cat-saona-island","8":"product_tag-excursion","9":"product_tag-tour","11":"first","12":"instock","13":"sale","14":"shipping-taxable","15":"product-type-external"},"_links":{"self":[{"href":"https:\/\/placessites.com\/cs\/wp-json\/wp\/v2\/product\/16561","targetHints":{"allow":["GET"]}}],"collection":[{"href":"https:\/\/placessites.com\/cs\/wp-json\/wp\/v2\/product"}],"about":[{"href":"https:\/\/placessites.com\/cs\/wp-json\/wp\/v2\/types\/product"}],"wp:featuredmedia":[{"embeddable":true,"href":"https:\/\/placessites.com\/cs\/wp-json\/wp\/v2\/media\/16594"}],"wp:attachment":[{"href":"https:\/\/placessites.com\/cs\/wp-json\/wp\/v2\/media?parent=16561"}],"wp:term":[{"taxonomy":"product_brand","embeddable":true,"href":"https:\/\/placessites.com\/cs\/wp-json\/wp\/v2\/product_brand?post=16561"},{"taxonomy":"product_cat","embeddable":true,"href":"https:\/\/placessites.com\/cs\/wp-json\/wp\/v2\/product_cat?post=16561"},{"taxonomy":"product_tag","embeddable":true,"href":"https:\/\/placessites.com\/cs\/wp-json\/wp\/v2\/product_tag?post=16561"}],"curies":[{"name":"wp","href":"https:\/\/api.w.org\/{rel}","templated":true}]}}