{"id":16460,"date":"2025-12-18T13:51:56","date_gmt":"2025-12-18T13:51:56","guid":{"rendered":"https:\/\/placessites.com\/?post_type=product&#038;p=16460"},"modified":"2026-02-14T03:33:33","modified_gmt":"2026-02-14T03:33:33","slug":"vylet-na-ostrov-saona-s-obedem-ze-santo-dominga","status":"publish","type":"product","link":"https:\/\/placessites.com\/cs\/prohlidka\/vylet-na-ostrov-saona-s-obedem-ze-santo-dominga\/","title":{"rendered":"Prohl\u00eddka ostrova Saona s ob\u011bdem ze Santo Dominga"},"content":{"rendered":"<div class=\"toggle-content__content toggle-content__content--expanded toggle-content__content--packable\" data-v-59485d64=\"\">\n<div data-test-id=\"activity-full-description-text\" data-v-5835c99c=\"\">\n<p>Prohl\u00eddka ostrova Saona s ob\u011bdem ze Santo Dominga<\/p>\n<p>Vydejte se na \u00fachvatnou cestu s na\u0161\u00ed prohl\u00eddkou ostrova Saona, kde na v\u00e1s \u010dek\u00e1 okouzluj\u00edc\u00ed Karibik. Va\u0161e dobrodru\u017estv\u00ed za\u010d\u00edn\u00e1 v okouzluj\u00edc\u00ed vesnici Bayahibe a za\u010d\u00edn\u00e1 vzru\u0161uj\u00edc\u00ed j\u00edzdou na motorov\u00e9m \u010dlunu a katamar\u00e1nu, kter\u00e9 v\u00e1s budou un\u00e1\u0161et p\u0159es t\u0159pytiv\u00e9 tyrkysov\u00e9 vody, obklopen\u00e9 dramatick\u00fdmi pob\u0159e\u017en\u00edmi scen\u00e9riemi a jemn\u00fdm mo\u0159sk\u00fdm v\u00e1nkem.<\/p>\n<p>P\u0159i cest\u011b na ostrov Saona se p\u0159ipravte na pono\u0159en\u00ed do n\u00e1dhern\u00e9ho p\u0159\u00edrodn\u00edho koupali\u0161t\u011b, kter\u00e9 je \u00fa\u017easnou o\u00e1zou mezi ostrovem a Bayahibe. K\u0159i\u0161\u0165\u00e1lov\u011b \u010dist\u00e1 voda baz\u00e9nu je jako stvo\u0159en\u00e1 pro osv\u011b\u017euj\u00edc\u00ed koup\u00e1n\u00ed, p\u0159i kter\u00e9m m\u016f\u017eete obdivovat \u017eiv\u00fd podmo\u0159sk\u00fd \u017eivot pod hladinou.<\/p>\n<p>Jakmile doraz\u00edte na ostrov Saona, projd\u011bte se po jeho neposkvrn\u011bn\u00fdch pl\u00e1\u017e\u00edch, kde se jemn\u00fd b\u00edl\u00fd p\u00edsek snoub\u00ed s azurov\u00fdm mo\u0159em. Zde budete m\u00edt p\u0159\u00edle\u017eitost sb\u00edrat jedine\u010dn\u00e9 mu\u0161le, z nich\u017e ka\u017ed\u00e1 je mal\u00fdm pokladem p\u0159\u00edrody. Dop\u0159ejte si bohat\u00fd ob\u011bd formou bufetu v dominik\u00e1nsk\u00e9m stylu, kter\u00fd zahrnuje \u0159adu m\u00edstn\u00edch pokrm\u016f, a p\u0159itom se kochejte \u00fachvatn\u00fdm v\u00fdhledem na oce\u00e1n a pohupuj\u00edc\u00ed se palmy.<\/p>\n<p>V pr\u016fb\u011bhu dne se m\u016f\u017eete vr\u00e1tit na palubu katamar\u00e1nu, kde se atmosf\u00e9ra prom\u011bn\u00ed v \u017eivou tane\u010dn\u00ed p\u00e1rty. Pozvedn\u011bte sklenku u otev\u0159en\u00e9ho baru a oslavte den pln\u00fd z\u00e1bavy, odpo\u010dinku a bohat\u00e9 karibsk\u00e9 kultury.<\/p>\n<p>Nenechte si uj\u00edt tento nezapomenuteln\u00fd \u00fat\u011bk do r\u00e1je - rezervujte si z\u00e1jezd na ostrov Saona a za\u017eijte opravdu kouzeln\u00fd z\u00e1\u017eitek!<\/p>\n<\/div>\n<\/div>","protected":false},"excerpt":{"rendered":"<div data-track=\"overview\" data-v-83a2b402=\"\">\n<section id=\"activity-overview\" class=\"activity-overview\" data-component=\"overview\" data-v-83a2b402=\"\" data-v-f3236c42=\"\">\n<p class=\"activity-overview__content\" data-test-id=\"activity-overview-content\" data-v-f3236c42=\"\">Vydejte se na vzru\u0161uj\u00edc\u00ed cestu na ostrov Saona, kde se budete proh\u00e1n\u011bt po Karibsk\u00e9m mo\u0159i.<\/p>\n<\/section>\n<\/div>\n<div data-track=\"key-details\" data-v-83a2b402=\"\"><\/div>","protected":false},"featured_media":16472,"template":"","meta":[],"product_brand":[],"product_cat":[97,98],"product_tag":[101,102],"class_list":{"0":"post-16460","1":"product","2":"type-product","3":"status-publish","4":"has-post-thumbnail","6":"product_cat-dominican-republic","7":"product_cat-saona-island","8":"product_tag-excursion","9":"product_tag-tour","11":"first","12":"instock","13":"sale","14":"shipping-taxable","15":"product-type-external"},"_links":{"self":[{"href":"https:\/\/placessites.com\/cs\/wp-json\/wp\/v2\/product\/16460","targetHints":{"allow":["GET"]}}],"collection":[{"href":"https:\/\/placessites.com\/cs\/wp-json\/wp\/v2\/product"}],"about":[{"href":"https:\/\/placessites.com\/cs\/wp-json\/wp\/v2\/types\/product"}],"wp:featuredmedia":[{"embeddable":true,"href":"https:\/\/placessites.com\/cs\/wp-json\/wp\/v2\/media\/16472"}],"wp:attachment":[{"href":"https:\/\/placessites.com\/cs\/wp-json\/wp\/v2\/media?parent=16460"}],"wp:term":[{"taxonomy":"product_brand","embeddable":true,"href":"https:\/\/placessites.com\/cs\/wp-json\/wp\/v2\/product_brand?post=16460"},{"taxonomy":"product_cat","embeddable":true,"href":"https:\/\/placessites.com\/cs\/wp-json\/wp\/v2\/product_cat?post=16460"},{"taxonomy":"product_tag","embeddable":true,"href":"https:\/\/placessites.com\/cs\/wp-json\/wp\/v2\/product_tag?post=16460"}],"curies":[{"name":"wp","href":"https:\/\/api.w.org\/{rel}","templated":true}]}}