{"id":16419,"date":"2025-12-18T13:50:07","date_gmt":"2025-12-18T13:50:07","guid":{"rendered":"https:\/\/placessites.com\/?post_type=product&#038;p=16419"},"modified":"2026-02-14T03:32:16","modified_gmt":"2026-02-14T03:32:16","slug":"-577","status":"publish","type":"product","link":"https:\/\/placessites.com\/cs\/prohlidka\/-577\/","title":{"rendered":"Celodenn\u00ed v\u00fdlet na ostrov Saona z Punta Cany formou all inclusive"},"content":{"rendered":"<h2>Celodenn\u00ed v\u00fdlet na ostrov Saona z Punta Cany formou all inclusive<\/h2>\n<p>Vydejte se na nezapomenutelnou cestu na ostrov Saona, kde na v\u00e1s b\u011bhem celodenn\u00edho v\u00fdletu z Bayahibe \u010dek\u00e1 nedot\u010den\u00e1 kr\u00e1sa Dominik\u00e1nsk\u00e9 republiky. Tento r\u00e1j je r\u00e1jem sluncem zalit\u00fdch pl\u00e1\u017e\u00ed, pr\u016fzra\u010dn\u00e9 tyrkysov\u00e9 vody a sv\u011b\u017e\u00edch palem, ide\u00e1ln\u00ed pro ty, kte\u0159\u00ed cht\u011bj\u00ed uniknout a pono\u0159it se do p\u0159\u00edrody.<\/p>\n<p>Va\u0161e dobrodru\u017estv\u00ed za\u010d\u00edn\u00e1 nasednut\u00edm na elegantn\u00ed motorov\u00fd \u010dlun, kter\u00fd v\u00e1s odveze p\u0159es t\u0159pytiv\u00e9 Karibsk\u00e9 mo\u0159e sm\u011brem k ostrovu Saona. P\u0159i plavb\u011b po vln\u00e1ch uc\u00edt\u00edte osv\u011b\u017euj\u00edc\u00ed v\u00e1nek a budete se kochat n\u00e1dhern\u00fdmi v\u00fdhledy na pob\u0159e\u017e\u00ed a z\u00e1\u0159iv\u011b modr\u00fdmi obzory.<\/p>\n<p>Po p\u0159\u00edjezdu se ocitnete v tropick\u00e9 o\u00e1ze. Pohodln\u011b si odpo\u010di\u0148te na pl\u00e1\u017eov\u00e9m leh\u00e1tku, vyh\u0159\u00edvejte se na slunci nebo pop\u00edjejte sv\u016fj obl\u00edben\u00fd tropick\u00fd n\u00e1poj v pl\u00e1\u017eov\u00e9m baru all inclusive. Ti, kte\u0159\u00ed hledaj\u00ed trochu vzru\u0161en\u00ed, se mohou zapojit do p\u0159\u00e1telsk\u00e9 hry pl\u00e1\u017eov\u00e9ho volejbalu na jemn\u00e9m zlatav\u00e9m p\u00edsku v All-Inclusive Saona Island.<\/p>\n<p>A\u017e v\u00e1m ze v\u0161\u00ed t\u00e9 z\u00e1bavy vyhl\u00e1dne, sejd\u011bte se na lahodn\u00e9m tradi\u010dn\u00edm dominik\u00e1nsk\u00e9m ob\u011bd\u011b. Vychutnejte si chutnou hostinu s k\u0159ehk\u00fdm ku\u0159ec\u00edm masem, \u0161\u0165avnat\u00fdm vep\u0159ov\u00fdm, aromatickou r\u00fd\u017e\u00ed, \u010derstvou zeleninou, vydatn\u00fdmi fazolemi, k\u0159upav\u00fdm sal\u00e1tem a sortimentem \u0161\u0165avnat\u00e9ho tropick\u00e9ho ovoce, kter\u00e9 je p\u0159ipraveno tak, aby pot\u011b\u0161ilo va\u0161e chu\u0165ov\u00e9 poh\u00e1rky.<\/p>\n<p>\u017d\u00e1dn\u00e1 n\u00e1v\u0161t\u011bva ostrova Saona se neobejde bez zast\u00e1vky u okouzluj\u00edc\u00edho p\u0159\u00edrodn\u00edho koupali\u0161t\u011b v Playa Palmilla. Tato o\u00e1za klidu, kter\u00e1 se nach\u00e1z\u00ed asi 200 a\u017e 300 metr\u016f od pob\u0159e\u017e\u00ed, se py\u0161n\u00ed m\u011blkou vodou ide\u00e1ln\u00ed pro brouzd\u00e1n\u00ed, kde m\u016f\u017eete c\u00edtit, jak se o v\u00e1s ot\u00e1\u010dej\u00ed jemn\u00e9 vlny. Toto m\u00edsto je obklopeno malebnou krajinou a je ide\u00e1ln\u00edm m\u00edstem pro po\u0159\u00edzen\u00ed n\u00e1dhern\u00fdch fotografi\u00ed a vytvo\u0159en\u00ed trval\u00fdch vzpom\u00ednek na tento z\u00e1\u017eitek: <a href=\"https:\/\/bookingadventures.tours\/booking.php?slug=Punta_Cana_Catamaran_Boat_to_Saona_Island_with_Buffet_Lunch\" target=\"_blank\" rel=\"noopener\">All-Inclusive ostrov Saona.<\/a><\/p>\n<p>Kombinace \u00fachvatn\u00e9 kr\u00e1sy a dokonal\u00e9ho klimatu v tomto idylick\u00e9m prost\u0159ed\u00ed vyb\u00edz\u00ed k odpo\u010dinku a vychutn\u00e1n\u00ed ka\u017ed\u00e9ho okam\u017eiku na ostrov\u011b Saona.<\/p>","protected":false},"excerpt":{"rendered":"<div data-track=\"overview\" data-v-83a2b402=\"\">\n<section id=\"activity-overview\" class=\"activity-overview\" data-component=\"overview\" data-v-83a2b402=\"\" data-v-f3236c42=\"\">\n<p class=\"activity-overview__content\" data-test-id=\"activity-overview-content\" data-v-f3236c42=\"\">U\u017eijte si celodenn\u00ed v\u00fdlet na ostrov Saona z m\u011bsta LOCATION. Odpo\u010di\u0148te si na pl\u00e1\u017ei, zahrajte si pl\u00e1\u017eov\u00fd volejbal a vychutnejte si typick\u00fd dominik\u00e1nsk\u00fd ob\u011bd formou bufetu s ku\u0159ec\u00edm masem, vep\u0159ov\u00fdm masem, r\u00fd\u017e\u00ed a dal\u0161\u00edmi pokrmy.<\/p>\n<\/section>\n<\/div>\n<div data-track=\"key-details\" data-v-83a2b402=\"\"><\/div>","protected":false},"featured_media":16430,"template":"","meta":[],"product_brand":[],"product_cat":[97,98],"product_tag":[101,102],"class_list":{"0":"post-16419","1":"product","2":"type-product","3":"status-publish","4":"has-post-thumbnail","6":"product_cat-dominican-republic","7":"product_cat-saona-island","8":"product_tag-excursion","9":"product_tag-tour","11":"first","12":"instock","13":"sale","14":"shipping-taxable","15":"product-type-external"},"_links":{"self":[{"href":"https:\/\/placessites.com\/cs\/wp-json\/wp\/v2\/product\/16419","targetHints":{"allow":["GET"]}}],"collection":[{"href":"https:\/\/placessites.com\/cs\/wp-json\/wp\/v2\/product"}],"about":[{"href":"https:\/\/placessites.com\/cs\/wp-json\/wp\/v2\/types\/product"}],"wp:featuredmedia":[{"embeddable":true,"href":"https:\/\/placessites.com\/cs\/wp-json\/wp\/v2\/media\/16430"}],"wp:attachment":[{"href":"https:\/\/placessites.com\/cs\/wp-json\/wp\/v2\/media?parent=16419"}],"wp:term":[{"taxonomy":"product_brand","embeddable":true,"href":"https:\/\/placessites.com\/cs\/wp-json\/wp\/v2\/product_brand?post=16419"},{"taxonomy":"product_cat","embeddable":true,"href":"https:\/\/placessites.com\/cs\/wp-json\/wp\/v2\/product_cat?post=16419"},{"taxonomy":"product_tag","embeddable":true,"href":"https:\/\/placessites.com\/cs\/wp-json\/wp\/v2\/product_tag?post=16419"}],"curies":[{"name":"wp","href":"https:\/\/api.w.org\/{rel}","templated":true}]}}