{"id":16368,"date":"2025-12-18T13:47:46","date_gmt":"2025-12-18T13:47:46","guid":{"rendered":"https:\/\/placessites.com\/?post_type=product&#038;p=16368"},"modified":"2026-02-14T03:31:02","modified_gmt":"2026-02-14T03:31:02","slug":"-572","status":"publish","type":"product","link":"https:\/\/placessites.com\/cs\/prohlidka\/-572\/","title":{"rendered":"Santo Domingo: Domingo: Celodenn\u00ed v\u00fdlet na ostrov Saona all-inclusive"},"content":{"rendered":"<h2>Santo Domingo: Domingo: Celodenn\u00ed v\u00fdlet na ostrov Saona all-inclusive<\/h2>\n<p>Ostrov Saona, \u00fa\u017easn\u00fd klenot v n\u00e1rodn\u00edm parku Eastern, nab\u00edz\u00ed jedine\u010dn\u00fd z\u00e1\u017eitek z kr\u00e1sy p\u0159\u00edrody. Tato okouzluj\u00edc\u00ed destinace p\u0159edstavuje bujn\u00e9 mangrovov\u00e9 porosty, \u017eiv\u00e9 kor\u00e1lov\u00e9 \u00fatesy a nedot\u010den\u00e9 pl\u00e1\u017ee, jako je nap\u0159\u00edklad proslul\u00e1 Palmilla. P\u00edsek v Palmille m\u00e1 n\u00e1padn\u00fd odst\u00edn \u017elut\u00e9 barvy a vytv\u00e1\u0159\u00ed n\u00e1dhern\u00fd kontrast s tyrkysovou vodou a vysok\u00fdmi palmami arauk\u00e1riemi, kter\u00e9 se jemn\u011b pohupuj\u00ed ve v\u011btru.<\/p>\n<p>P\u0159i prozkoum\u00e1v\u00e1n\u00ed tohoto tropick\u00e9ho r\u00e1je naraz\u00edte na \u0159adu hv\u011bzdic rozeset\u00fdch pod\u00e9l pob\u0159e\u017e\u00ed a uhn\u00edzd\u011bn\u00fdch v m\u011blk\u00fdch vod\u00e1ch. Tito barevn\u00ed tvorov\u00e9 jsou zde hojn\u011b zastoupeni a \u010dasto jsou pova\u017eov\u00e1ni za skute\u010dn\u00e9 kr\u00e1lovny ostrova Saona, tak\u017ee se na n\u011b n\u00e1v\u0161t\u011bvn\u00edci mohou t\u011b\u0161it.<\/p>\n<p>Mnoho cestovatel\u016f do Punta Cany pova\u017euje v\u00fdlet na ostrov Saona za vrchol sv\u00e9 cesty a my jsme si jisti, \u017ee va\u0161e n\u00e1v\u0161t\u011bva vytvo\u0159\u00ed trval\u00e9 vzpom\u00ednky, na kter\u00e9 budete vzpom\u00ednat je\u0161t\u011b dlouho po skon\u010den\u00ed va\u0161\u00ed dovolen\u00e9! V\u00fdlet je navr\u017een tak, aby si ho u\u017eil ka\u017ed\u00fd - a\u0165 u\u017e cestujete s dosp\u011bl\u00fdmi, d\u011btmi, p\u0159\u00e1teli, nebo s partnerem, kter\u00fd hled\u00e1 romantick\u00fd \u00fanik na tento jednodenn\u00ed v\u00fdlet.<\/p>\n<p>Po p\u0159\u00edjezdu na ostrov budete m\u00edt mo\u017enost pono\u0159it se do uklid\u0148uj\u00edc\u00ed vody p\u0159\u00edrodn\u00edho baz\u00e9nu v Karibsk\u00e9m mo\u0159i. Klidn\u00e9 prost\u0159ed\u00ed neru\u0161\u00ed \u017e\u00e1dn\u00e9 vlny, voda je zde klidn\u00e1 a m\u011blk\u00e1, obvykle sah\u00e1 jen po kolena, tak\u017ee je ide\u00e1ln\u00ed pro relaxaci a hry.<\/p>\n<p>Krom\u011b \u00fachvatn\u00e9 krajiny si m\u016f\u017eete dop\u0159\u00e1t vynikaj\u00edc\u00ed m\u00edstn\u00ed kuchyni a stolovat u \u00fachvatn\u00e9ho v\u00fdhledu na oce\u00e1n. P\u0159edstavte si, jak si pochutn\u00e1v\u00e1te na \u010derstv\u00e9m j\u00eddle, pop\u00edj\u00edte osv\u011b\u017euj\u00edc\u00ed mojito a vychutn\u00e1v\u00e1te si teplo slunce. Z\u00e1bava pokra\u010duje s na\u0161\u00edm \u017eiv\u00fdm anima\u010dn\u00edm t\u00fdmem, kter\u00fd v\u00e1s bude vyb\u00edzet k tanci a z\u00e1bavn\u00fdm aktivit\u00e1m a zajist\u00ed, \u017ee v\u00e1\u0161 den na ostrov\u011b Saona bude na ka\u017ed\u00e9m kroku pln\u00fd radosti a vzru\u0161en\u00ed!<\/p>","protected":false},"excerpt":{"rendered":"<div data-track=\"overview\" data-v-83a2b402=\"\">\n<section id=\"activity-overview\" class=\"activity-overview\" data-component=\"overview\" data-v-83a2b402=\"\" data-v-f3236c42=\"\">\n<p class=\"activity-overview__content\" data-test-id=\"activity-overview-content\" data-v-f3236c42=\"\">U\u017eijte si ostrov Saona b\u011bhem tohoto celodenn\u00edho v\u00fdletu se v\u0161\u00edm v\u0161udy ze Santo Dominga, kde v\u00e1s \u010dek\u00e1 ob\u011bd, proj\u00ed\u017e\u010fka katamar\u00e1nem a n\u00e1v\u0161t\u011bva n\u011bkolika m\u00edst po cest\u011b, nap\u0159\u00edklad Modr\u00e9 laguny.<\/p>\n<\/section>\n<\/div>\n<div data-track=\"key-details\" data-v-83a2b402=\"\"><\/div>","protected":false},"featured_media":16381,"template":"","meta":[],"product_brand":[],"product_cat":[97,98],"product_tag":[101,102],"class_list":{"0":"post-16368","1":"product","2":"type-product","3":"status-publish","4":"has-post-thumbnail","6":"product_cat-dominican-republic","7":"product_cat-saona-island","8":"product_tag-excursion","9":"product_tag-tour","11":"first","12":"instock","13":"sale","14":"shipping-taxable","15":"product-type-external"},"_links":{"self":[{"href":"https:\/\/placessites.com\/cs\/wp-json\/wp\/v2\/product\/16368","targetHints":{"allow":["GET"]}}],"collection":[{"href":"https:\/\/placessites.com\/cs\/wp-json\/wp\/v2\/product"}],"about":[{"href":"https:\/\/placessites.com\/cs\/wp-json\/wp\/v2\/types\/product"}],"wp:featuredmedia":[{"embeddable":true,"href":"https:\/\/placessites.com\/cs\/wp-json\/wp\/v2\/media\/16381"}],"wp:attachment":[{"href":"https:\/\/placessites.com\/cs\/wp-json\/wp\/v2\/media?parent=16368"}],"wp:term":[{"taxonomy":"product_brand","embeddable":true,"href":"https:\/\/placessites.com\/cs\/wp-json\/wp\/v2\/product_brand?post=16368"},{"taxonomy":"product_cat","embeddable":true,"href":"https:\/\/placessites.com\/cs\/wp-json\/wp\/v2\/product_cat?post=16368"},{"taxonomy":"product_tag","embeddable":true,"href":"https:\/\/placessites.com\/cs\/wp-json\/wp\/v2\/product_tag?post=16368"}],"curies":[{"name":"wp","href":"https:\/\/api.w.org\/{rel}","templated":true}]}}