{"id":16041,"date":"2025-12-18T13:32:01","date_gmt":"2025-12-18T13:32:01","guid":{"rendered":"https:\/\/placessites.com\/?post_type=product&#038;p=16041"},"modified":"2025-12-18T13:41:51","modified_gmt":"2025-12-18T13:41:51","slug":"-554","status":"publish","type":"product","link":"https:\/\/placessites.com\/cs\/prohlidka\/-554\/","title":{"rendered":"Explora la Experiencia: Tours de Punta Cana a Isla Saona"},"content":{"rendered":"<h2>Pono\u0159te se do z\u00e1\u017eitk\u016f: V\u00fdlety na ostrov Saona v Punta Can\u011b<\/h2>\n<p>Vydejte se na ostrov Saona, \u00fa\u017easn\u00fd klenot v Karibiku, kter\u00fd l\u00e1k\u00e1 svou klidnou atmosf\u00e9rou a \u00fachvatn\u00fdmi v\u00fdhledy. Krystalick\u00e9 vody se zde t\u0159pyt\u00ed pod sluncem a jemn\u011b se ot\u00edraj\u00ed o b\u0159ehy lemovan\u00e9 b\u00edl\u00fdm p\u00edskem, kter\u00fd je pod nohama jako samet. Nechte se pohltit kouzlem bujn\u00e9 tropick\u00e9 vegetace, kde kvetou z\u00e1\u0159iv\u00e9 kv\u011btiny a palmy se jemn\u011b pohupuj\u00ed v blahod\u00e1rn\u00e9m v\u00e1nku.<\/p>\n<p>P\u0159i toulk\u00e1ch t\u00edmto malebn\u00fdm r\u00e1jem si dop\u0159ejte chvilku odpo\u010dinku pod z\u00e1\u0159iv\u00fdm sluncem a nechte se un\u00e1\u0161et rytmick\u00fdm \u0161um\u011bn\u00edm mo\u0159sk\u00fdch vln. Pono\u0159te se do \u017eiv\u00e9ho podmo\u0159sk\u00e9ho sv\u011bta, kde se setk\u00e1te s rozmanit\u00fdm mo\u0159sk\u00fdm \u017eivotem, od barevn\u00fdch tropick\u00fdch ryb a\u017e po oslniv\u00e9 kor\u00e1lov\u00e9 \u00fatesy, a ka\u017ed\u00fd okam\u017eik slibuje nezapomenuteln\u00e9 dobrodru\u017estv\u00ed.<\/p>\n<p>Krom\u011b p\u0159\u00edrodn\u00edch kr\u00e1s je ostrov Saona prosycen\u00fd bohatou dominik\u00e1nskou kulturou. Seznamte se s v\u0159el\u00fdmi a pohostinn\u00fdmi m\u00edstn\u00edmi obyvateli, jejich\u017e up\u0159\u00edmn\u00e1 laskavost umoc\u0148uje kouzlo ostrova. Vychutnejte si l\u00e1kav\u00e9 chut\u011b prav\u00e9 dominik\u00e1nsk\u00e9 kuchyn\u011b, kde ka\u017ed\u00e9 j\u00eddlo vypr\u00e1v\u00ed p\u0159\u00edb\u011bh o tradici a v\u00e1\u0161ni. Toto tropick\u00e9 \u00fato\u010di\u0161t\u011b v\u00e1s zve, abyste se pln\u011b pono\u0159ili do podmaniv\u00e9ho z\u00e1\u017eitku, kde se \u00fachvatn\u00e1 krajina snoub\u00ed s up\u0159\u00edmnou pohostinnost\u00ed Karibiku.<\/p>","protected":false},"excerpt":{"rendered":"<div data-track=\"overview\" data-v-83a2b402=\"\">\n<section id=\"activity-overview\" class=\"activity-overview\" data-component=\"overview\" data-v-83a2b402=\"\" data-v-f3236c42=\"\">\n<p class=\"activity-overview__content\" data-test-id=\"activity-overview-content\" data-v-f3236c42=\"\">Objevte Isla Saona: karibsk\u00fd r\u00e1j s tyrkysovou vodou a b\u00edl\u00fdm p\u00edskem. P\u0159ipravte se na den pln\u00fd dominik\u00e1nsk\u00e9 autenticity a naprost\u00e9 relaxace.<\/p>\n<\/section>\n<\/div>\n<div data-track=\"key-details\" data-v-83a2b402=\"\"><\/div>","protected":false},"featured_media":16239,"template":"","meta":[],"product_brand":[],"product_cat":[97,98],"product_tag":[101,102],"class_list":{"0":"post-16041","1":"product","2":"type-product","3":"status-publish","4":"has-post-thumbnail","6":"product_cat-dominican-republic","7":"product_cat-saona-island","8":"product_tag-excursion","9":"product_tag-tour","11":"first","12":"instock","13":"sale","14":"shipping-taxable","15":"product-type-external"},"_links":{"self":[{"href":"https:\/\/placessites.com\/cs\/wp-json\/wp\/v2\/product\/16041","targetHints":{"allow":["GET"]}}],"collection":[{"href":"https:\/\/placessites.com\/cs\/wp-json\/wp\/v2\/product"}],"about":[{"href":"https:\/\/placessites.com\/cs\/wp-json\/wp\/v2\/types\/product"}],"wp:featuredmedia":[{"embeddable":true,"href":"https:\/\/placessites.com\/cs\/wp-json\/wp\/v2\/media\/16239"}],"wp:attachment":[{"href":"https:\/\/placessites.com\/cs\/wp-json\/wp\/v2\/media?parent=16041"}],"wp:term":[{"taxonomy":"product_brand","embeddable":true,"href":"https:\/\/placessites.com\/cs\/wp-json\/wp\/v2\/product_brand?post=16041"},{"taxonomy":"product_cat","embeddable":true,"href":"https:\/\/placessites.com\/cs\/wp-json\/wp\/v2\/product_cat?post=16041"},{"taxonomy":"product_tag","embeddable":true,"href":"https:\/\/placessites.com\/cs\/wp-json\/wp\/v2\/product_tag?post=16041"}],"curies":[{"name":"wp","href":"https:\/\/api.w.org\/{rel}","templated":true}]}}