{"id":15718,"date":"2025-12-18T13:18:20","date_gmt":"2025-12-18T13:18:20","guid":{"rendered":"https:\/\/placessites.com\/?post_type=product&#038;p=15718"},"modified":"2026-02-14T02:33:53","modified_gmt":"2026-02-14T02:33:53","slug":"-514","status":"publish","type":"product","link":"https:\/\/placessites.com\/cs\/prohlidka\/-514\/","title":{"rendered":"Ostrov Saona: V\u00fdlet katamar\u00e1nem na ostrov Saona All Inclusive"},"content":{"rendered":"<p>Ostrov Saona: V\u00fdlet katamar\u00e1nem na ostrov Saona All Inclusive<\/p>\n<p>B\u011bhem tohoto z\u00e1jezdu na ostrov Saona za\u017eijete jedine\u010dn\u00fd z\u00e1\u017eitek, kter\u00fd v\u00e1s p\u0159enese do tropick\u00e9ho r\u00e1je v srdci Karibiku. Ostrov Saona je zn\u00e1m\u00fd sv\u00fdmi pl\u00e1\u017eemi s b\u00edl\u00fdm p\u00edskem, k\u0159i\u0161\u0165\u00e1lov\u011b \u010distou vodou a p\u016fsobivou krajinou.<\/p>\n<p>Za\u010dn\u011bte vzru\u0161uj\u00edc\u00ed cestu vyzvednut\u00edm a odjezdem do Bayahibe, kde za\u010d\u00edn\u00e1 va\u0161e vzru\u0161uj\u00edc\u00ed dobrodru\u017estv\u00ed. V Bayahibe se nalod\u00edte na katamar\u00e1n, kde toto \u00fa\u017easn\u00e9 dobrodru\u017estv\u00ed za\u010dne.<\/p>\n<p>B\u011bhem prohl\u00eddky si ud\u011bl\u00e1te p\u0159est\u00e1vku a pono\u0159\u00edte se do klidn\u00e9 p\u0159\u00edrodn\u00ed t\u016fn\u011b s k\u0159i\u0161\u0165\u00e1lov\u011b \u010distou vodou a malou hloubkou, kter\u00e1 je domovem velk\u00fdch mo\u0159sk\u00fdch hv\u011bzdic.<\/p>\n<p>Po p\u0159\u00edjezdu na ostrov Saona si m\u016f\u017eete vybrat z r\u016fzn\u00fdch aktivit. M\u016f\u017eete se pono\u0159it do tyrkysov\u00fdch vod, u\u017e\u00edvat si otev\u0159en\u00fd bar, relaxovat v houpac\u00edch s\u00edt\u00edch na pl\u00e1\u017ei, proch\u00e1zet se pod\u00e9l pob\u0159e\u017e\u00ed nebo se z\u00fa\u010dastnit \u017eiv\u00e9 hry volejbalu.<\/p>\n<div class=\"toggle-content__content toggle-content__content--expanded toggle-content__content--packable\" data-v-59485d64=\"\">\n<div data-test-id=\"activity-full-description-text\" data-v-5835c99c=\"\">Pochutn\u00e1te si na tradi\u010dn\u00edm dominik\u00e1nsk\u00e9m ob\u011bd\u011b, kter\u00fd bude zahrnovat lahodn\u00e9 pokrmy, jako je ku\u0159ec\u00ed a vep\u0159ov\u00e9 maso, r\u00fd\u017ee, fazole, sal\u00e1t a \u010derstv\u00e9 ovoce.<\/div>\n<\/div>\n<div class=\"toggle-content__label-placeholder\" data-v-59485d64=\"\"><\/div>","protected":false},"excerpt":{"rendered":"<div data-track=\"overview\" data-v-83a2b402=\"\">\n<section id=\"activity-overview\" class=\"activity-overview\" data-component=\"overview\" data-v-83a2b402=\"\" data-v-f3236c42=\"\">\n<p class=\"activity-overview__content\" data-test-id=\"activity-overview-content\" data-v-f3236c42=\"\">Pro\u017eijte n\u00e1dhern\u00fd z\u00e1\u017eitek na ostrov\u011b Saona, kter\u00fd je nejobl\u00edben\u011bj\u0161\u00edm v\u00fdletem v Dominik\u00e1nsk\u00e9 republice. Vydejte se na dobrodru\u017enou plavbu, u\u017eijte si pl\u00e1\u017e s b\u00edl\u00fdm p\u00edskem a p\u0159\u00edrodn\u00ed koupali\u0161t\u011b.<\/p>\n<\/section>\n<\/div>\n<div data-track=\"key-details\" data-v-83a2b402=\"\"><\/div>","protected":false},"featured_media":15914,"template":"","meta":[],"product_brand":[],"product_cat":[97,98],"product_tag":[101,102],"class_list":{"0":"post-15718","1":"product","2":"type-product","3":"status-publish","4":"has-post-thumbnail","6":"product_cat-dominican-republic","7":"product_cat-saona-island","8":"product_tag-excursion","9":"product_tag-tour","11":"first","12":"instock","13":"sale","14":"shipping-taxable","15":"product-type-external"},"_links":{"self":[{"href":"https:\/\/placessites.com\/cs\/wp-json\/wp\/v2\/product\/15718","targetHints":{"allow":["GET"]}}],"collection":[{"href":"https:\/\/placessites.com\/cs\/wp-json\/wp\/v2\/product"}],"about":[{"href":"https:\/\/placessites.com\/cs\/wp-json\/wp\/v2\/types\/product"}],"wp:featuredmedia":[{"embeddable":true,"href":"https:\/\/placessites.com\/cs\/wp-json\/wp\/v2\/media\/15914"}],"wp:attachment":[{"href":"https:\/\/placessites.com\/cs\/wp-json\/wp\/v2\/media?parent=15718"}],"wp:term":[{"taxonomy":"product_brand","embeddable":true,"href":"https:\/\/placessites.com\/cs\/wp-json\/wp\/v2\/product_brand?post=15718"},{"taxonomy":"product_cat","embeddable":true,"href":"https:\/\/placessites.com\/cs\/wp-json\/wp\/v2\/product_cat?post=15718"},{"taxonomy":"product_tag","embeddable":true,"href":"https:\/\/placessites.com\/cs\/wp-json\/wp\/v2\/product_tag?post=15718"}],"curies":[{"name":"wp","href":"https:\/\/api.w.org\/{rel}","templated":true}]}}