{"id":15677,"date":"2025-12-18T13:15:58","date_gmt":"2025-12-18T13:15:58","guid":{"rendered":"https:\/\/placessites.com\/?post_type=product&#038;p=15677"},"modified":"2026-02-14T02:31:50","modified_gmt":"2026-02-14T02:31:50","slug":"-509","status":"publish","type":"product","link":"https:\/\/placessites.com\/cs\/prohlidka\/-509\/","title":{"rendered":"Bavaro: VIP v\u00fdlet rychl\u00fdm \u010dlunem na ostrov Saona s otev\u0159en\u00fdm barem"},"content":{"rendered":"<p>Bavaro: Exkluzivn\u00ed VIP v\u00fdlet rychl\u00fdm \u010dlunem na ostrov Saona s otev\u0159en\u00fdm barem<\/p>\n<p>P\u0159edstavovali jste si n\u011bkdy, jak se sami toul\u00e1te po \u00fachvatn\u00e9 pl\u00e1\u017ei s nekone\u010dn\u00fdmi p\u00e1sy zlatav\u00e9ho p\u00edsku t\u0159pyt\u00edc\u00edho se pod sluncem?<\/p>\n<p>Tato pozoruhodn\u00e1 aktivita je navr\u017eena tak, abyste unikli z ruchu typick\u00fdch turistick\u00fdch m\u00edst a mohli se pono\u0159it do klidu p\u0159\u00edrody. Vydejte se s n\u00e1mi na tento exkluzivn\u00ed v\u00fdlet na ostrov Saona, kde objev\u00edte jedny z nej\u00fa\u017easn\u011bj\u0161\u00edch pl\u00e1\u017e\u00ed, kter\u00e9 tento region nab\u00edz\u00ed.<\/p>\n<p>V r\u00e1mci tohoto okouzluj\u00edc\u00edho v\u00fdletu budete m\u00edt p\u0159\u00edle\u017eitost odpo\u010d\u00edvat na malebn\u00e9m pob\u0159e\u017e\u00ed, prozkoumat p\u016fvabnou tradi\u010dn\u00ed ryb\u00e1\u0159skou vesnici a pono\u0159it se do osv\u011b\u017euj\u00edc\u00edch, k\u0159i\u0161\u0165\u00e1lov\u011b \u010dist\u00fdch vod a za\u017e\u00edt nezapomenuteln\u00e9 \u0161norchlov\u00e1n\u00ed. Obdivujte pestr\u00fd podmo\u0159sk\u00fd \u017eivot a chv\u00edli se vyh\u0159\u00edvejte v p\u0159\u00edrodn\u00edch jez\u00edrk\u00e1ch pln\u00fdch mo\u0159sk\u00fdch hv\u011bzdic, kter\u00e9 vytv\u00e1\u0159ej\u00ed dokonal\u00e9 fotografick\u00e9 p\u0159\u00edle\u017eitosti.<\/p>\n<p>P\u0159ed dokon\u010den\u00edm rezervace se rozhodn\u011bte pro n\u00edzkon\u00e1kladovou nebo VIP variantu, z nich\u017e ka\u017ed\u00e1 m\u00e1 jedine\u010dn\u00e9 funkce a podrobnosti o trase podle va\u0161ich preferenc\u00ed.<\/p>\n<p>B\u011bhem dne si m\u016f\u017eete dop\u0159\u00e1t vynikaj\u00edc\u00ed ob\u011bd s m\u00edstn\u00edmi chut\u011bmi a studen\u00e9 ob\u010derstven\u00ed, kter\u00e9 v\u00e1m dod\u00e1 energii, zat\u00edmco si budete u\u017e\u00edvat slunce a mo\u0159e. \u017d\u00edze\u0148 m\u016f\u017eete uhasit \u0159adou bezplatn\u00fdch n\u00e1poj\u016f a nealkoholick\u00fdch n\u00e1poj\u016f, kter\u00e9 jsou k dispozici v otev\u0159en\u00e9m baru.<\/p>\n<p>P\u0159ipravte se na den pln\u00fd dobrodru\u017estv\u00ed a odpo\u010dinku na idylick\u00e9m ostrov\u011b Saona. T\u011b\u0161\u00edme se, \u017ee v\u00e1s p\u0159iv\u00edt\u00e1me a pro\u017eijeme s v\u00e1mi nezapomenuteln\u00e9 z\u00e1\u017eitky!<\/p>","protected":false},"excerpt":{"rendered":"<div data-track=\"overview\" data-v-83a2b402=\"\">\n<section id=\"activity-overview\" class=\"activity-overview\" data-component=\"overview\" data-v-83a2b402=\"\" data-v-f3236c42=\"\">\n<p class=\"activity-overview__content\" data-test-id=\"activity-overview-content\" data-v-f3236c42=\"\">Z\u00e1jezd na ostrov Saona v\u00e1s zavede do jedn\u00e9 z nejr\u00e1jov\u011bj\u0161\u00edch destinac\u00ed Dominik\u00e1nsk\u00e9 republiky. Tento z\u00e1jezd je ide\u00e1ln\u00ed pro ty, kte\u0159\u00ed si cht\u011bj\u00ed odpo\u010dinout a u\u017e\u00edt si n\u00e1dhern\u00e9 pl\u00e1\u017ee.<\/p>\n<\/section>\n<\/div>\n<div data-track=\"key-details\" data-v-83a2b402=\"\"><\/div>","protected":false},"featured_media":15871,"template":"","meta":[],"product_brand":[],"product_cat":[97,98],"product_tag":[101,102],"class_list":{"0":"post-15677","1":"product","2":"type-product","3":"status-publish","4":"has-post-thumbnail","6":"product_cat-dominican-republic","7":"product_cat-saona-island","8":"product_tag-excursion","9":"product_tag-tour","11":"first","12":"instock","13":"sale","14":"shipping-taxable","15":"product-type-external"},"_links":{"self":[{"href":"https:\/\/placessites.com\/cs\/wp-json\/wp\/v2\/product\/15677","targetHints":{"allow":["GET"]}}],"collection":[{"href":"https:\/\/placessites.com\/cs\/wp-json\/wp\/v2\/product"}],"about":[{"href":"https:\/\/placessites.com\/cs\/wp-json\/wp\/v2\/types\/product"}],"wp:featuredmedia":[{"embeddable":true,"href":"https:\/\/placessites.com\/cs\/wp-json\/wp\/v2\/media\/15871"}],"wp:attachment":[{"href":"https:\/\/placessites.com\/cs\/wp-json\/wp\/v2\/media?parent=15677"}],"wp:term":[{"taxonomy":"product_brand","embeddable":true,"href":"https:\/\/placessites.com\/cs\/wp-json\/wp\/v2\/product_brand?post=15677"},{"taxonomy":"product_cat","embeddable":true,"href":"https:\/\/placessites.com\/cs\/wp-json\/wp\/v2\/product_cat?post=15677"},{"taxonomy":"product_tag","embeddable":true,"href":"https:\/\/placessites.com\/cs\/wp-json\/wp\/v2\/product_tag?post=15677"}],"curies":[{"name":"wp","href":"https:\/\/api.w.org\/{rel}","templated":true}]}}