{"id":15166,"date":"2025-12-18T12:50:40","date_gmt":"2025-12-18T12:50:40","guid":{"rendered":"https:\/\/placessites.com\/?post_type=product&#038;p=15166"},"modified":"2026-02-12T04:15:02","modified_gmt":"2026-02-12T04:15:02","slug":"-460","status":"publish","type":"product","link":"https:\/\/placessites.com\/cs\/prohlidka\/-460\/","title":{"rendered":"Z Punta Cany: Canta Punta: Celodenn\u00ed v\u00fdlet na ostrov Saona s ob\u011bdem formou bufetu"},"content":{"rendered":"<p>Celodenn\u00ed v\u00fdlet na ostrov Saona s ob\u011bdem formou bufetu z Punta Cany<\/p>\n<p>Vydejte se na nezapomenuteln\u00e9 dobrodru\u017estv\u00ed s n\u00e1dhern\u00fdm celodenn\u00edm v\u00fdletem na ostrov Saona, kter\u00fd za\u010d\u00edn\u00e1 pohodln\u00fdm vyzvednut\u00edm z va\u0161eho hotelu nebo ur\u010den\u00e9ho m\u00edsta setk\u00e1n\u00ed v Punta Can\u011b. Jakmile nastoup\u00edte, odvezeme v\u00e1s na nedalek\u00e9 m\u00edsto, kde si m\u016f\u017eete d\u00e1t k\u00e1vu nebo ob\u010derstven\u00ed v minimarketu, ne\u017e se vyd\u00e1me na cestu do Bayahibe a na celodenn\u00ed v\u00fdlet s ob\u011bdem formou bufetu.<\/p>\n<p>B\u011bhem cesty obdivujte malebnou krajinu, kter\u00e1 v\u00e1s obklopuje a vyzna\u010duje se sv\u011b\u017e\u00ed zelen\u00ed a v\u00fdhledem na karibsk\u00e9 pob\u0159e\u017e\u00ed. Po p\u0159\u00edjezdu do Bayahibe nastoup\u00edte do pohodln\u00e9ho v\u00fdletn\u00edho dopravn\u00edho prost\u0159edku, kter\u00fd v\u00e1s odveze do srdce V\u00fdchodn\u00edho n\u00e1rodn\u00edho parku. Tato chr\u00e1n\u011bn\u00e1 oblast je proslul\u00e1 sv\u00fdmi \u00fachvatn\u00fdmi p\u0159\u00edrodn\u00edmi kr\u00e1sami, kter\u00e9 se vyzna\u010duj\u00ed \u017eiv\u00fdmi mangrovov\u00fdmi porosty, barevn\u00fdmi kor\u00e1lov\u00fdmi \u00fatesy a nedot\u010den\u00fdmi pl\u00e1\u017eemi, jako je nap\u0159\u00edklad Palmilla. Najdete zde jemn\u00fd, prachov\u011b \u017elut\u00fd p\u00edsek dopln\u011bn\u00fd pohupuj\u00edc\u00edmi se palmami arracacha, kter\u00e9 vytv\u00e1\u0159ej\u00ed malebn\u00fd r\u00e1j.<\/p>\n<p>Po vyhl\u00eddkov\u00e9 j\u00edzd\u011b doraz\u00edte na ostrov Saona, kde na v\u00e1s \u010dek\u00e1 sv\u011bt voln\u00e9ho \u010dasu. Den m\u016f\u017eete str\u00e1vit odpo\u010dinkem na p\u00edse\u010dn\u00e9m pob\u0159e\u017e\u00ed nebo prozkoum\u00e1v\u00e1n\u00edm p\u0159\u00edrodn\u00edch kr\u00e1s ostrova. Osv\u011b\u017ete se v jednom z proslul\u00fdch ostrovn\u00edch p\u0159\u00edrodn\u00edch baz\u00e9n\u016f, kde se v klidn\u00fdch m\u011blk\u00fdch vod\u00e1ch Karibsk\u00e9ho mo\u0159e m\u016f\u017eete brodit a ochlazovat. Klidn\u00e9 prost\u0159ed\u00ed zaru\u010duje, \u017ee voda je m\u00edrn\u00e1 a stoup\u00e1 jen po kolena, co\u017e je ide\u00e1ln\u00ed m\u00edsto pro rodiny a ty, kte\u0159\u00ed si cht\u011bj\u00ed odpo\u010dinout.<\/p>\n<p>S bl\u00ed\u017e\u00edc\u00edm se polednem si vychutnejte lahodn\u00fd ob\u011bd formou bufetu p\u0159\u00edmo na pl\u00e1\u017ei, kter\u00fd nab\u00edz\u00ed \u0159adu m\u00edstn\u00edch pokrm\u016f a \u010derstv\u00fdch chut\u00ed, kter\u00e9 uspokoj\u00ed v\u00e1\u0161 apetit. Za \u0161um\u011bn\u00ed vln v pozad\u00ed si vychutnejte j\u00eddlo v tomto idylick\u00e9m prost\u0159ed\u00ed.<\/p>\n<p>Po ob\u011bd\u011b si m\u016f\u017eete dop\u0159\u00e1t \u0159adu zaj\u00edmav\u00fdch aktivit a sp\u00e1lit trochu energie. Z\u00fa\u010dastn\u011bte se \u017eiv\u00fdch tane\u010dn\u00edch vystoupen\u00ed, zaplavte si v pr\u016fzra\u010dn\u00e9 vod\u011b nebo si po\u0159i\u010fte \u0161norchlovac\u00ed vybaven\u00ed a prozkoumejte \u017eiv\u00fd podmo\u0159sk\u00fd \u017eivot p\u0159\u00edmo pod hladinou. A\u0165 u\u017e budete leno\u0161it na pl\u00e1\u017ei, tan\u010dit s p\u0159\u00e1teli nebo objevovat podmo\u0159sk\u00e9 divy, tento celodenn\u00ed v\u00fdlet bude pln\u00fd z\u00e1bavy a nezapomenuteln\u00fdch z\u00e1\u017eitk\u016f a Celodenn\u00ed v\u00fdlet s ob\u011bdem formou bufetu.<\/p>\n<p>Kdy\u017e se den ch\u00fdl\u00ed ke konci, vr\u00e1t\u00edte se do <a href=\"https:\/\/bookingadventures.tours\/booking.php?slug=Punta_Cana_Catamaran_Boat_to_Saona_Island_with_Buffet_Lunch\" target=\"_blank\" rel=\"noopener\">Punta Cana<\/a>, a p\u0159ivezete si kr\u00e1sn\u00e9 vzpom\u00ednky na sv\u00e9 dobrodru\u017estv\u00ed na ostrov\u011b Saona.<\/p>","protected":false},"excerpt":{"rendered":"<div data-track=\"overview\" data-v-83a2b402=\"\">\n<section id=\"activity-overview\" class=\"activity-overview\" data-component=\"overview\" data-v-83a2b402=\"\" data-v-f3236c42=\"\">\n<p class=\"activity-overview__content\" data-test-id=\"activity-overview-content\" data-v-f3236c42=\"\">U\u017eijte si celodenn\u00ed v\u00fdlet na ostrov Saona z Punta Cany. Odpo\u010di\u0148te si na b\u00edl\u00fdch p\u00edse\u010dn\u00fdch pl\u00e1\u017e\u00edch, projd\u011bte se p\u0159\u00edrodn\u00edmi jez\u00edrky, zaplavte si v k\u0159i\u0161\u0165\u00e1lov\u011b \u010dist\u00fdch vod\u00e1ch Karibsk\u00e9ho mo\u0159e a vychutnejte si chutn\u00fd ob\u011bd formou bufetu.<\/p>\n<\/section>\n<\/div>\n<div data-track=\"key-details\" data-v-83a2b402=\"\"><\/div>","protected":false},"featured_media":15385,"template":"","meta":[],"product_brand":[],"product_cat":[97,98],"product_tag":[101,102],"class_list":{"0":"post-15166","1":"product","2":"type-product","3":"status-publish","4":"has-post-thumbnail","6":"product_cat-dominican-republic","7":"product_cat-saona-island","8":"product_tag-excursion","9":"product_tag-tour","11":"first","12":"instock","13":"sale","14":"shipping-taxable","15":"product-type-external"},"_links":{"self":[{"href":"https:\/\/placessites.com\/cs\/wp-json\/wp\/v2\/product\/15166","targetHints":{"allow":["GET"]}}],"collection":[{"href":"https:\/\/placessites.com\/cs\/wp-json\/wp\/v2\/product"}],"about":[{"href":"https:\/\/placessites.com\/cs\/wp-json\/wp\/v2\/types\/product"}],"wp:featuredmedia":[{"embeddable":true,"href":"https:\/\/placessites.com\/cs\/wp-json\/wp\/v2\/media\/15385"}],"wp:attachment":[{"href":"https:\/\/placessites.com\/cs\/wp-json\/wp\/v2\/media?parent=15166"}],"wp:term":[{"taxonomy":"product_brand","embeddable":true,"href":"https:\/\/placessites.com\/cs\/wp-json\/wp\/v2\/product_brand?post=15166"},{"taxonomy":"product_cat","embeddable":true,"href":"https:\/\/placessites.com\/cs\/wp-json\/wp\/v2\/product_cat?post=15166"},{"taxonomy":"product_tag","embeddable":true,"href":"https:\/\/placessites.com\/cs\/wp-json\/wp\/v2\/product_tag?post=15166"}],"curies":[{"name":"wp","href":"https:\/\/api.w.org\/{rel}","templated":true}]}}