{"id":14851,"date":"2025-12-18T12:37:01","date_gmt":"2025-12-18T12:37:01","guid":{"rendered":"https:\/\/placessites.com\/?post_type=product&#038;p=14851"},"modified":"2026-02-11T10:58:58","modified_gmt":"2026-02-11T10:58:58","slug":"-422","status":"publish","type":"product","link":"https:\/\/placessites.com\/cs\/prohlidka\/-422\/","title":{"rendered":"Prohl\u00eddka ostrova Saona z Punta Cany \/ Bavaro"},"content":{"rendered":"<p>Prohl\u00eddka ostrova Saona z Punta Cany \/ Bavaro<\/p>\n<p>Vydejte se na nezapomenuteln\u00fd v\u00fdlet na ostrov Saona, tropick\u00fd r\u00e1j v srdci Karibsk\u00e9ho mo\u0159e. B\u011bhem tohoto v\u00fdletu prozkoum\u00e1te jedny z nejkr\u00e1sn\u011bj\u0161\u00edch pl\u00e1\u017e\u00ed Dominik\u00e1nsk\u00e9 republiky, kter\u00e9 jsou zn\u00e1m\u00e9 sv\u00fdm b\u00edl\u00fdm p\u00edskem a k\u0159i\u0161\u0165\u00e1lov\u011b \u010distou vodou.<\/p>\n<p>Va\u0161e dobrodru\u017estv\u00ed za\u010d\u00edn\u00e1 vzru\u0161uj\u00edc\u00ed proj\u00ed\u017e\u010fkou na motorov\u00e9m \u010dlunu, p\u0159i kter\u00e9 se zastav\u00edte u zn\u00e1m\u00fdch p\u0159\u00edrodn\u00edch baz\u00e9n\u016f na ostrov\u011b. Zde si m\u016f\u017eete zaplavat a odpo\u010dinout si v m\u011blk\u00fdch vod\u00e1ch, obklopeni mo\u0159sk\u00fdmi hv\u011bzdicemi a neuv\u011b\u0159iteln\u00fdm v\u00fdhledem na oce\u00e1n.<\/p>\n<p>Po p\u0159\u00edjezdu na ostrov Saona budete m\u00edt \u010das na odpo\u010dinek na pl\u00e1\u017ei, opalov\u00e1n\u00ed a u\u017e\u00edv\u00e1n\u00ed si rajsk\u00e9ho prost\u0159ed\u00ed. K ob\u011bdu na v\u00e1s \u010dek\u00e1 lahodn\u00fd bufet s typick\u00fdmi dominik\u00e1nsk\u00fdmi pokrmy, v\u010detn\u011b \u010derstv\u00fdch ryb, grilovan\u00e9ho ku\u0159ete, r\u00fd\u017ee, sal\u00e1t\u016f a tropick\u00e9ho ovoce, Saona Island Delights.<\/p>\n<p>Po ob\u011bd\u011b budete m\u00edt voln\u00fd \u010das na prohl\u00eddku ostrova, fotografov\u00e1n\u00ed nebo jen na odpo\u010dinek pod palmami. Na zp\u00e1te\u010dn\u00ed cest\u011b zm\u011bn\u00edte tempo plavby na katamar\u00e1nu, kde si m\u016f\u017eete vychutnat hudbu, n\u00e1poje a slavnostn\u00ed atmosf\u00e9ru p\u0159i plavb\u011b zp\u011bt na pevninu.<\/p>\n<p>Tento v\u00fdlet je ide\u00e1ln\u00ed pro ty, kte\u0159\u00ed hledaj\u00ed kombinaci odpo\u010dinku, dobrodru\u017estv\u00ed a p\u0159\u00edrodn\u00edch kr\u00e1s Dominik\u00e1nsk\u00e9 republiky, Saona Island Delights.<\/p>","protected":false},"excerpt":{"rendered":"<div data-track=\"overview\" data-v-83a2b402=\"\">\n<section id=\"activity-overview\" class=\"activity-overview\" data-component=\"overview\" data-v-83a2b402=\"\" data-v-f3236c42=\"\">\n<p class=\"activity-overview__content\" data-test-id=\"activity-overview-content\" data-v-f3236c42=\"\">U\u017eijte si den na ostrov\u011b Saona: odpo\u010d\u00edvejte na b\u00edl\u00fdch p\u00edse\u010dn\u00fdch pl\u00e1\u017e\u00edch, koupejte se v k\u0159i\u0161\u0165\u00e1lov\u011b \u010dist\u00e9 vod\u011b, plavte se v p\u0159\u00edrodn\u00edch baz\u00e9nech a vychutnejte si typick\u00fd dominik\u00e1nsk\u00fd ob\u011bd v tropick\u00e9m r\u00e1ji.<\/p>\n<\/section>\n<\/div>\n<div data-track=\"key-details\" data-v-83a2b402=\"\"><\/div>","protected":false},"featured_media":13811,"template":"","meta":[],"product_brand":[],"product_cat":[97,98],"product_tag":[101,102],"class_list":{"0":"post-14851","1":"product","2":"type-product","3":"status-publish","4":"has-post-thumbnail","6":"product_cat-dominican-republic","7":"product_cat-saona-island","8":"product_tag-excursion","9":"product_tag-tour","11":"first","12":"instock","13":"shipping-taxable","14":"product-type-external"},"_links":{"self":[{"href":"https:\/\/placessites.com\/cs\/wp-json\/wp\/v2\/product\/14851","targetHints":{"allow":["GET"]}}],"collection":[{"href":"https:\/\/placessites.com\/cs\/wp-json\/wp\/v2\/product"}],"about":[{"href":"https:\/\/placessites.com\/cs\/wp-json\/wp\/v2\/types\/product"}],"wp:featuredmedia":[{"embeddable":true,"href":"https:\/\/placessites.com\/cs\/wp-json\/wp\/v2\/media\/13811"}],"wp:attachment":[{"href":"https:\/\/placessites.com\/cs\/wp-json\/wp\/v2\/media?parent=14851"}],"wp:term":[{"taxonomy":"product_brand","embeddable":true,"href":"https:\/\/placessites.com\/cs\/wp-json\/wp\/v2\/product_brand?post=14851"},{"taxonomy":"product_cat","embeddable":true,"href":"https:\/\/placessites.com\/cs\/wp-json\/wp\/v2\/product_cat?post=14851"},{"taxonomy":"product_tag","embeddable":true,"href":"https:\/\/placessites.com\/cs\/wp-json\/wp\/v2\/product_tag?post=14851"}],"curies":[{"name":"wp","href":"https:\/\/api.w.org\/{rel}","templated":true}]}}