{"id":14712,"date":"2025-12-18T12:30:27","date_gmt":"2025-12-18T12:30:27","guid":{"rendered":"https:\/\/placessites.com\/?post_type=product&#038;p=14712"},"modified":"2026-02-11T10:51:54","modified_gmt":"2026-02-11T10:51:54","slug":"-407","status":"publish","type":"product","link":"https:\/\/placessites.com\/cs\/prohlidka\/-407\/","title":{"rendered":"Soukrom\u00fd ostrov Saona: V\u00fdlet rychl\u00fdm \u010dlunem z Punta Cany"},"content":{"rendered":"<p>Soukrom\u00fd ostrov Saona: V\u00fdlet rychl\u00fdm \u010dlunem z Punta Cany<\/p>\n<p>Za\u017eijte okouzluj\u00edc\u00ed ostrov Saona tak, jako nikdy p\u0159edt\u00edm, na t\u00e9to exkluzivn\u00ed soukrom\u00e9 plavb\u011b motorov\u00fdm \u010dlunem! Toto dobrodru\u017estv\u00ed je pastvou pro smysly a nab\u00edz\u00ed sm\u011bs nedot\u010den\u00e9 p\u0159\u00edrody, \u017eiv\u00e9 karibsk\u00e9 kultury a bohat\u00e9ho podmo\u0159sk\u00e9ho \u017eivota. Va\u0161e cesta bude individu\u00e1ln\u00edm \u00fanikem do r\u00e1je, kter\u00fd v\u00e1m umo\u017en\u00ed svobodn\u011b prozkoumat nevyu\u017eit\u00e9 kr\u00e1sy ostrova vlastn\u00edm tempem.<\/p>\n<p>Jedine\u010dn\u00e9 prodejn\u00ed v\u00fdhody:<\/p>\n<p>V\u00e1\u0161 den za\u010d\u00edn\u00e1 pohodln\u00fdm vyzvednut\u00edm v hotelu, kter\u00e9 v\u00e1s odveze na v\u00e1\u0161 soukrom\u00fd motorov\u00fd \u010dlun. Poc\u00edt\u00edte vzru\u0161en\u00ed, kdy\u017e motorov\u00fd \u010dlun proplouv\u00e1 k\u0159i\u0161\u0165\u00e1lov\u011b \u010dist\u00fdmi vodami a m\u00ed\u0159\u00ed k \u00fachvatn\u00e9mu soukrom\u00e9mu ostrovu Saona. Zde budete m\u00edt mo\u017enost p\u0159izp\u016fsobit si trasu plavby, co\u017e v\u00e1m zajist\u00ed skute\u010dn\u011b individu\u00e1ln\u00ed z\u00e1\u017eitek. A\u0165 u\u017e se tou\u017e\u00edte vyh\u0159\u00edvat na slunci na neposkvrn\u011bn\u00fdch pl\u00e1\u017e\u00edch ostrova, \u0161norchlovat uprost\u0159ed barevn\u00fdch kor\u00e1lov\u00fdch \u00fates\u016f, nebo jen relaxovat a nas\u00e1vat klidn\u00e9 prost\u0159ed\u00ed, volba je jen na v\u00e1s!<\/p>\n<p>Itiner\u00e1\u0159 a hlavn\u00ed funkce:<\/p>\n<p>- Vyzvednut\u00ed v hotelu: Va\u0161e cesta za\u010d\u00edn\u00e1 pohodln\u00fdm vyzvednut\u00edm v hotelu, kter\u00e9 v\u00e1s nalad\u00ed na den pln\u00fd dobrodru\u017estv\u00ed.<\/p>\n<p>- J\u00edzda rychl\u00fdm \u010dlunem: Za\u017eijte vzru\u0161en\u00ed, kdy\u017e se budete proh\u00e1n\u011bt po tyrkysov\u00fdch vod\u00e1ch na soukrom\u00e9m rychl\u00e9m \u010dlunu.<\/p>\n<p>- Pr\u016fzkum ostrova Saona: Objevte nedot\u010den\u00e9 pl\u00e1\u017ee, sv\u011b\u017e\u00ed krajinu a \u017eiv\u00fd podmo\u0159sk\u00fd \u017eivot na ostrov\u011b. P\u0159izp\u016fsobte si pr\u016fzkum podle sv\u00fdch z\u00e1jm\u016f, a\u0165 u\u017e jde o odpo\u010dinek na pl\u00e1\u017ei, \u0161norchlov\u00e1n\u00ed nebo pozn\u00e1v\u00e1n\u00ed p\u0159\u00edrodn\u00edch kr\u00e1s ostrova.<\/p>\n<p>- N\u00e1v\u0161t\u011bva Mano Juana: Prohl\u00e9dn\u011bte si malebnou ryb\u00e1\u0159skou vesni\u010dku Mano Juan a poznejte m\u00edstn\u00ed zp\u016fsob \u017eivota. Sta\u0148te se sv\u011bdky ochran\u00e1\u0159sk\u00e9ho \u00fasil\u00ed v \u017eelv\u00ed rezervaci a mo\u017en\u00e1 si od m\u00edstn\u00edch \u0159emesln\u00edk\u016f odnesete n\u011bjak\u00fd suven\u00fdr.<\/p>\n<p>- Zp\u00e1te\u010dn\u00ed cesta: Na z\u00e1v\u011br dne se vr\u00e1t\u00edte do sv\u00e9ho hotelu, obohaceni o nezapomenuteln\u00e9 vzpom\u00ednky a mo\u017en\u00e1 i o sluncem pol\u00edben\u00e9 tv\u00e1\u0159e.<\/p>\n<p>Konec:<\/p>\n<p>Den str\u00e1ven\u00fd pozn\u00e1v\u00e1n\u00edm ostrova zakon\u010d\u00edte relaxa\u010dn\u00ed j\u00edzdou rychl\u00fdm \u010dlunem zp\u011bt na pevninu, odkud v\u00e1s pohodln\u011b doprav\u00edme zp\u011bt do va\u0161eho hotelu a vy budete moci voln\u011b p\u0159em\u00fd\u0161let o dni pln\u00e9m dobrodru\u017estv\u00ed a objevov\u00e1n\u00ed karibsk\u00e9ho r\u00e1je.<\/p>\n<div class=\"toggle-content__content toggle-content__content--expanded toggle-content__content--packable\" data-v-59485d64=\"\">\n<div data-test-id=\"activity-full-description-text\" data-v-5835c99c=\"\">Tento soukrom\u00fd z\u00e1jezd v\u00e1m zajist\u00ed klidnou nebo \u017eivou cestu podle va\u0161eho p\u0159\u00e1n\u00ed, b\u011bhem n\u00ed\u017e se budete moci pono\u0159it do kouzla a p\u0159\u00edrodn\u00edch kr\u00e1s ostrova a vytvo\u0159it si vzpom\u00ednky na cel\u00fd \u017eivot!<\/div>\n<\/div>\n<div class=\"toggle-content__label-placeholder\" data-v-59485d64=\"\"><\/div>","protected":false},"excerpt":{"rendered":"<div data-track=\"overview\" data-v-83a2b402=\"\">\n<section id=\"activity-overview\" class=\"activity-overview\" data-component=\"overview\" data-v-83a2b402=\"\" data-v-f3236c42=\"\">\n<p class=\"activity-overview__content\" data-test-id=\"activity-overview-content\" data-v-f3236c42=\"\">Vydejte se na vzru\u0161uj\u00edc\u00ed soukrom\u00fd v\u00fdlet rychl\u00fdm \u010dlunem na \u00fa\u017easn\u00fd ostrov Saona! Poznejte pulzuj\u00edc\u00ed podmo\u0159sk\u00fd \u017eivot, nedot\u010den\u00e9 pl\u00e1\u017ee a prozkoumejte p\u016fvabnou ryb\u00e1\u0159skou vesnici Mano Juan.<\/p>\n<\/section>\n<\/div>\n<div data-track=\"key-details\" data-v-83a2b402=\"\"><\/div>","protected":false},"featured_media":13664,"template":"","meta":[],"product_brand":[],"product_cat":[97,98],"product_tag":[101,102],"class_list":{"0":"post-14712","1":"product","2":"type-product","3":"status-publish","4":"has-post-thumbnail","6":"product_cat-dominican-republic","7":"product_cat-saona-island","8":"product_tag-excursion","9":"product_tag-tour","11":"first","12":"instock","13":"sale","14":"shipping-taxable","15":"product-type-external"},"_links":{"self":[{"href":"https:\/\/placessites.com\/cs\/wp-json\/wp\/v2\/product\/14712","targetHints":{"allow":["GET"]}}],"collection":[{"href":"https:\/\/placessites.com\/cs\/wp-json\/wp\/v2\/product"}],"about":[{"href":"https:\/\/placessites.com\/cs\/wp-json\/wp\/v2\/types\/product"}],"wp:featuredmedia":[{"embeddable":true,"href":"https:\/\/placessites.com\/cs\/wp-json\/wp\/v2\/media\/13664"}],"wp:attachment":[{"href":"https:\/\/placessites.com\/cs\/wp-json\/wp\/v2\/media?parent=14712"}],"wp:term":[{"taxonomy":"product_brand","embeddable":true,"href":"https:\/\/placessites.com\/cs\/wp-json\/wp\/v2\/product_brand?post=14712"},{"taxonomy":"product_cat","embeddable":true,"href":"https:\/\/placessites.com\/cs\/wp-json\/wp\/v2\/product_cat?post=14712"},{"taxonomy":"product_tag","embeddable":true,"href":"https:\/\/placessites.com\/cs\/wp-json\/wp\/v2\/product_tag?post=14712"}],"curies":[{"name":"wp","href":"https:\/\/api.w.org\/{rel}","templated":true}]}}