{"id":14655,"date":"2025-12-18T12:27:55","date_gmt":"2025-12-18T12:27:55","guid":{"rendered":"https:\/\/placessites.com\/?post_type=product&#038;p=14655"},"modified":"2025-12-18T12:38:57","modified_gmt":"2025-12-18T12:38:57","slug":"saona-ostrovni-raj-v-karibiku","status":"publish","type":"product","link":"https:\/\/placessites.com\/cs\/prohlidka\/saona-ostrovni-raj-v-karibiku\/","title":{"rendered":"Ostrov Saona - r\u00e1j v Karibiku"},"content":{"rendered":"<h3>Ostrov Saona - r\u00e1j v Karibiku<\/h3>\n<p>Ostrov Saona je nejzn\u00e1m\u011bj\u0161\u00ed pl\u00e1\u017e\u00ed v zemi, je zn\u00e1m\u00fd sv\u00fdm b\u00edl\u00fdm p\u00edskem, tyrkysovou vodou a palmami. Z hotelu odjedeme p\u0159ibli\u017en\u011b v 7:30 pohodln\u00fdmi autobusy do Bayahibe. Odtud se na ostrov vyd\u00e1me na\u0161imi rychl\u00fdmi \u010dluny nebo Ca**Ostrov Saona - karibsk\u00fd r\u00e1j**.<\/p>\n<p>Na ostrov\u011b Saona se nach\u00e1zej\u00ed jedny z nejzn\u00e1m\u011bj\u0161\u00edch pl\u00e1\u017e\u00ed Dominik\u00e1nsk\u00e9 republiky, kter\u00e9 jsou zn\u00e1m\u00e9 sv\u00fdm nedot\u010den\u00fdm b\u00edl\u00fdm p\u00edskem, tyrkysovou vodou a houpaj\u00edc\u00edmi se palmami. Z hotelu odjedeme kolem 7:30 pohodln\u00fdmi autobusy do Bayahibe. Odtud se na ostrov doprav\u00edme motorov\u00fdmi \u010dluny nebo katamar\u00e1nem.<\/p>\n<p>Po p\u0159\u00edjezdu si budete moci vychutnat vynikaj\u00edc\u00ed tradi\u010dn\u00ed dominik\u00e1nsk\u00fd ob\u011bd formou bufetu a z\u00e1rove\u0148 se kochat \u00fachvatnou pl\u00e1\u017eovou scen\u00e9ri\u00ed. Po n\u00e1vratu se za doprovodu \u017eiv\u00e9 karibsk\u00e9 hudby vyd\u00e1me na plavbu zp\u011bt katamar\u00e1nem nebo se rozhodneme pro plavbu motorov\u00fdm \u010dlunem.<\/p>\n<p>B\u011bhem plavby lod\u00ed se zastav\u00edme tak\u00e9 u n\u00e1dhern\u00e9ho p\u0159\u00edrodn\u00edho baz\u00e9nu, jednoho z nejv\u011bt\u0161\u00edch na sv\u011bt\u011b, kter\u00fd se nach\u00e1z\u00ed 400 metr\u016f od b\u0159ehu. Tato oblast se vyzna\u010duje m\u011blk\u00fdmi vodami s hloubkou jen asi jeden metr, tak\u017ee je ide\u00e1ln\u00ed pro plav\u00e1n\u00ed a \u0161norchlov\u00e1n\u00ed b\u011bhem tohoto v\u00fdletu na ostrov Saona - r\u00e1j v Karibiku.<\/p>","protected":false},"excerpt":{"rendered":"<div data-track=\"overview\" data-v-83a2b402=\"\">\n<section id=\"activity-overview\" class=\"activity-overview\" data-component=\"overview\" data-v-83a2b402=\"\" data-v-f3236c42=\"\">\n<p class=\"activity-overview__content\" data-test-id=\"activity-overview-content\" data-v-f3236c42=\"\">Prozkoumejte jednu z nejzn\u00e1m\u011bj\u0161\u00edch pl\u00e1\u017e\u00ed v zemi, kter\u00e1 je zn\u00e1m\u00e1 sv\u00fdm b\u00edl\u00fdm p\u00edskem, tyrkysovou vodou a palmami. Zastav\u00edme se u poh\u00e1dkov\u00e9ho p\u0159\u00edrodn\u00edho baz\u00e9nu, kter\u00fd je jedn\u00edm z nejv\u011bt\u0161\u00edch na sv\u011bt\u011b.<\/p>\n<\/section>\n<\/div>\n<div data-track=\"key-details\" data-v-83a2b402=\"\"><\/div>","protected":false},"featured_media":14895,"template":"","meta":[],"product_brand":[],"product_cat":[97,98],"product_tag":[101,102],"class_list":{"0":"post-14655","1":"product","2":"type-product","3":"status-publish","4":"has-post-thumbnail","6":"product_cat-dominican-republic","7":"product_cat-saona-island","8":"product_tag-excursion","9":"product_tag-tour","11":"first","12":"instock","13":"sale","14":"shipping-taxable","15":"product-type-external"},"_links":{"self":[{"href":"https:\/\/placessites.com\/cs\/wp-json\/wp\/v2\/product\/14655","targetHints":{"allow":["GET"]}}],"collection":[{"href":"https:\/\/placessites.com\/cs\/wp-json\/wp\/v2\/product"}],"about":[{"href":"https:\/\/placessites.com\/cs\/wp-json\/wp\/v2\/types\/product"}],"wp:featuredmedia":[{"embeddable":true,"href":"https:\/\/placessites.com\/cs\/wp-json\/wp\/v2\/media\/14895"}],"wp:attachment":[{"href":"https:\/\/placessites.com\/cs\/wp-json\/wp\/v2\/media?parent=14655"}],"wp:term":[{"taxonomy":"product_brand","embeddable":true,"href":"https:\/\/placessites.com\/cs\/wp-json\/wp\/v2\/product_brand?post=14655"},{"taxonomy":"product_cat","embeddable":true,"href":"https:\/\/placessites.com\/cs\/wp-json\/wp\/v2\/product_cat?post=14655"},{"taxonomy":"product_tag","embeddable":true,"href":"https:\/\/placessites.com\/cs\/wp-json\/wp\/v2\/product_tag?post=14655"}],"curies":[{"name":"wp","href":"https:\/\/api.w.org\/{rel}","templated":true}]}}