{"id":14614,"date":"2025-12-18T12:25:20","date_gmt":"2025-12-18T12:25:20","guid":{"rendered":"https:\/\/placessites.com\/?post_type=product&#038;p=14614"},"modified":"2026-02-11T13:11:12","modified_gmt":"2026-02-11T13:11:12","slug":"-400","status":"publish","type":"product","link":"https:\/\/placessites.com\/cs\/prohlidka\/-400\/","title":{"rendered":"Z Punta Cany: Bayahibe a ostrov Saona s ob\u011bdem"},"content":{"rendered":"<div class=\"toggle-content__content toggle-content__content--expanded toggle-content__content--packable\" data-v-59485d64=\"\">\n<div data-test-id=\"activity-full-description-text\" data-v-5835c99c=\"\">Z Punta Cany: Bayahibe a ostrov Saona s ob\u011bdem<\/div>\n<div data-test-id=\"activity-full-description-text\" data-v-5835c99c=\"\"><\/div>\n<div data-test-id=\"activity-full-description-text\" data-v-5835c99c=\"\">Pono\u0159te se do exkluzivity ostrova Saona, skute\u010dn\u00e9ho turistick\u00e9ho r\u00e1je Dominik\u00e1nsk\u00e9 republiky, kter\u00fd je nezbytnou destinac\u00ed pro ka\u017ed\u00e9ho neohro\u017een\u00e9ho cestovatele. Objevte nezapomenuteln\u00e9 dobrodru\u017estv\u00ed na ostrov\u011b pol\u00edben\u00e9m sluncem, pohlazen\u00e9m tropick\u00fdm v\u00e1nkem a ozdoben\u00e9m teplou, k\u0159i\u0161\u0165\u00e1lov\u011b \u010distou vodou a b\u00edl\u00fdm p\u00edskem! Tento mal\u00fd, ale oslniv\u00fd ostrov, zahalen\u00fd p\u0159ev\u00e1\u017en\u011b do palem a mangrovov\u00fdch porost\u016f a s rozs\u00e1hl\u00fdmi klidn\u00fdmi pl\u00e1\u017eemi, nen\u00ed ni\u010d\u00edm jin\u00fdm ne\u017e vytou\u017een\u00fdm tropick\u00fdm r\u00e1jem pro ka\u017ed\u00e9ho n\u00e1v\u0161t\u011bvn\u00edka Dominik\u00e1nsk\u00e9 republiky a ostrov\u016f Bayahibe a Saona.<\/div>\n<div data-test-id=\"activity-full-description-text\" data-v-5835c99c=\"\"><\/div>\n<div data-test-id=\"activity-full-description-text\" data-v-5835c99c=\"\">Dobrodru\u017estv\u00ed za\u010d\u00edn\u00e1 v Bayahibe, malebn\u00e9 turistick\u00e9 vesnici, kter\u00e1 byla p\u016fvodn\u011b zalo\u017eena ryb\u00e1\u0159i a dnes se prom\u011bnila v p\u0159epychov\u00e9 \u00fato\u010di\u0161t\u011b slunce a pl\u00e1\u017e\u00ed. Va\u0161e cesta zahrnuje zast\u00e1vku u p\u0159\u00edrodn\u00edho baz\u00e9nu, kter\u00fd je pova\u017eov\u00e1n za nejv\u011bt\u0161\u00ed v Dominik\u00e1nsk\u00e9 republice. Tento p\u0159\u00edrodn\u00ed baz\u00e9n je \u00fatvar z b\u00edl\u00e9ho p\u00edsku s hloubkou pouh\u00fd jeden metr, bohat\u00fd na mo\u0159sk\u00e9 hv\u011bzdice; zde se zastav\u00edme na omlazuj\u00edc\u00ed koupel.<\/div>\n<div data-test-id=\"activity-full-description-text\" data-v-5835c99c=\"\"><\/div>\n<div data-test-id=\"activity-full-description-text\" data-v-5835c99c=\"\">Poznejte jedine\u010dn\u00fd ostrov Saona a u\u017eijte si v\u00fdjime\u010dn\u00e9 v\u00fdhody, kter\u00e9 toto dobrodru\u017estv\u00ed odli\u0161uj\u00ed: Vyhn\u011bte se dlouh\u00fdm front\u00e1m na katamar\u00e1n, unikn\u011bte dav\u016fm na pl\u00e1\u017ei, z\u00edskejte p\u0159\u00edstup do exkluzivn\u00ed z\u00f3ny pro n\u00e1stup na lo\u010f a dop\u0159ejte si soukromou pl\u00e1\u017eovou z\u00f3nu na ostrov\u011b Saona s n\u00e1poji v cen\u011b.<\/div>\n<div data-test-id=\"activity-full-description-text\" data-v-5835c99c=\"\"><\/div>\n<div data-test-id=\"activity-full-description-text\" data-v-5835c99c=\"\">Projd\u011bte se po pl\u00e1\u017ei, zchla\u010fte se v jej\u00ed vod\u011b, opalujte se, zahrajte si hry, odpo\u010d\u00edvejte pod palmami, vychutnejte si ob\u011bd formou bufetu a dop\u0159ejte si otev\u0159en\u00fd bar (rum, Cuba Libre, pivo, Coca Cola, voda, k\u00e1va) a voln\u00fd \u010das, aby byl v\u00e1\u0161 den opravdu v\u00fdjime\u010dn\u00fd, Bayahibe a ostrov Saona.<\/div>\n<\/div>\n<div class=\"toggle-content__label-placeholder\" data-v-59485d64=\"\"><\/div>","protected":false},"excerpt":{"rendered":"<div data-track=\"overview\" data-v-83a2b402=\"\">\n<section id=\"activity-overview\" class=\"activity-overview\" data-component=\"overview\" data-v-83a2b402=\"\" data-v-f3236c42=\"\">\n<p class=\"activity-overview__content\" data-test-id=\"activity-overview-content\" data-v-f3236c42=\"\">Nav\u0161tivte vesnici Bayahibe a odpo\u010di\u0148te si pod palmami na pl\u00e1\u017ei ostrova Saona b\u011bhem v\u00fdletu s pr\u016fvodcem z Punta Cany. Vykoupejte se v mo\u0159i a vychutnejte si ob\u011bd formou bufetu s rumem, kolou a dal\u0161\u00edmi n\u00e1poji.<\/p>\n<\/section>\n<\/div>\n<div data-track=\"key-details\" data-v-83a2b402=\"\"><\/div>","protected":false},"featured_media":14861,"template":"","meta":[],"product_brand":[],"product_cat":[97,98],"product_tag":[101,102],"class_list":{"0":"post-14614","1":"product","2":"type-product","3":"status-publish","4":"has-post-thumbnail","6":"product_cat-dominican-republic","7":"product_cat-saona-island","8":"product_tag-excursion","9":"product_tag-tour","11":"first","12":"instock","13":"sale","14":"shipping-taxable","15":"product-type-external"},"_links":{"self":[{"href":"https:\/\/placessites.com\/cs\/wp-json\/wp\/v2\/product\/14614","targetHints":{"allow":["GET"]}}],"collection":[{"href":"https:\/\/placessites.com\/cs\/wp-json\/wp\/v2\/product"}],"about":[{"href":"https:\/\/placessites.com\/cs\/wp-json\/wp\/v2\/types\/product"}],"wp:featuredmedia":[{"embeddable":true,"href":"https:\/\/placessites.com\/cs\/wp-json\/wp\/v2\/media\/14861"}],"wp:attachment":[{"href":"https:\/\/placessites.com\/cs\/wp-json\/wp\/v2\/media?parent=14614"}],"wp:term":[{"taxonomy":"product_brand","embeddable":true,"href":"https:\/\/placessites.com\/cs\/wp-json\/wp\/v2\/product_brand?post=14614"},{"taxonomy":"product_cat","embeddable":true,"href":"https:\/\/placessites.com\/cs\/wp-json\/wp\/v2\/product_cat?post=14614"},{"taxonomy":"product_tag","embeddable":true,"href":"https:\/\/placessites.com\/cs\/wp-json\/wp\/v2\/product_tag?post=14614"}],"curies":[{"name":"wp","href":"https:\/\/api.w.org\/{rel}","templated":true}]}}