{"id":14523,"date":"2025-12-18T12:21:21","date_gmt":"2025-12-18T12:21:21","guid":{"rendered":"https:\/\/placessites.com\/?post_type=product&#038;p=14523"},"modified":"2026-01-09T02:54:14","modified_gmt":"2026-01-09T02:54:14","slug":"-389","status":"publish","type":"product","link":"https:\/\/placessites.com\/cs\/prohlidka\/-389\/","title":{"rendered":"Z Punta Cany: Saona a Mano Juan Celodenn\u00ed v\u00fdlet katamar\u00e1nem"},"content":{"rendered":"<h2>Z Punta Cany: Saona a Mano Juan Celodenn\u00ed v\u00fdlet katamar\u00e1nem<\/h2>\n<p>Prozkoumejte ostrov Saona a Mano Juan b\u011bhem celodenn\u00edho v\u00fdletu katamar\u00e1nem z Punta Cany. Nav\u0161tivte kr\u00e1sn\u00e1 m\u00edsta ve strategick\u00fdch \u010dasech, abyste se vyhnuli dav\u016fm, \u0161norchlujte v n\u00e1rodn\u00edm parku Cotubanam\u00e1 a vychutnejte si dominik\u00e1nsk\u00fd ob\u011bd.<\/p>\n<p>Nalo\u010fte se na katamar\u00e1n a vydejte se na plavbu pod\u00e9l pob\u0159e\u017e\u00ed, kde si u\u017eijete hudbu, tanec a chutn\u00e9 ob\u010derstven\u00ed.<\/p>\n<p>Prvn\u00ed zast\u00e1vku ud\u011blejte na kr\u00e1sn\u00e9 pl\u00e1\u017ei Fan (Playa Abanico), jedn\u00e9 z nejkr\u00e1sn\u011bj\u0161\u00edch pl\u00e1\u017e\u00ed ostrova Saona. Str\u00e1v\u00edte zde \u010das odpo\u010dinkem t\u011bla i mysli mezi palmami a leh\u00e1tky, kter\u00e1 vyb\u00edzej\u00ed ke sn\u011bn\u00ed za \u0161um\u011bn\u00ed vln.<\/p>\n<p>Pot\u00e9, co si u\u017eijete Playa Abanico, pokra\u010dujte do Pueblo Mano Juan, m\u011bste\u010dka zalo\u017een\u00e9ho ryb\u00e1\u0159i na hranici mezi Atlantsk\u00fdm oce\u00e1nem a Karibsk\u00fdm mo\u0159em, a nasajte jeho p\u0159\u00edjemnou a malebnou atmosf\u00e9ru b\u011bhem celodenn\u00edho v\u00fdletu katamar\u00e1nem Saona a Mano Juan.<\/p>\n<p>Krom\u011b proch\u00e1zky ulicemi m\u011bsta nav\u0161tivte tak\u00e9 \u00dato\u010di\u0161t\u011b \u017eelv Soani, kde v\u00e1m jeho zakladatel uk\u00e1\u017ee, jak se chr\u00e1n\u00ed stanovi\u0161t\u011b, \u017eelvy a vejce, aby se podpo\u0159il jejich \u017eivot v mo\u0159i. Vzhledem k choulostiv\u00e9 situaci, v n\u00ed\u017e se nach\u00e1zej\u00ed m\u00edstn\u00ed druhy \u017eelv, m\u00e1 toto m\u00edsto z\u00e1sadn\u00ed v\u00fdznam pro celodenn\u00ed v\u00fdlet katamar\u00e1nem na Saonu a Mano Juan.<\/p>\n<p>Je\u0161t\u011b v Mano Juan si vychutnejte typick\u00fd dominik\u00e1nsk\u00fd ob\u011bd se sklenkou v\u00edna. Odpo\u010dat\u00ed a nabit\u00ed energi\u00ed se pak vydejte na pl\u00e1\u017e Los Toros, kde se m\u016f\u017eete vykoupat a vychutnat si klid a k\u0159i\u0161\u0165\u00e1lov\u011b \u010distou vodu t\u00e9to kouzeln\u00e9 a rajsk\u00e9 pl\u00e1\u017ee.<\/p>\n<div class=\"toggle-content__content toggle-content__content--expanded toggle-content__content--packable\" data-v-59485d64=\"\">\n<div data-test-id=\"activity-full-description-text\" data-v-5835c99c=\"\">Pokra\u010dujte v plavb\u011b a\u017e k legend\u00e1rn\u00edmu p\u0159\u00edrodn\u00edmu koupali\u0161ti v p\u0159\u00edrodn\u00edm parku Cotubanam\u00e1. Vychutnejte si \u010das na \u0161norchlov\u00e1n\u00ed v tyrkysov\u00fdch vod\u00e1ch vedle slavn\u00fdch mo\u0159sk\u00fdch hv\u011bzdic. Toto bude va\u0161e posledn\u00ed zast\u00e1vka a odtud se vr\u00e1t\u00edte na molo Bayahibe, kde v\u00fdlet kon\u010d\u00ed.<\/div>\n<\/div>\n<div class=\"toggle-content__label-placeholder\" data-v-59485d64=\"\"><\/div>\n<div data-v-59485d64=\"\"><\/div>","protected":false},"excerpt":{"rendered":"<div data-track=\"overview\" data-v-83a2b402=\"\">\n<section id=\"activity-overview\" class=\"activity-overview\" data-component=\"overview\" data-v-83a2b402=\"\" data-v-f3236c42=\"\">\n<p class=\"activity-overview__content\" data-test-id=\"activity-overview-content\" data-v-f3236c42=\"\">Poznejte palmov\u00e9 pl\u00e1\u017ee ostrova Saona a p\u016fvabnou vesni\u010dku Mano Juan b\u011bhem celodenn\u00edho v\u00fdletu z Punta Cany s pr\u016fvodcem. Vychutnejte si typick\u00fd dominik\u00e1nsk\u00fd ob\u011bd a \u0161norchlujte v n\u00e1rodn\u00edm parku Cotubanama.<\/p>\n<\/section>\n<\/div>\n<div data-track=\"key-details\" data-v-83a2b402=\"\"><\/div>","protected":false},"featured_media":14760,"template":"","meta":[],"product_brand":[],"product_cat":[97,98],"product_tag":[101,102],"class_list":{"0":"post-14523","1":"product","2":"type-product","3":"status-publish","4":"has-post-thumbnail","6":"product_cat-dominican-republic","7":"product_cat-saona-island","8":"product_tag-excursion","9":"product_tag-tour","11":"first","12":"instock","13":"sale","14":"shipping-taxable","15":"product-type-external"},"_links":{"self":[{"href":"https:\/\/placessites.com\/cs\/wp-json\/wp\/v2\/product\/14523","targetHints":{"allow":["GET"]}}],"collection":[{"href":"https:\/\/placessites.com\/cs\/wp-json\/wp\/v2\/product"}],"about":[{"href":"https:\/\/placessites.com\/cs\/wp-json\/wp\/v2\/types\/product"}],"wp:featuredmedia":[{"embeddable":true,"href":"https:\/\/placessites.com\/cs\/wp-json\/wp\/v2\/media\/14760"}],"wp:attachment":[{"href":"https:\/\/placessites.com\/cs\/wp-json\/wp\/v2\/media?parent=14523"}],"wp:term":[{"taxonomy":"product_brand","embeddable":true,"href":"https:\/\/placessites.com\/cs\/wp-json\/wp\/v2\/product_brand?post=14523"},{"taxonomy":"product_cat","embeddable":true,"href":"https:\/\/placessites.com\/cs\/wp-json\/wp\/v2\/product_cat?post=14523"},{"taxonomy":"product_tag","embeddable":true,"href":"https:\/\/placessites.com\/cs\/wp-json\/wp\/v2\/product_tag?post=14523"}],"curies":[{"name":"wp","href":"https:\/\/api.w.org\/{rel}","templated":true}]}}