{"id":14511,"date":"2025-12-18T12:20:55","date_gmt":"2025-12-18T12:20:55","guid":{"rendered":"https:\/\/placessites.com\/?post_type=product&#038;p=14511"},"modified":"2026-01-09T02:51:07","modified_gmt":"2026-01-09T02:51:07","slug":"-387","status":"publish","type":"product","link":"https:\/\/placessites.com\/cs\/prohlidka\/-387\/","title":{"rendered":"Punta Cana: Saona Island and Buggy Combo"},"content":{"rendered":"<p>Punta Cana: Saona Island and Buggy Combo<\/p>\n<p>Objednejte si z\u00e1jezd do Punta Cany pln\u00fd adrenalinu, relaxace, kr\u00e1sn\u00e9 p\u0159\u00edrody a dal\u0161\u00edch z\u00e1\u017eitk\u016f. Za\u017eijte prvn\u00ed den plavbu rychl\u00fdm \u010dlunem po Karibsk\u00e9m mo\u0159i s hudbou a barem. Pot\u00e9 se proje\u010fte s kamar\u00e1dy s kamerou GoPro po venkovsk\u00e9 oblasti a n\u00e1sledn\u011b nav\u0161tivte pl\u00e1\u017e Macao.<\/p>\n<p>Nav\u0161tivte ostrov Soana v Dominik\u00e1nsk\u00e9 republice. Za\u010dn\u011bte plavbou rychl\u00fdm \u010dlunem po Karibsk\u00e9m mo\u0159i a pak se pomalu vra\u0165te na pevninu na prostorn\u00e9m katamar\u00e1nu. T\u011b\u0161te se na hudbu a otev\u0159en\u00fd bar, abyste si mohli co nejl\u00e9pe u\u017e\u00edt \u010das str\u00e1ven\u00fd mimo Punta Canu.<\/p>\n<p>Druh\u00fd den se p\u0159ipravte nastartovat motory na odlehl\u00e9m ran\u010di v Macau. Nastartujte svou buginu, kter\u00e1 je vybavena kamerou GoPro pro z\u00e1znam va\u0161eho dobrodru\u017estv\u00ed, a pak se vydejte na cestu odlehlou zem\u011bd\u011blskou krajinou. Tyto \u00fazk\u00e9, odlehl\u00e9 venkovsk\u00e9 cesty nab\u00edzej\u00ed bezpe\u010dn\u00e9 \u00fato\u010di\u0161t\u011b pro hlubok\u00e9 kalu\u017ee bl\u00e1ta.<\/p>\n<p>B\u011bhem cesty s ko\u010d\u00e1rkem ud\u011blejte 3 zast\u00e1vky. Nav\u0161tivte ospalou venkovskou plant\u00e1\u017e, kde se sezn\u00e1m\u00edte s nejvyhled\u00e1van\u011bj\u0161\u00edmi produkty Dominik\u00e1nsk\u00e9 republiky, a pot\u00e9 sje\u010fte do malebn\u00e9ho cenotu s podzemn\u00ed \u0159ekou, kter\u00e1 je ide\u00e1ln\u00ed ke koup\u00e1n\u00ed.<\/p>\n<div class=\"toggle-content__content toggle-content__content--expanded toggle-content__content--packable\" data-v-59485d64=\"\">\n<div data-test-id=\"activity-full-description-text\" data-v-5835c99c=\"\">\n<p>Vydejte se na pl\u00e1\u017e Macao, jednu z nejlep\u0161\u00edch pl\u00e1\u017e\u00ed v pob\u0159e\u017en\u00ed \u010d\u00e1sti Punta Cany. Poznejte idealizovan\u00e9 karibsk\u00e9 pob\u0159e\u017e\u00ed s jantarov\u00fdm p\u00edskem, \u0159adami kokosov\u00fdch palem a azurovou vodou. Na z\u00e1v\u011br sv\u00e9ho z\u00e1\u017eitku se vra\u0165te do sv\u00e9ho ubytov\u00e1n\u00ed v Punta Can\u011b.<\/p>\n<\/div>\n<\/div>\n<div class=\"toggle-content__label-placeholder\" data-v-59485d64=\"\"><\/div>\n<div data-v-59485d64=\"\"><\/div>","protected":false},"excerpt":{"rendered":"<div data-track=\"overview\" data-v-83a2b402=\"\">\n<section id=\"activity-overview\" class=\"activity-overview\" data-component=\"overview\" data-v-83a2b402=\"\" data-v-f3236c42=\"\">\n<p class=\"activity-overview__content\" data-test-id=\"activity-overview-content\" data-v-f3236c42=\"\">Z\u00fa\u010dastn\u011bte se dvou nejobl\u00edben\u011bj\u0161\u00edch v\u00fdlet\u016f v Punta Can\u011b v jednom bal\u00ed\u010dku. Prvn\u00ed den si u\u017eijete vyhl\u00eddkov\u00fd v\u00fdlet lod\u00ed na ostrov Saona s ob\u011bdem na grilu a otev\u0159en\u00fdm barem. Druh\u00fd den se pak vydejte do vnitrozem\u00ed na dobrodru\u017enou j\u00edzdu ter\u00e9nn\u00edmi buginami.<\/p>\n<\/section>\n<\/div>\n<div data-track=\"key-details\" data-v-83a2b402=\"\"><\/div>","protected":false},"featured_media":14733,"template":"","meta":[],"product_brand":[],"product_cat":[97,98],"product_tag":[101,102],"class_list":{"0":"post-14511","1":"product","2":"type-product","3":"status-publish","4":"has-post-thumbnail","6":"product_cat-dominican-republic","7":"product_cat-saona-island","8":"product_tag-excursion","9":"product_tag-tour","11":"first","12":"instock","13":"sale","14":"shipping-taxable","15":"product-type-external"},"_links":{"self":[{"href":"https:\/\/placessites.com\/cs\/wp-json\/wp\/v2\/product\/14511","targetHints":{"allow":["GET"]}}],"collection":[{"href":"https:\/\/placessites.com\/cs\/wp-json\/wp\/v2\/product"}],"about":[{"href":"https:\/\/placessites.com\/cs\/wp-json\/wp\/v2\/types\/product"}],"wp:featuredmedia":[{"embeddable":true,"href":"https:\/\/placessites.com\/cs\/wp-json\/wp\/v2\/media\/14733"}],"wp:attachment":[{"href":"https:\/\/placessites.com\/cs\/wp-json\/wp\/v2\/media?parent=14511"}],"wp:term":[{"taxonomy":"product_brand","embeddable":true,"href":"https:\/\/placessites.com\/cs\/wp-json\/wp\/v2\/product_brand?post=14511"},{"taxonomy":"product_cat","embeddable":true,"href":"https:\/\/placessites.com\/cs\/wp-json\/wp\/v2\/product_cat?post=14511"},{"taxonomy":"product_tag","embeddable":true,"href":"https:\/\/placessites.com\/cs\/wp-json\/wp\/v2\/product_tag?post=14511"}],"curies":[{"name":"wp","href":"https:\/\/api.w.org\/{rel}","templated":true}]}}