{"id":14315,"date":"2025-12-18T12:10:59","date_gmt":"2025-12-18T12:10:59","guid":{"rendered":"https:\/\/placessites.com\/?post_type=product&#038;p=14315"},"modified":"2026-04-14T08:52:06","modified_gmt":"2026-04-14T08:52:06","slug":"-368","status":"publish","type":"product","link":"https:\/\/placessites.com\/cs\/prohlidka\/-368\/","title":{"rendered":"Prohl\u00eddka ostrova Saona s ob\u011bdem z Punta Cany"},"content":{"rendered":"<p>Prohl\u00eddka ostrova Saona s ob\u011bdem z Punta Cany<\/p>\n<p>Vydejte se s n\u00e1mi za dokonal\u00fdm karibsk\u00fdm dobrodru\u017estv\u00edm na n\u00e1\u0161 \u00fachvatn\u00fd z\u00e1jezd na ostrov Saona, kter\u00fd v\u00e1s vt\u00e1hne do dechberouc\u00ed kr\u00e1sy a \u017eiv\u00e9 kultury Dominik\u00e1nsk\u00e9 republiky!<\/p>\n<p>Va\u0161e cesta za\u010d\u00edn\u00e1 pohodln\u00fdm odjezdem z malebn\u00e9ho Bayahibe, kde se nalod\u00edte na pohodln\u00fd motorov\u00fd \u010dlun a vyd\u00e1te se na vzru\u0161uj\u00edc\u00ed plavbu po t\u0159pytiv\u00fdch vod\u00e1ch Karibsk\u00e9ho mo\u0159e. Poc\u00edt\u00edte vzru\u0161en\u00ed, jak se kolem v\u00e1s proh\u00e1n\u00ed v\u00edtr a p\u0159ed v\u00e1mi se objevuje malebn\u00e9 pob\u0159e\u017e\u00ed s p\u0159\u00edslibem dobrodru\u017estv\u00ed.<\/p>\n<p>A\u017e se vyd\u00e1te k p\u0159\u00edrodn\u00edmu koupali\u0161ti, budete m\u00edt mo\u017enost pono\u0159it se do k\u0159i\u0161\u0165\u00e1lov\u011b \u010dist\u00e9 vody, kde m\u016f\u017eete plavat a odpo\u010d\u00edvat obklopeni \u00fa\u017easnou mo\u0159skou kulisou. Tato jedine\u010dn\u00e1 oblast, kter\u00e1 se nach\u00e1z\u00ed mezi ostrovy Saona a Bayahibe, je ide\u00e1ln\u00ed pro koup\u00e1n\u00ed a po\u0159izov\u00e1n\u00ed nezapomenuteln\u00fdch fotografi\u00ed na pozad\u00ed idylick\u00e9 scen\u00e9rie.<\/p>\n<p>Po p\u0159\u00edjezdu na ostrov Saona se p\u0159ipravte na to, \u017ee v\u00e1s okouzl\u00ed jeho nedot\u010den\u00e9 pl\u00e1\u017ee s b\u00edl\u00fdm p\u00edskem a sv\u011b\u017e\u00ed tropick\u00e1 krajina. Nesp\u011bchejte s pr\u016fzkumem pob\u0159e\u017e\u00ed, sb\u00edr\u00e1n\u00edm jedine\u010dn\u00fdch mu\u0161l\u00ed a u\u017e\u00edv\u00e1n\u00edm si klidu tohoto r\u00e1je. Zat\u00edmco se budete vyh\u0159\u00edvat na slunci a mo\u0159sk\u00e9m v\u00e1nku, \u010dek\u00e1 v\u00e1s bohat\u00fd ob\u011bd formou bufetu v dominik\u00e1nsk\u00e9m stylu s r\u016fzn\u00fdmi m\u00edstn\u00edmi pokrmy, kter\u00e9 se pod\u00e1vaj\u00ed s panoramatick\u00fdm v\u00fdhledem na oce\u00e1n, jen\u017e umocn\u00ed v\u00e1\u0161 z\u00e1\u017eitek z j\u00eddla.<\/p>\n<p>Po ob\u011bd\u011b je \u010das uvolnit se a u\u017e\u00edt si \u017eivou atmosf\u00e9ru na palub\u011b katamar\u00e1nu. Odpoledne m\u016f\u017eete protan\u010dit p\u0159i \u017eiv\u00e9 hudb\u011b a p\u0159i zp\u00e1te\u010dn\u00ed plavb\u011b si vychutnat osv\u011b\u017euj\u00edc\u00ed tropick\u00e9 koktejly a n\u00e1poje v na\u0161em otev\u0159en\u00e9m baru. Tato \u017eiv\u00e1 oslava v\u00e1m p\u0159i odpo\u010dinku s p\u0159\u00e1teli a spolucestuj\u00edc\u00edmi vytvo\u0159\u00ed trval\u00e9 vzpom\u00ednky.<\/p>\n<p>Nenechte si uj\u00edt tuto \u00fa\u017easnou p\u0159\u00edle\u017eitost poznat kr\u00e1sy a kulturu Dominik\u00e1nsk\u00e9 republiky. Rezervujte si z\u00e1jezd na ostrov Saona a pro\u017eijte nezapomenutelnou dovolenou v Karibiku plnou dobrodru\u017estv\u00ed, odpo\u010dinku a nezapomenuteln\u00fdch okam\u017eik\u016f!<\/p>","protected":false},"excerpt":{"rendered":"<div data-track=\"overview\" data-v-83a2b402=\"\">\n<section id=\"activity-overview\" class=\"activity-overview\" data-component=\"overview\" data-v-83a2b402=\"\" data-v-f3236c42=\"\">\n<p class=\"activity-overview__content\" data-test-id=\"activity-overview-content\" data-v-f3236c42=\"\">Vydejte se na vzru\u0161uj\u00edc\u00ed cestu na ostrov Saona, kde se budete proh\u00e1n\u011bt po Karibsk\u00e9m mo\u0159i.<\/p>\n<\/section>\n<\/div>\n<div data-track=\"key-details\" data-v-83a2b402=\"\"><\/div>","protected":false},"featured_media":14555,"template":"","meta":[],"product_brand":[],"product_cat":[97,98],"product_tag":[101,102],"class_list":{"0":"post-14315","1":"product","2":"type-product","3":"status-publish","4":"has-post-thumbnail","6":"product_cat-dominican-republic","7":"product_cat-saona-island","8":"product_tag-excursion","9":"product_tag-tour","11":"first","12":"instock","13":"sale","14":"shipping-taxable","15":"product-type-external"},"_links":{"self":[{"href":"https:\/\/placessites.com\/cs\/wp-json\/wp\/v2\/product\/14315","targetHints":{"allow":["GET"]}}],"collection":[{"href":"https:\/\/placessites.com\/cs\/wp-json\/wp\/v2\/product"}],"about":[{"href":"https:\/\/placessites.com\/cs\/wp-json\/wp\/v2\/types\/product"}],"wp:featuredmedia":[{"embeddable":true,"href":"https:\/\/placessites.com\/cs\/wp-json\/wp\/v2\/media\/14555"}],"wp:attachment":[{"href":"https:\/\/placessites.com\/cs\/wp-json\/wp\/v2\/media?parent=14315"}],"wp:term":[{"taxonomy":"product_brand","embeddable":true,"href":"https:\/\/placessites.com\/cs\/wp-json\/wp\/v2\/product_brand?post=14315"},{"taxonomy":"product_cat","embeddable":true,"href":"https:\/\/placessites.com\/cs\/wp-json\/wp\/v2\/product_cat?post=14315"},{"taxonomy":"product_tag","embeddable":true,"href":"https:\/\/placessites.com\/cs\/wp-json\/wp\/v2\/product_tag?post=14315"}],"curies":[{"name":"wp","href":"https:\/\/api.w.org\/{rel}","templated":true}]}}