{"id":13979,"date":"2025-12-18T11:57:14","date_gmt":"2025-12-18T11:57:14","guid":{"rendered":"https:\/\/placessites.com\/?post_type=product&#038;p=13979"},"modified":"2026-02-11T11:21:43","modified_gmt":"2026-02-11T11:21:43","slug":"-329","status":"publish","type":"product","link":"https:\/\/placessites.com\/cs\/prohlidka\/-329\/","title":{"rendered":"Celodenn\u00ed v\u00fdlet na ostrov Saona s vyzvednut\u00edm v hotelu Punta Cana"},"content":{"rendered":"<p>Celodenn\u00ed prohl\u00eddka ostrova Saona s vyzvednut\u00edm v hotelu v Punta Can\u011b<\/p>\n<p>Vydejte se na nezapomenuteln\u00e9 dobrodru\u017estv\u00ed na ostrov Isla Saona, tropick\u00fd r\u00e1j na jihov\u00fdchodn\u00edm c\u00edpu Dominik\u00e1nsk\u00e9 republiky. Tento \u00fachvatn\u00fd ostrov je proslul\u00fd sv\u00fdmi \u00fachvatn\u00fdmi p\u0159\u00edrodn\u00edmi kr\u00e1sami a je sou\u010d\u00e1st\u00ed V\u00fdchodn\u00edho n\u00e1rodn\u00edho parku, co\u017e z n\u011bj \u010din\u00ed ide\u00e1ln\u00ed destinaci pro milovn\u00edky p\u0159\u00edrody i pl\u00e1\u017eov\u00e9 nad\u0161ence.<\/p>\n<p>Isla Saona je \u00fato\u010di\u0161t\u011bm jedine\u010dn\u00fdch p\u0159\u00edrodn\u00edch kr\u00e1s s bujn\u00fdmi mangrovov\u00fdmi porosty, \u017eivouc\u00edmi kor\u00e1lov\u00fdmi \u00fatesy a nedot\u010den\u00fdmi pl\u00e1\u017eemi. Jednou z hlavn\u00edch atrakc\u00ed ostrova je pl\u00e1\u017e La Palmilla, proslul\u00e1 neuv\u011b\u0159iteln\u011b zlat\u00fdm p\u00edskem, kter\u00fd se t\u00e1hne pod\u00e9l pob\u0159e\u017e\u00ed a je lemov\u00e1n vysok\u00fdmi palmami arac\u00e1cea. P\u0159i prohl\u00eddce t\u00e9to oblasti v\u00e1s uchv\u00e1t\u00ed klidn\u00e1 atmosf\u00e9ra a malebn\u00e1 krajina, kter\u00e1 v\u00e1s obklopuje.<\/p>\n<p>Jedn\u00edm z jedine\u010dn\u00fdch z\u00e1\u017eitk\u016f na ostrov\u011b Isla Saona je mo\u017enost obdivovat hojn\u00e9 hv\u011bzdice, kter\u00e9 ob\u00fdvaj\u00ed k\u0159i\u0161\u0165\u00e1lov\u011b \u010dist\u00e9 vody. Tato okouzluj\u00edc\u00ed stvo\u0159en\u00ed se vyskytuj\u00ed v m\u011blk\u00fdch oblastech a jsou bezesporu skute\u010dn\u00fdmi kr\u00e1lovnami ostrova. Budete m\u00edt p\u0159\u00edle\u017eitost po\u0159\u00eddit n\u00e1dhern\u00e9 fotografie a vytvo\u0159it si trval\u00e9 vzpom\u00ednky na tyto p\u0159\u00edrodn\u00ed z\u00e1zraky.<\/p>\n<p>Tento v\u00fdlet je ur\u010den pro ka\u017ed\u00e9ho, a\u0165 u\u017e cestujete s dosp\u011bl\u00fdmi, d\u011btmi, p\u0159\u00e1teli nebo partnerem. Po p\u0159\u00edjezdu na ostrov se m\u016f\u017eete v klidu proj\u00edt p\u0159\u00edrodn\u00edm baz\u00e9nem v Karibsk\u00e9m mo\u0159i, kde je voda klidn\u00e1 a m\u011blk\u00e1, sahaj\u00edc\u00ed pouze po kolena. Toto idylick\u00e9 prost\u0159ed\u00ed je ide\u00e1ln\u00ed pro relaxa\u010dn\u00ed koup\u00e1n\u00ed nebo prost\u00e9 brouzd\u00e1n\u00ed v tepl\u00e9 vod\u011b p\u0159i slun\u011bn\u00ed Celodenn\u00ed v\u00fdlet s vyzvednut\u00edm v hotelu<\/p>\n<p>V r\u00e1mci dne v\u00e1s \u010dek\u00e1 vynikaj\u00edc\u00ed j\u00eddlo, kter\u00e9 odr\u00e1\u017e\u00ed bohat\u00e9 chut\u011b dominik\u00e1nsk\u00e9 kuchyn\u011b a kter\u00e9 se pod\u00e1v\u00e1 v okouzluj\u00edc\u00ed kulise ostrova. Pro uha\u0161en\u00ed \u017e\u00edzn\u011b si vychutnejte osv\u011b\u017euj\u00edc\u00ed mojito z \u010derstv\u00fdch surovin, kter\u00e9 v\u00e1m umo\u017en\u00ed vychutnat si chu\u0165 trop\u016f.<\/p>\n<p>O dal\u0161\u00ed z\u00e1bavu se postar\u00e1 n\u00e1\u0161 \u017eiv\u00fd t\u00fdm anim\u00e1tor\u016f, kter\u00fd se postar\u00e1 o hudbu a tanec a vytvo\u0159\u00ed p\u0159\u00edjemnou a slavnostn\u00ed atmosf\u00e9ru, v n\u00ed\u017e se m\u016f\u017eete zapojit do oslav a nav\u00e1zat nov\u00e1 p\u0159\u00e1telstv\u00ed.<\/p>\n<p>Isla Saona je skute\u010dn\u011b povinnou destinac\u00ed pro ka\u017ed\u00e9ho, kdo je v <a href=\"https:\/\/bookingadventures.tours\/booking.php?slug=Punta_Cana_Catamaran_Boat_to_Saona_Island_with_Buffet_Lunch\" target=\"_blank\" rel=\"noopener\">Punta Cana<\/a>. Jsme p\u0159esv\u011bd\u010deni, \u017ee tento v\u00fdlet bude jedn\u00edm z vrchol\u016f va\u0161\u00ed dovolen\u00e9 a zanech\u00e1 ve v\u00e1s nezapomenuteln\u00e9 vzpom\u00ednky a hlubok\u00e9 uzn\u00e1n\u00ed pro kr\u00e1su Dominik\u00e1nsk\u00e9 republiky. Nenechte si uj\u00edt tuto neuv\u011b\u0159itelnou p\u0159\u00edle\u017eitost poznat jeden z nejkr\u00e1sn\u011bj\u0161\u00edch p\u0159\u00edrodn\u00edch r\u00e1j\u016f!<\/p>","protected":false},"excerpt":{"rendered":"<div data-track=\"overview\" data-v-83a2b402=\"\">\n<section id=\"activity-overview\" class=\"activity-overview\" data-component=\"overview\" data-v-83a2b402=\"\" data-v-f3236c42=\"\">\n<p class=\"activity-overview__content\" data-test-id=\"activity-overview-content\" data-v-f3236c42=\"\">Je to ide\u00e1ln\u00ed v\u00fdlet pro dosp\u011bl\u00e9, d\u011bti, p\u0159\u00e1tele nebo partnery. Jakmile se ocitnete na ostrov\u011b, m\u016f\u017eete se proj\u00edt p\u0159\u00edrodn\u00edm baz\u00e9nem v Karibsk\u00e9m mo\u0159i, proto\u017ee voda kolem ostrova Saona...<\/p>\n<\/section>\n<\/div>\n<div data-track=\"key-details\" data-v-83a2b402=\"\"><\/div>","protected":false},"featured_media":14182,"template":"","meta":[],"product_brand":[],"product_cat":[97,98],"product_tag":[101,102],"class_list":{"0":"post-13979","1":"product","2":"type-product","3":"status-publish","4":"has-post-thumbnail","6":"product_cat-dominican-republic","7":"product_cat-saona-island","8":"product_tag-excursion","9":"product_tag-tour","11":"first","12":"instock","13":"sale","14":"shipping-taxable","15":"product-type-external"},"_links":{"self":[{"href":"https:\/\/placessites.com\/cs\/wp-json\/wp\/v2\/product\/13979","targetHints":{"allow":["GET"]}}],"collection":[{"href":"https:\/\/placessites.com\/cs\/wp-json\/wp\/v2\/product"}],"about":[{"href":"https:\/\/placessites.com\/cs\/wp-json\/wp\/v2\/types\/product"}],"wp:featuredmedia":[{"embeddable":true,"href":"https:\/\/placessites.com\/cs\/wp-json\/wp\/v2\/media\/14182"}],"wp:attachment":[{"href":"https:\/\/placessites.com\/cs\/wp-json\/wp\/v2\/media?parent=13979"}],"wp:term":[{"taxonomy":"product_brand","embeddable":true,"href":"https:\/\/placessites.com\/cs\/wp-json\/wp\/v2\/product_brand?post=13979"},{"taxonomy":"product_cat","embeddable":true,"href":"https:\/\/placessites.com\/cs\/wp-json\/wp\/v2\/product_cat?post=13979"},{"taxonomy":"product_tag","embeddable":true,"href":"https:\/\/placessites.com\/cs\/wp-json\/wp\/v2\/product_tag?post=13979"}],"curies":[{"name":"wp","href":"https:\/\/api.w.org\/{rel}","templated":true}]}}