{"id":13659,"date":"2025-12-18T11:42:42","date_gmt":"2025-12-18T11:42:42","guid":{"rendered":"https:\/\/placessites.com\/?post_type=product&#038;p=13659"},"modified":"2025-12-18T11:55:47","modified_gmt":"2025-12-18T11:55:47","slug":"-300","status":"publish","type":"product","link":"https:\/\/placessites.com\/cs\/prohlidka\/-300\/","title":{"rendered":"Ostrov Saona Z Punta Cany s dopravou v cen\u011b"},"content":{"rendered":"<p>Prohl\u00eddka ostrova Saona z Punta Cany s dopravou all inclusive<\/p>\n<p>Vydejte se na nezapomenutelnou cestu na ostrov Saona, skute\u010dn\u00fd r\u00e1j na zemi. P\u0159edstavte si, \u017ee le\u017e\u00edte na nedot\u010den\u00fdch pl\u00e1\u017e\u00edch s b\u00edl\u00fdm p\u00edskem, u nohou v\u00e1m \u0161um\u00ed jemn\u00e9 vlny a \u017eiv\u00e9 tyrkysov\u00e9 vody se t\u00e1hnou, kam a\u017e oko dohl\u00e9dne. Vysok\u00e9 palmy se pohupuj\u00ed v jemn\u00e9m mo\u0159sk\u00e9m v\u00e1nku a vytv\u00e1\u0159ej\u00ed dokonalou kulisu pro relaxaci a omlazen\u00ed.<\/p>\n<p>Tento vzru\u0161uj\u00edc\u00ed v\u00fdlet na ostrov Saona je v\u00edc ne\u017e jen v\u00fdlet, je to z\u00e1\u017eitek na cel\u00fd \u017eivot, kter\u00fd si prost\u011b nem\u016f\u017eete nechat uj\u00edt.<\/p>\n<p>Va\u0161e dobrodru\u017estv\u00ed za\u010d\u00edn\u00e1 pohodln\u00fdm vyzvednut\u00edm z va\u0161eho hotelu v Punta Can\u011b, kde v\u00e1s p\u0159iv\u00edtaj\u00ed na\u0161i p\u0159\u00e1tel\u0161t\u00ed pr\u016fvodci. Pot\u00e9 budete p\u0159evezeni do p\u016fvabn\u00e9 pob\u0159e\u017en\u00ed vesnice Bayahibe, odkud se vyd\u00e1te na cestu. Po p\u0159\u00edjezdu nastoup\u00edte na palubu prostorn\u00e9ho katamar\u00e1nu, kde poc\u00edt\u00edte, jak se o\u010dek\u00e1v\u00e1n\u00ed stup\u0148uje a jak se p\u0159ipravujete na neuv\u011b\u0159iteln\u00fd den, kter\u00fd v\u00e1s \u010dek\u00e1.<\/p>\n<p>Po vyplut\u00ed v\u00e1s \u010dek\u00e1 vzru\u0161uj\u00edc\u00ed j\u00edzda rychl\u00fdm \u010dlunem po t\u0159pytiv\u00e9m Karibsk\u00e9m mo\u0159i, kter\u00e9 se hem\u017e\u00ed odst\u00edny modr\u00e9 a zelen\u00e9. M\u011bjte o\u010di na stopk\u00e1ch a pozorujte fascinuj\u00edc\u00ed podmo\u0159sk\u00fd \u017eivot, kter\u00fd je vid\u011bt pod hladinou. Va\u0161\u00ed prvn\u00ed zast\u00e1vkou bude dechberouc\u00ed p\u0159\u00edrodn\u00ed koupali\u0161t\u011b Piscina Natural, kde se m\u016f\u017eete osv\u011b\u017eit a zhruba 45 minut s dopravou All-Inclusive se kochat n\u00e1dhern\u00fdm prost\u0159ed\u00edm.<\/p>\n<p>Pokra\u010dujte d\u00e1l a brzy doraz\u00edte na ostrov Isla Saona, kde budete m\u00edt p\u0159ibli\u017en\u011b 3 hodiny a 30 minut na prozkoum\u00e1n\u00ed tohoto tropick\u00e9ho r\u00e1je. A\u0165 u\u017e se rozhodnete vyh\u0159\u00edvat na slunci, plavat v pr\u016fzra\u010dn\u00e9 vod\u011b nebo se proch\u00e1zet po pl\u00e1\u017ei, kr\u00e1sa ostrova Saona v\u00e1s uchv\u00e1t\u00ed. Doprava all inclusive.<\/p>\n<p>A\u017e p\u0159ijde \u010das n\u00e1vratu, nasedn\u011bte na kr\u00e1sn\u00fd katamar\u00e1n a vydejte se na plavbu zp\u011bt do Bayahibe. Odpo\u010di\u0148te si a u\u017eijte si \u017eivou atmosf\u00e9ru plnou hudby, tance a radosti z nov\u00fdch p\u0159\u00e1tel. B\u011bhem plavby si dop\u0159ejte neomezen\u00e9 mno\u017estv\u00ed n\u00e1poj\u016f a chutn\u00e9ho ob\u010derstven\u00ed a vytvo\u0159te si trval\u00e9 vzpom\u00ednky na toto velkolep\u00e9 dobrodru\u017estv\u00ed. Zp\u00e1te\u010dn\u00ed cesta trv\u00e1 p\u0159ibli\u017en\u011b 1 hodinu a 30 minut, tak\u017ee budete m\u00edt dostatek \u010dasu naposledy se pokochat \u00fachvatnou krajinou, ne\u017e se v\u00e1\u0161 den uzav\u0159e.<\/p>","protected":false},"excerpt":{"rendered":"<div data-track=\"overview\" data-v-83a2b402=\"\">\n<section id=\"activity-overview\" class=\"activity-overview\" data-component=\"overview\" data-v-83a2b402=\"\" data-v-f3236c42=\"\">\n<p class=\"activity-overview__content\" data-test-id=\"activity-overview-content\" data-v-f3236c42=\"\">Za\u017eijete r\u00e1j na zemi obklopen\u00fd b\u00edl\u00fdmi p\u00edse\u010dn\u00fdmi pl\u00e1\u017eemi, k\u0159i\u0161\u0165\u00e1lov\u011b \u010distou tyrkysovou vodou a nes\u010detn\u00fdmi palmami, kter\u00e9 p\u0159\u00edmo vyb\u00edzej\u00ed k odpo\u010dinku.<\/p>\n<\/section>\n<\/div>\n<div data-track=\"key-details\" data-v-83a2b402=\"\"><\/div>","protected":false},"featured_media":13937,"template":"","meta":[],"product_brand":[],"product_cat":[97,98],"product_tag":[101,102],"class_list":{"0":"post-13659","1":"product","2":"type-product","3":"status-publish","4":"has-post-thumbnail","6":"product_cat-dominican-republic","7":"product_cat-saona-island","8":"product_tag-excursion","9":"product_tag-tour","11":"first","12":"instock","13":"sale","14":"shipping-taxable","15":"product-type-external"},"_links":{"self":[{"href":"https:\/\/placessites.com\/cs\/wp-json\/wp\/v2\/product\/13659","targetHints":{"allow":["GET"]}}],"collection":[{"href":"https:\/\/placessites.com\/cs\/wp-json\/wp\/v2\/product"}],"about":[{"href":"https:\/\/placessites.com\/cs\/wp-json\/wp\/v2\/types\/product"}],"wp:featuredmedia":[{"embeddable":true,"href":"https:\/\/placessites.com\/cs\/wp-json\/wp\/v2\/media\/13937"}],"wp:attachment":[{"href":"https:\/\/placessites.com\/cs\/wp-json\/wp\/v2\/media?parent=13659"}],"wp:term":[{"taxonomy":"product_brand","embeddable":true,"href":"https:\/\/placessites.com\/cs\/wp-json\/wp\/v2\/product_brand?post=13659"},{"taxonomy":"product_cat","embeddable":true,"href":"https:\/\/placessites.com\/cs\/wp-json\/wp\/v2\/product_cat?post=13659"},{"taxonomy":"product_tag","embeddable":true,"href":"https:\/\/placessites.com\/cs\/wp-json\/wp\/v2\/product_tag?post=13659"}],"curies":[{"name":"wp","href":"https:\/\/api.w.org\/{rel}","templated":true}]}}