{"id":13530,"date":"2025-12-18T11:36:41","date_gmt":"2025-12-18T11:36:41","guid":{"rendered":"https:\/\/placessites.com\/?post_type=product&#038;p=13530"},"modified":"2026-02-11T10:58:08","modified_gmt":"2026-02-11T10:58:08","slug":"-285","status":"publish","type":"product","link":"https:\/\/placessites.com\/cs\/prohlidka\/-285\/","title":{"rendered":"Z Punta Cany: Celodenn\u00ed v\u00fdlet na ostrov Saona"},"content":{"rendered":"<h2>Celodenn\u00ed v\u00fdlet na ostrov Saona z Punta Cany<\/h2>\n<p>Sv\u00e9 dobrodru\u017estv\u00ed za\u010dn\u011bte vyzvednut\u00edm z hotelu v Punta Can\u011b nebo Bavaro. Vychutnejte si vyhl\u00eddkov\u00fd transfer na pl\u00e1\u017e Bayahibe, kde se nalod\u00edte na katamar\u00e1n nebo rychl\u00fd \u010dlun a poplujete na ostrov Saona.<\/p>\n<p>Ostrov Saona je \u00fa\u017easn\u00fd karibsk\u00fd r\u00e1j o rozloze 42 km2, kter\u00fd se nach\u00e1z\u00ed u ji\u017en\u00edho pob\u0159e\u017e\u00ed Dominik\u00e1nsk\u00e9 republiky. P\u016fvodn\u011b jej indi\u00e1ni kmene Taino pojmenovali Adamanay, ale Kry\u0161tof Kolumbus jej b\u011bhem sv\u00e9 druh\u00e9 cesty do Ameriky v roce 1494 p\u0159ejmenoval.<\/p>\n<p>Po cest\u011b na malebn\u00fd ostrov se posa\u010fte na palubu a vychutn\u00e1vejte si slunce a mo\u0159e. Po cest\u011b bude kr\u00e1tk\u00e1 20minutov\u00e1 zast\u00e1vka u velk\u00e9ho p\u0159\u00edrodn\u00edho koupali\u0161t\u011b na rychl\u00e9 vykoup\u00e1n\u00ed v r\u00e1mci celodenn\u00edho v\u00fdletu.<\/p>\n<p>Po p\u0159\u00edjezdu budete m\u00edt voln\u00fd \u010das, abyste si ostrov prohl\u00e9dli vlastn\u00edm tempem, co\u017e z tohoto z\u00e1jezdu \u010din\u00ed skv\u011blou volbu pro nez\u00e1visl\u00e9 cestovatele. Mezi voliteln\u00e9 aktivity pat\u0159\u00ed volejbal a lekce tance, nebo si m\u016f\u017eete odpo\u010dinout na poskytnut\u00fdch leh\u00e1tk\u00e1ch a vychutnat si n\u00e1poje z otev\u0159en\u00e9ho baru. Celodenn\u00ed v\u00fdlet.<\/p>\n<p>Projd\u011bte se po b\u00edl\u00e9 p\u00edse\u010dn\u00e9 pl\u00e1\u017ei pod kym\u00e1cej\u00edc\u00edmi se palmami a sb\u00edrejte mu\u0161le nebo se jd\u011bte vykoupat, dokud nenastane \u010das na ob\u011bd formou bufetu. Vychutnejte si tradi\u010dn\u00ed dominik\u00e1nsk\u00e9 j\u00eddlo, kter\u00e9 zahrnuje ku\u0159ec\u00ed a vep\u0159ov\u00e9 maso, r\u00fd\u017ei, fazole, sal\u00e1t a \u010derstv\u00e9 ovoce.<\/p>\n<p>Po t\u0159ech hodin\u00e1ch str\u00e1ven\u00fdch na ostrov\u011b se vr\u00e1t\u00edte do sv\u00e9ho ubytov\u00e1n\u00ed na pevnin\u011b.<\/p>","protected":false},"excerpt":{"rendered":"<div data-track=\"overview\" data-v-83a2b402=\"\">\n<section id=\"activity-overview\" class=\"activity-overview\" data-component=\"overview\" data-v-83a2b402=\"\" data-v-f3236c42=\"\">\n<p class=\"activity-overview__content\" data-test-id=\"activity-overview-content\" data-v-f3236c42=\"\">Objevte kr\u00e1sy ostrova Saona a dop\u0159ejte si 3 hodiny voln\u00e9ho \u010dasu na prozkoum\u00e1n\u00ed jeho b\u00edl\u00fdch p\u00edse\u010dn\u00fdch pl\u00e1\u017e\u00ed a tyrkysov\u00fdch vod.<\/p>\n<\/section>\n<\/div>\n<div data-track=\"key-details\" data-v-83a2b402=\"\"><\/div>","protected":false},"featured_media":13800,"template":"","meta":[],"product_brand":[],"product_cat":[97,98],"product_tag":[101,102],"class_list":{"0":"post-13530","1":"product","2":"type-product","3":"status-publish","4":"has-post-thumbnail","6":"product_cat-dominican-republic","7":"product_cat-saona-island","8":"product_tag-excursion","9":"product_tag-tour","11":"first","12":"instock","13":"sale","14":"shipping-taxable","15":"product-type-external"},"_links":{"self":[{"href":"https:\/\/placessites.com\/cs\/wp-json\/wp\/v2\/product\/13530","targetHints":{"allow":["GET"]}}],"collection":[{"href":"https:\/\/placessites.com\/cs\/wp-json\/wp\/v2\/product"}],"about":[{"href":"https:\/\/placessites.com\/cs\/wp-json\/wp\/v2\/types\/product"}],"wp:featuredmedia":[{"embeddable":true,"href":"https:\/\/placessites.com\/cs\/wp-json\/wp\/v2\/media\/13800"}],"wp:attachment":[{"href":"https:\/\/placessites.com\/cs\/wp-json\/wp\/v2\/media?parent=13530"}],"wp:term":[{"taxonomy":"product_brand","embeddable":true,"href":"https:\/\/placessites.com\/cs\/wp-json\/wp\/v2\/product_brand?post=13530"},{"taxonomy":"product_cat","embeddable":true,"href":"https:\/\/placessites.com\/cs\/wp-json\/wp\/v2\/product_cat?post=13530"},{"taxonomy":"product_tag","embeddable":true,"href":"https:\/\/placessites.com\/cs\/wp-json\/wp\/v2\/product_tag?post=13530"}],"curies":[{"name":"wp","href":"https:\/\/api.w.org\/{rel}","templated":true}]}}