{"id":13331,"date":"2025-12-18T11:28:38","date_gmt":"2025-12-18T11:28:38","guid":{"rendered":"https:\/\/placessites.com\/?post_type=product&#038;p=13331"},"modified":"2026-01-07T10:46:03","modified_gmt":"2026-01-07T10:46:03","slug":"-261","status":"publish","type":"product","link":"https:\/\/placessites.com\/cs\/prohlidka\/-261\/","title":{"rendered":"Z La Romany: ostrov Saona pro cestuj\u00edc\u00ed spole\u010dnosti Aida Cruises"},"content":{"rendered":"<h2>Z La Romany: ostrov Saona pro cestuj\u00edc\u00ed spole\u010dnosti Aida Cruises<\/h2>\n<p>Vozidlo pro v\u00e1s bude p\u0159ipraveno na stanovi\u0161ti taxi u v\u00fdchodu z termin\u00e1lu, kde se shrom\u00e1\u017ed\u00ed v\u0161ichni \u00fa\u010dastn\u00edci plavby. \u0158idi\u010d v\u00e1s pak odveze do na\u0161\u00ed kancel\u00e1\u0159e v Bayahibe, kde na\u0161e dobrodru\u017estv\u00ed za\u010d\u00edn\u00e1.<\/p>\n<p>Vydejte se s n\u00e1mi do Bayahibe a pro\u017eijte rodinn\u00e9 dobrodru\u017estv\u00ed na na\u0161\u00ed \u010dekaj\u00edc\u00ed lodi.<\/p>\n<p>P\u0159ipravte se na speci\u00e1ln\u00ed v\u00fdlet na ostrov Saona! Za\u010dneme prohl\u00eddkou ostrova Penon, kde n\u00e1m n\u00e1\u0161 pr\u016fvodce povypr\u00e1v\u00ed o jeho historii a tainsk\u00fdch obyvatel\u00edch. Pot\u00e9 se budeme plavit mangrovov\u00fdmi porosty a m\u00edjet vzkv\u00e9taj\u00edc\u00ed pal\u00e9tuviery.<\/p>\n<p>Po p\u0159\u00edjezdu na ostrov Saona nav\u0161t\u00edv\u00edme vesnici Mano Juan, kde uvid\u00edme m\u00edstn\u00ed \u017eivot mezi barevn\u00fdmi domy a mal\u00fdmi obch\u016fdky. Zastav\u00edme se tak\u00e9 u \u017eelv\u00ed \u0161kolky, kterou provozuj\u00ed m\u00edstn\u00ed obyvatel\u00e9 a kter\u00e1 ukazuje jejich snahu o ochranu p\u0159\u00edrody, i kdy\u017e kv\u016fli sez\u00f3nn\u00edm zm\u011bn\u00e1m mo\u017en\u00e1 neuvid\u00edme ml\u00e1\u010fata.<\/p>\n<p>Na ob\u011bd m\u016f\u017eete ochutnat pokrmy dominik\u00e1nsk\u00e9 kuchyn\u011b a z\u00e1rove\u0148 se kochat n\u00e1dhern\u00fdm v\u00fdhledem na pl\u00e1\u017e Saona. B\u011bhem sez\u00f3ny humr\u016f (od 1. \u010dervence do 29. \u00fanora) je k dispozici za $25 na osobu. Pozd\u011bji se vyd\u00e1me na Canto de la Playa, kr\u00e1snou pl\u00e1\u017e ide\u00e1ln\u00ed pro odpo\u010dinek nebo \u0161norchlov\u00e1n\u00ed z Z La Romana: ostrov Saona pro cestuj\u00edc\u00ed Aida Cruises.<\/p>\n<p>Na\u0161\u00ed posledn\u00ed zast\u00e1vkou je p\u0159\u00edrodn\u00ed t\u016f\u0148ka, kde m\u016f\u017eete vid\u011bt velk\u00e9 hv\u011bzdice (nedot\u00fdkejte se jich, pros\u00edm). Host\u00e9 si mohou zaplavat v m\u011blk\u00e9 vod\u011b a vychutnat si osv\u011b\u017euj\u00edc\u00ed n\u00e1poje a po n\u00e1vratu do p\u0159\u00edstavu Bayahibe zakon\u010dit cestu nezapomenuteln\u00fdmi vzpom\u00ednkami.<\/p>\n<p>Prohl\u00eddka kon\u010d\u00ed v Bayahibe, kde na v\u00e1s bude \u010dekat doprava zp\u011bt do p\u0159\u00edstavu La Romana.<\/p>","protected":false},"excerpt":{"rendered":"<div data-track=\"overview\" data-v-83a2b402=\"\">\n<section id=\"activity-overview\" class=\"activity-overview\" data-component=\"overview\" data-v-83a2b402=\"\" data-v-f3236c42=\"\">\n<p class=\"activity-overview__content\" data-test-id=\"activity-overview-content\" data-v-f3236c42=\"\">U\u017eijte si v\u00fdlet na ostrov Saona z p\u0159\u00edstavu La Romana.<\/p>\n<\/section>\n<\/div>\n<div data-track=\"key-details\" data-v-83a2b402=\"\"><\/div>","protected":false},"featured_media":13538,"template":"","meta":[],"product_brand":[],"product_cat":[97,98],"product_tag":[101,102],"class_list":{"0":"post-13331","1":"product","2":"type-product","3":"status-publish","4":"has-post-thumbnail","6":"product_cat-dominican-republic","7":"product_cat-saona-island","8":"product_tag-excursion","9":"product_tag-tour","11":"first","12":"instock","13":"sale","14":"shipping-taxable","15":"product-type-external"},"_links":{"self":[{"href":"https:\/\/placessites.com\/cs\/wp-json\/wp\/v2\/product\/13331","targetHints":{"allow":["GET"]}}],"collection":[{"href":"https:\/\/placessites.com\/cs\/wp-json\/wp\/v2\/product"}],"about":[{"href":"https:\/\/placessites.com\/cs\/wp-json\/wp\/v2\/types\/product"}],"wp:featuredmedia":[{"embeddable":true,"href":"https:\/\/placessites.com\/cs\/wp-json\/wp\/v2\/media\/13538"}],"wp:attachment":[{"href":"https:\/\/placessites.com\/cs\/wp-json\/wp\/v2\/media?parent=13331"}],"wp:term":[{"taxonomy":"product_brand","embeddable":true,"href":"https:\/\/placessites.com\/cs\/wp-json\/wp\/v2\/product_brand?post=13331"},{"taxonomy":"product_cat","embeddable":true,"href":"https:\/\/placessites.com\/cs\/wp-json\/wp\/v2\/product_cat?post=13331"},{"taxonomy":"product_tag","embeddable":true,"href":"https:\/\/placessites.com\/cs\/wp-json\/wp\/v2\/product_tag?post=13331"}],"curies":[{"name":"wp","href":"https:\/\/api.w.org\/{rel}","templated":true}]}}