{"id":13186,"date":"2025-12-18T11:22:48","date_gmt":"2025-12-18T11:22:48","guid":{"rendered":"https:\/\/placessites.com\/?post_type=product&#038;p=13186"},"modified":"2026-01-07T10:00:59","modified_gmt":"2026-01-07T10:00:59","slug":"-245","status":"publish","type":"product","link":"https:\/\/placessites.com\/cs\/prohlidka\/-245\/","title":{"rendered":"Prohl\u00eddka ostrova Saona ze Santo Dominga"},"content":{"rendered":"<p>Prohl\u00eddka ostrova Saona ze Santo Dominga<\/p>\n<p>P\u0159ipravte se na nezapomenuteln\u00fd den t\u00edm, \u017ee si sbal\u00edte plavky a ru\u010dn\u00edk a r\u00e1no si je vyzvednete v hotelu. Odpo\u010di\u0148te si a vychutnejte si malebnou cestu malebnou dominik\u00e1nskou krajinou, zat\u00edmco budete cestovat do p\u0159\u00edstavu v pohodl\u00ed na\u0161eho transferov\u00e9ho vozidla.<\/p>\n<p>Vydejte se na nezapomenuteln\u00e9 dobrodru\u017estv\u00ed z Bayahibe, kde se nalod\u00edte na motorov\u00e9 \u010dluny nebo katamar\u00e1ny podle denn\u00edho programu. U\u017eijte si vzru\u0161uj\u00edc\u00ed j\u00edzdu na obou typech plavidel. Pot\u00e9 objevte p\u0159\u00edrodn\u00ed koupali\u0161t\u011b nach\u00e1zej\u00edc\u00ed se mezi ostrovem Saona a Bayahibe. Odpo\u010d\u00edvejte u n\u00e1poj\u016f, po\u0159izujte n\u00e1dhern\u00e9 fotografie a brouzdejte se v k\u0159i\u0161\u0165\u00e1lov\u011b \u010dist\u00e9 vod\u011b hlubok\u00e9 jen n\u011bkolik metr\u016f, kter\u00e1 je ide\u00e1ln\u00ed pro v\u0161echny v\u011bkov\u00e9 kategorie.<\/p>\n<p>P\u0159\u00edjezd na ostrov Saona je \u00fachvatn\u00fd okam\u017eik. Jakmile vstoup\u00edte na ostrov, vydejte se na cestu t\u00edmto tropick\u00fdm r\u00e1jem. V klidu se projd\u011bte pod\u00e9l nedot\u010den\u00e9ho pob\u0159e\u017e\u00ed, sb\u00edrejte mu\u0161le a vychutn\u00e1vejte si uklid\u0148uj\u00edc\u00ed mo\u0159sk\u00fd v\u00e1nek na z\u00e1jezdu na ostrov Saona ze Santo Dominga.<\/p>\n<p>V poledne si vychutnejte lahodn\u00fd bufet v dominik\u00e1nsk\u00e9m stylu, kter\u00fd p\u0159ipravuje n\u00e1\u0161 pozorn\u00fd person\u00e1l. Vychutnejte si v\u00fdb\u011br tradi\u010dn\u00edch i mezin\u00e1rodn\u00edch j\u00eddel a obdivujte p\u0159itom \u00fachvatnou kr\u00e1su ostrova Saona.<\/p>\n<div class=\"toggle-content__content toggle-content__content--expanded toggle-content__content--packable\" data-v-59485d64=\"\">\n<div data-test-id=\"activity-full-description-text\" data-v-5835c99c=\"\">Na konci dne se na palub\u011b katamar\u00e1nu vra\u0165te do Santo Dominga, kde se m\u016f\u017eete z\u00fa\u010dastnit \u017eiv\u00e9 tane\u010dn\u00ed party a vychutnat si otev\u0159en\u00fd bar. Po vzru\u0161uj\u00edc\u00edm dni v\u00e1s odvezeme do va\u0161eho hotelu a zajist\u00edme, \u017ee va\u0161e dobrodru\u017estv\u00ed skon\u010d\u00ed stylov\u011b a pohodln\u011b.<\/div>\n<\/div>\n<div class=\"toggle-content__label-placeholder\" data-v-59485d64=\"\"><\/div>","protected":false},"excerpt":{"rendered":"<div data-track=\"overview\" data-v-83a2b402=\"\">\n<section id=\"activity-overview\" class=\"activity-overview\" data-component=\"overview\" data-v-83a2b402=\"\" data-v-f3236c42=\"\">\n<p class=\"activity-overview__content\" data-test-id=\"activity-overview-content\" data-v-f3236c42=\"\">Vyplujte na katamar\u00e1nu nebo rychl\u00e9m \u010dlunu na ostrov Saona na celodenn\u00ed v\u00fdlet z Punta Cany. Zaplavte si v k\u0159i\u0161\u0165\u00e1lov\u011b \u010dist\u00e9 vod\u011b p\u0159\u00edrodn\u00edho koupali\u0161t\u011b a vychutnejte si chutn\u00fd ob\u011bd na pl\u00e1\u017ei.<\/p>\n<\/section>\n<\/div>\n<div data-track=\"key-details\" data-v-83a2b402=\"\"><\/div>","protected":false},"featured_media":13411,"template":"","meta":[],"product_brand":[],"product_cat":[97,98],"product_tag":[101,102],"class_list":{"0":"post-13186","1":"product","2":"type-product","3":"status-publish","4":"has-post-thumbnail","6":"product_cat-dominican-republic","7":"product_cat-saona-island","8":"product_tag-excursion","9":"product_tag-tour","11":"first","12":"instock","13":"sale","14":"shipping-taxable","15":"product-type-external"},"_links":{"self":[{"href":"https:\/\/placessites.com\/cs\/wp-json\/wp\/v2\/product\/13186","targetHints":{"allow":["GET"]}}],"collection":[{"href":"https:\/\/placessites.com\/cs\/wp-json\/wp\/v2\/product"}],"about":[{"href":"https:\/\/placessites.com\/cs\/wp-json\/wp\/v2\/types\/product"}],"wp:featuredmedia":[{"embeddable":true,"href":"https:\/\/placessites.com\/cs\/wp-json\/wp\/v2\/media\/13411"}],"wp:attachment":[{"href":"https:\/\/placessites.com\/cs\/wp-json\/wp\/v2\/media?parent=13186"}],"wp:term":[{"taxonomy":"product_brand","embeddable":true,"href":"https:\/\/placessites.com\/cs\/wp-json\/wp\/v2\/product_brand?post=13186"},{"taxonomy":"product_cat","embeddable":true,"href":"https:\/\/placessites.com\/cs\/wp-json\/wp\/v2\/product_cat?post=13186"},{"taxonomy":"product_tag","embeddable":true,"href":"https:\/\/placessites.com\/cs\/wp-json\/wp\/v2\/product_tag?post=13186"}],"curies":[{"name":"wp","href":"https:\/\/api.w.org\/{rel}","templated":true}]}}