{"id":13178,"date":"2025-12-18T11:22:17","date_gmt":"2025-12-18T11:22:17","guid":{"rendered":"https:\/\/placessites.com\/?post_type=product&#038;p=13178"},"modified":"2026-02-14T05:57:19","modified_gmt":"2026-02-14T05:57:19","slug":"-244","status":"publish","type":"product","link":"https:\/\/placessites.com\/cs\/prohlidka\/-244\/","title":{"rendered":"Prozkoumejte ostrov Saona: V\u00fdlet katamar\u00e1nem z Punta Cany"},"content":{"rendered":"<h2>Prozkoumejte ostrov Saona: V\u00fdlet katamar\u00e1nem z Punta Cany<\/h2>\n<p>Prohl\u00eddka ostrova Saona je jedn\u00edm z nejobl\u00edben\u011bj\u0161\u00edch v\u00fdlet\u016f pro n\u00e1v\u0161t\u011bvn\u00edky Punta Cany a nab\u00edz\u00ed kompletn\u00ed karibsk\u00fd z\u00e1\u017eitek pln\u00fd p\u0159\u00edrodn\u00edch kr\u00e1s a z\u00e1bavy. Den za\u010d\u00edn\u00e1 pohodln\u00fdm autobusov\u00fdm transferem z va\u0161eho hotelu v Punta Can\u011b do p\u0159\u00edstavu Bayah\u00edbe, kde dobrodru\u017estv\u00ed za\u010d\u00edn\u00e1.<\/p>\n<p>V p\u0159\u00edstavu se nalod\u00edte na motorov\u00fd \u010dlun nebo katamar\u00e1n, podle toho, jak\u00fd typ v\u00fdletu si vyberete. Cesta na ostrov Saona trv\u00e1 p\u0159ibli\u017en\u011b 30 minut a\u017e hodinu, b\u011bhem n\u00ed\u017e se m\u016f\u017eete kochat panoramatick\u00fdm v\u00fdhledem na Karibsk\u00e9 mo\u0159e a pob\u0159e\u017e\u00ed.<\/p>\n<p>Vrcholem prohl\u00eddky je zast\u00e1vka u p\u00edse\u010dn\u00e9 pl\u00e1\u017ee uprost\u0159ed mo\u0159e, kter\u00e1 je zn\u00e1m\u00e1 k\u0159i\u0161\u0165\u00e1lov\u011b \u010distou vodou a mo\u017enost\u00ed plavat nebo \u0161norchlovat v p\u0159\u00edrodn\u00edm \u201cbaz\u00e9nu\u201d. Zde se m\u016f\u017eete pono\u0159it do pr\u016fzra\u010dn\u00fdch karibsk\u00fdch vod a pozorovat mo\u0159sk\u00fd \u017eivot v jeho p\u0159irozen\u00e9m prost\u0159ed\u00ed.<\/p>\n<p>Po p\u0159\u00edjezdu na ostrov Saona v\u00e1s p\u0159iv\u00edt\u00e1 snov\u00e9 prost\u0159ed\u00ed s b\u00edl\u00fdmi p\u00edse\u010dn\u00fdmi pl\u00e1\u017eemi a pohupuj\u00edc\u00edmi se palmami. Budete m\u00edt voln\u00fd \u010das na odpo\u010dinek na pl\u00e1\u017ei, koup\u00e1n\u00ed v k\u0159i\u0161\u0165\u00e1lov\u011b \u010dist\u00e9 vod\u011b nebo na pr\u016fzkum okol\u00ed. N\u011bkter\u00e9 z\u00e1jezdy zahrnuj\u00ed tak\u00e9 dopl\u0148kov\u00e9 aktivity, jako je pl\u00e1\u017eov\u00fd volejbal, proch\u00e1zky po ostrov\u011b s pr\u016fvodcem nebo dokonce proj\u00ed\u017e\u010fky na kole \u010di buggyn\u011b, v z\u00e1vislosti na nab\u00eddce cestovn\u00ed kancel\u00e1\u0159e.<\/p>\n<p>Ob\u011bdy jsou obvykle p\u0159\u00edjemn\u00fdm z\u00e1\u017eitkem, proto\u017ee se pod\u00e1vaj\u00ed m\u00edstn\u00ed pokrmy, jako jsou \u010derstv\u00e9 ryby, ku\u0159ec\u00ed maso, r\u00fd\u017ee a zelenina, a k tomu osv\u011b\u017euj\u00edc\u00ed n\u00e1poje. J\u00eddlo se pod\u00e1v\u00e1 na pl\u00e1\u017ei, kter\u00e1 je speci\u00e1ln\u011b upravena pro turisty, tak\u017ee si m\u016f\u017eete vychutnat j\u00eddlo a z\u00e1rove\u0148 se kochat n\u00e1dhernou krajinou.<\/p>\n<p>Po chv\u00edli str\u00e1ven\u00e9 pozn\u00e1v\u00e1n\u00edm a odpo\u010dinkem na ostrov\u011b se vyd\u00e1te na zp\u00e1te\u010dn\u00ed cestu do Punta Cany. Na zp\u00e1te\u010dn\u00ed cest\u011b \u010dasto panuje na palub\u011b katamar\u00e1nu slavnostn\u00ed atmosf\u00e9ra s hudbou a n\u00e1poji na oslavu konce nezapomenuteln\u00e9ho dne.<\/p>\n<div class=\"toggle-content__content toggle-content__content--expanded toggle-content__content--packable\" data-v-59485d64=\"\">\n<div data-test-id=\"activity-full-description-text\" data-v-5835c99c=\"\">Z\u00e1jezd na ostrov Saona nab\u00edz\u00ed dokonalou kombinaci dobrodru\u017estv\u00ed, odpo\u010dinku a p\u0159\u00edrodn\u00edch kr\u00e1s, a je tak nezapomenuteln\u00fdm z\u00e1\u017eitkem pro ty, kte\u0159\u00ed si cht\u011bj\u00ed u\u017e\u00edt Karibik v jeho nejlep\u0161\u00edm sv\u011btle.<\/div>\n<\/div>\n<div class=\"toggle-content__label-placeholder\" data-v-59485d64=\"\"><\/div>","protected":false},"excerpt":{"rendered":"<div data-track=\"overview\" data-v-83a2b402=\"\">\n<section id=\"activity-overview\" class=\"activity-overview\" data-component=\"overview\" data-v-83a2b402=\"\" data-v-f3236c42=\"\">\n<p class=\"activity-overview__content\" data-test-id=\"activity-overview-content\" data-v-f3236c42=\"\">V\u00fdlet na ostrov Saona z Punta Cany je obl\u00edben\u00fdm v\u00fdletem, kter\u00fd n\u00e1v\u0161t\u011bvn\u00edky zavede na tento rajsk\u00fd karibsk\u00fd ostrov. V\u00fdlet obvykle za\u010d\u00edn\u00e1 transferem<\/p>\n<\/section>\n<\/div>\n<div data-track=\"key-details\" data-v-83a2b402=\"\"><\/div>","protected":false},"featured_media":12244,"template":"","meta":[],"product_brand":[],"product_cat":[97,98],"product_tag":[101,102],"class_list":{"0":"post-13178","1":"product","2":"type-product","3":"status-publish","4":"has-post-thumbnail","6":"product_cat-dominican-republic","7":"product_cat-saona-island","8":"product_tag-excursion","9":"product_tag-tour","11":"first","12":"instock","13":"sale","14":"shipping-taxable","15":"product-type-external"},"_links":{"self":[{"href":"https:\/\/placessites.com\/cs\/wp-json\/wp\/v2\/product\/13178","targetHints":{"allow":["GET"]}}],"collection":[{"href":"https:\/\/placessites.com\/cs\/wp-json\/wp\/v2\/product"}],"about":[{"href":"https:\/\/placessites.com\/cs\/wp-json\/wp\/v2\/types\/product"}],"wp:featuredmedia":[{"embeddable":true,"href":"https:\/\/placessites.com\/cs\/wp-json\/wp\/v2\/media\/12244"}],"wp:attachment":[{"href":"https:\/\/placessites.com\/cs\/wp-json\/wp\/v2\/media?parent=13178"}],"wp:term":[{"taxonomy":"product_brand","embeddable":true,"href":"https:\/\/placessites.com\/cs\/wp-json\/wp\/v2\/product_brand?post=13178"},{"taxonomy":"product_cat","embeddable":true,"href":"https:\/\/placessites.com\/cs\/wp-json\/wp\/v2\/product_cat?post=13178"},{"taxonomy":"product_tag","embeddable":true,"href":"https:\/\/placessites.com\/cs\/wp-json\/wp\/v2\/product_tag?post=13178"}],"curies":[{"name":"wp","href":"https:\/\/api.w.org\/{rel}","templated":true}]}}