{"id":13107,"date":"2025-12-18T11:19:34","date_gmt":"2025-12-18T11:19:34","guid":{"rendered":"https:\/\/placessites.com\/?post_type=product&#038;p=13107"},"modified":"2026-02-11T04:42:59","modified_gmt":"2026-02-11T04:42:59","slug":"-235","status":"publish","type":"product","link":"https:\/\/placessites.com\/cs\/prohlidka\/-235\/","title":{"rendered":"Saona premium mano Juan canto de la playa prohl\u00eddka m\u011bsta"},"content":{"rendered":"<p>Saona Premium Mano Juan Canto de la playa prohl\u00eddka m\u011bsta<\/p>\n<p>Na\u0161e vzru\u0161uj\u00edc\u00ed dobrodru\u017estv\u00ed za\u010d\u00edn\u00e1 plavbou rychl\u00fdm \u010dlunem do n\u00e1dhern\u00e9ho Canto de la Playa, rajsk\u00e9ho koutu ostrova Saona, kter\u00fd je zn\u00e1m\u00fd sv\u00fdm b\u00edl\u00fdm p\u00edskem a tyrkysovou vodou. Vychutnejte si toto idylick\u00e9 prost\u0159ed\u00ed, dop\u0159ejte si chv\u00edli odpo\u010dinku pod karibsk\u00fdm sluncem a pono\u0159te se do jeho k\u0159i\u0161\u0165\u00e1lov\u011b \u010dist\u00e9 vody.<\/p>\n<p>*Pr\u016fzkum v Mano Juanu.<\/p>\n<p>Pot\u00e9 se vyd\u00e1me do malebn\u00e9 vesni\u010dky Mano Juan, p\u016fvabn\u00e9 osady, kde m\u016f\u017eete poznat autentick\u00fd \u017eivot ostrovan\u016f. Projd\u011bte se jej\u00edmi barevn\u00fdmi uli\u010dkami, poznejte m\u00edstn\u00ed historii a kulturu a komunikujte s p\u0159\u00e1telsk\u00fdmi obyvateli s prohl\u00eddkov\u00fdm okruhem Saona Premium Mano Juan Canto de la playa.<\/p>\n<p>*Dominik\u00e1nsk\u00fd bufet s n\u00e1poji<\/p>\n<p>Kdy\u017e v\u00e1s p\u0159epadne hlad, pochutnejte si na vynikaj\u00edc\u00edm dominik\u00e1nsk\u00e9m bufetu p\u0159ipraven\u00e9m v tradi\u010dn\u00edm stylu. Vychutnejte si \u0159adu typick\u00fdch pokrm\u016f dopln\u011bn\u00fdch osv\u011b\u017euj\u00edc\u00edmi n\u00e1poji a pono\u0159te se do gastronomick\u00e9ho bohatstv\u00ed regionu.<\/p>\n<p>*N\u00e1v\u0161t\u011bva \u017eelv\u00ed rezervace.<\/p>\n<p>Pot\u00e9 nav\u0161t\u00edv\u00edme p\u016fsobivou \u017eelv\u00ed rezervaci na ostrov\u011b. Dozv\u00edte se o \u00fasil\u00ed o ochranu p\u0159\u00edrody a prohl\u00e9dnete si tyto fascinuj\u00edc\u00ed tvory v jejich p\u0159irozen\u00e9m prost\u0159ed\u00ed.<\/p>\n<p>*Koup\u00e1n\u00ed v p\u0159\u00edrodn\u00edm baz\u00e9nu<\/p>\n<p>Pot\u00e9 se vyd\u00e1me k n\u00e1dhern\u00e9mu p\u0159\u00edrodn\u00edmu baz\u00e9nu uprost\u0159ed mo\u0159e. Tato m\u011blk\u00e1, k\u0159i\u0161\u0165\u00e1lov\u011b \u010dist\u00e1 voda je ide\u00e1ln\u00ed pro relaxa\u010dn\u00ed a osv\u011b\u017euj\u00edc\u00ed koup\u00e1n\u00ed uprost\u0159ed kr\u00e1s Karibiku.<\/p>\n<p>*P\u00e1rty na katamar\u00e1nu<\/p>\n<p>Nakonec se nalod\u00edme na n\u00e1\u0161 katamar\u00e1n a vyraz\u00edme na zp\u00e1te\u010dn\u00ed plavbu. P\u0159i plavb\u011b tyrkysov\u00fdmi vodami do v\u00fdchoz\u00edho bodu si u\u017eijete skv\u011blou hudbu, tanec, n\u00e1poje a tu nejlep\u0161\u00ed spole\u010dnost. Tato \u017eiv\u00e1 p\u00e1rty bude dokonal\u00fdm zakon\u010den\u00edm nezapomenuteln\u00e9ho dne na ostrov\u011b Saona.<\/p>\n<div class=\"toggle-content__content toggle-content__content--expanded toggle-content__content--packable\" data-v-59485d64=\"\">\n<div data-test-id=\"activity-full-description-text\" data-v-5835c99c=\"\">Saona Premium Mano Juan Canto de la playa prohl\u00eddka m\u011bsta<\/div>\n<\/div>\n<div class=\"toggle-content__label-placeholder\" data-v-59485d64=\"\"><\/div>","protected":false},"excerpt":{"rendered":"<div data-track=\"overview\" data-v-83a2b402=\"\">\n<section id=\"activity-overview\" class=\"activity-overview\" data-component=\"overview\" data-v-83a2b402=\"\" data-v-f3236c42=\"\">\n<p class=\"activity-overview__content\" data-test-id=\"activity-overview-content\" data-v-f3236c42=\"\">Objevte kr\u00e1sy divok\u00e9 pl\u00e1\u017ee Canto de la Playa, ryb\u00e1\u0159sk\u00e9 vesnice a n\u00e1rodn\u00edho parku na palub\u011b pohodln\u00e9 lodi. Nav\u0161tivte \u017eelv\u00ed \u0161kolku a prohl\u00e9dn\u011bte si vyl\u00edhl\u00e1 ml\u00e1\u010fata.<\/p>\n<\/section>\n<\/div>\n<div data-track=\"key-details\" data-v-83a2b402=\"\"><\/div>","protected":false},"featured_media":13333,"template":"","meta":[],"product_brand":[],"product_cat":[97,98],"product_tag":[101,102],"class_list":{"0":"post-13107","1":"product","2":"type-product","3":"status-publish","4":"has-post-thumbnail","6":"product_cat-dominican-republic","7":"product_cat-saona-island","8":"product_tag-excursion","9":"product_tag-tour","11":"first","12":"instock","13":"sale","14":"shipping-taxable","15":"product-type-external"},"_links":{"self":[{"href":"https:\/\/placessites.com\/cs\/wp-json\/wp\/v2\/product\/13107","targetHints":{"allow":["GET"]}}],"collection":[{"href":"https:\/\/placessites.com\/cs\/wp-json\/wp\/v2\/product"}],"about":[{"href":"https:\/\/placessites.com\/cs\/wp-json\/wp\/v2\/types\/product"}],"wp:featuredmedia":[{"embeddable":true,"href":"https:\/\/placessites.com\/cs\/wp-json\/wp\/v2\/media\/13333"}],"wp:attachment":[{"href":"https:\/\/placessites.com\/cs\/wp-json\/wp\/v2\/media?parent=13107"}],"wp:term":[{"taxonomy":"product_brand","embeddable":true,"href":"https:\/\/placessites.com\/cs\/wp-json\/wp\/v2\/product_brand?post=13107"},{"taxonomy":"product_cat","embeddable":true,"href":"https:\/\/placessites.com\/cs\/wp-json\/wp\/v2\/product_cat?post=13107"},{"taxonomy":"product_tag","embeddable":true,"href":"https:\/\/placessites.com\/cs\/wp-json\/wp\/v2\/product_tag?post=13107"}],"curies":[{"name":"wp","href":"https:\/\/api.w.org\/{rel}","templated":true}]}}