{"id":13037,"date":"2025-12-18T11:16:47","date_gmt":"2025-12-18T11:16:47","guid":{"rendered":"https:\/\/placessites.com\/?post_type=product&#038;p=13037"},"modified":"2026-02-11T04:04:49","modified_gmt":"2026-02-11T04:04:49","slug":"-227","status":"publish","type":"product","link":"https:\/\/placessites.com\/cs\/prohlidka\/-227\/","title":{"rendered":"Soukrom\u00e1 exkurze na ostrov Saona pro v\u00edce ne\u017e 10 osob"},"content":{"rendered":"<p>Soukrom\u00e1 exkurze na ostrov Saona pro v\u00edce ne\u017e 10 osob<\/p>\n<p>Ostrov Saona je typick\u00fdm karibsk\u00fdm r\u00e1jem, klenotem v tyrkysov\u00fdch vod\u00e1ch Dominik\u00e1nsk\u00e9 republiky. V\u00fdlet lod\u00ed k jeho sluncem zalit\u00fdm b\u0159eh\u016fm pat\u0159\u00ed k nejvyhled\u00e1van\u011bj\u0161\u00edm dobrodru\u017estv\u00edm cestovatel\u016f. P\u0159edstavte si to: kilometry m\u011bkk\u00e9ho zlatav\u00e9ho p\u00edsku om\u00fdvan\u00e9ho k\u0159i\u0161\u0165\u00e1lov\u011b \u010distou vodou, or\u00e1movan\u00e9 pohupuj\u00edc\u00edmi se kokosov\u00fdmi palmami, kter\u00e9 jemn\u011b tan\u010d\u00ed v tepl\u00e9m v\u00e1nku. Toto idylick\u00e9 prost\u0159ed\u00ed vytv\u00e1\u0159\u00ed dokonalou kulisu pro den pln\u00fd odpo\u010dinku a bla\u017eenosti.<\/p>\n<p>B\u011bhem typick\u00e9ho v\u00fdletu se host\u00e9 vyh\u0159\u00edvaj\u00ed v objet\u00ed slunce, pod prsty c\u00edt\u00ed jemn\u00fd p\u00edsek a sly\u0161\u00ed jemn\u00fd \u0161um vln, kter\u00e9 \u0161plouchaj\u00ed na pob\u0159e\u017e\u00ed.<\/p>\n<p>A\u0165 u\u017e se koupete v \u017eiv\u00e9 a tepl\u00e9 vod\u011b, nebo leno\u0161\u00edte s osv\u011b\u017euj\u00edc\u00edm n\u00e1pojem v ruce, ka\u017ed\u00fd okam\u017eik na ostrov\u011b je kouskem r\u00e1je. Abyste si z\u00e1\u017eitek je\u0161t\u011b umocnili, \u010dek\u00e1 na v\u00e1s p\u0159epychov\u00e9 grilov\u00e1n\u00ed s m\u00edstn\u00edmi pochoutkami, v\u010detn\u011b \u010derstv\u011b grilovan\u00e9ho humra, kter\u00fd pot\u011b\u0161\u00ed va\u0161e chu\u0165ov\u00e9 poh\u00e1rky. Ostrov Saona skute\u010dn\u011b nab\u00edz\u00ed nezapomenuteln\u00fd \u00fanik do tropick\u00e9 bla\u017eenosti.<\/p>\n<p>Soukrom\u00fd v\u00fdlet na ostrov Saona pro v\u00edce ne\u017e 10 osob je nyn\u00ed k dispozici\u00a1<\/p>","protected":false},"excerpt":{"rendered":"<div data-track=\"overview\" data-v-83a2b402=\"\">\n<section id=\"activity-overview\" class=\"activity-overview\" data-component=\"overview\" data-v-83a2b402=\"\" data-v-f3236c42=\"\">\n<p class=\"activity-overview__content\" data-test-id=\"activity-overview-content\" data-v-f3236c42=\"\">Ostrov Saona je zt\u011blesn\u011bn\u00edm karibsk\u00e9ho r\u00e1je, a proto je v\u00fdlet lod\u00ed na jeho slunn\u00e9 pob\u0159e\u017e\u00ed jedn\u00edm z nejobl\u00edben\u011bj\u0161\u00edch v\u00fdlet\u016f v Dominik\u00e1nsk\u00e9 republice.<\/p>\n<\/section>\n<\/div>\n<div data-track=\"key-details\" data-v-83a2b402=\"\"><\/div>","protected":false},"featured_media":13263,"template":"","meta":[],"product_brand":[],"product_cat":[97,98],"product_tag":[101,102],"class_list":{"0":"post-13037","1":"product","2":"type-product","3":"status-publish","4":"has-post-thumbnail","6":"product_cat-dominican-republic","7":"product_cat-saona-island","8":"product_tag-excursion","9":"product_tag-tour","11":"first","12":"instock","13":"sale","14":"shipping-taxable","15":"product-type-external"},"_links":{"self":[{"href":"https:\/\/placessites.com\/cs\/wp-json\/wp\/v2\/product\/13037","targetHints":{"allow":["GET"]}}],"collection":[{"href":"https:\/\/placessites.com\/cs\/wp-json\/wp\/v2\/product"}],"about":[{"href":"https:\/\/placessites.com\/cs\/wp-json\/wp\/v2\/types\/product"}],"wp:featuredmedia":[{"embeddable":true,"href":"https:\/\/placessites.com\/cs\/wp-json\/wp\/v2\/media\/13263"}],"wp:attachment":[{"href":"https:\/\/placessites.com\/cs\/wp-json\/wp\/v2\/media?parent=13037"}],"wp:term":[{"taxonomy":"product_brand","embeddable":true,"href":"https:\/\/placessites.com\/cs\/wp-json\/wp\/v2\/product_brand?post=13037"},{"taxonomy":"product_cat","embeddable":true,"href":"https:\/\/placessites.com\/cs\/wp-json\/wp\/v2\/product_cat?post=13037"},{"taxonomy":"product_tag","embeddable":true,"href":"https:\/\/placessites.com\/cs\/wp-json\/wp\/v2\/product_tag?post=13037"}],"curies":[{"name":"wp","href":"https:\/\/api.w.org\/{rel}","templated":true}]}}