{"id":12958,"date":"2025-12-18T11:13:19","date_gmt":"2025-12-18T11:13:19","guid":{"rendered":"https:\/\/placessites.com\/?post_type=product&#038;p=12958"},"modified":"2026-02-14T06:58:49","modified_gmt":"2026-02-14T06:58:49","slug":"-218","status":"publish","type":"product","link":"https:\/\/placessites.com\/cs\/prohlidka\/-218\/","title":{"rendered":"Celodenn\u00ed v\u00fdlet na ostrov Saona pro mal\u00e9 skupiny na katamar\u00e1nu VIP"},"content":{"rendered":"<h2>Celodenn\u00ed VIP v\u00fdlet katamar\u00e1nem na ostrov Saona pro mal\u00e9 skupiny<\/h2>\n<p>Ostrov Saona je zt\u011blesn\u011bn\u00edm karibsk\u00e9ho r\u00e1je a v\u00fdlet katamar\u00e1nem nebo rychl\u00fdm \u010dlunem k jeho kr\u00e1sn\u00fdm b\u0159eh\u016fm pat\u0159\u00ed k nejobl\u00edben\u011bj\u0161\u00edm v\u00fdlet\u016fm v Dominik\u00e1nsk\u00e9 republice. D\u00edky zlatav\u00fdm p\u00edse\u010dn\u00fdm pl\u00e1\u017e\u00edm a k\u0159i\u0161\u0165\u00e1lov\u011b \u010dist\u00e9 modr\u00e9 vod\u011b lemovan\u00e9 kokosov\u00fdmi palmami t\u00e1hnouc\u00edmi se na kilometry daleko je to ide\u00e1ln\u00ed m\u00edsto pro den pln\u00fd slunce, pl\u00e1\u017ee a dominik\u00e1nsk\u00e9ho rumu. B\u011bhem typick\u00e9ho v\u00fdletu mohou n\u00e1v\u0161t\u011bvn\u00edci relaxovat na pl\u00e1\u017ei a k ob\u011bdu si vychutnat tradi\u010dn\u00ed grilov\u00e1n\u00ed.<\/p>\n<p>Itiner\u00e1\u0159<\/p>\n<p>**9:00 - 10:00:** Odj\u00ed\u017ed\u00edme z m\u011bsta Bayahibe a na palub\u011b katamar\u00e1nu m\u00ed\u0159\u00edme na na\u0161i exkluzivn\u00ed soukromou pl\u00e1\u017e na ostrov\u011b Saona. Na palub\u011b si u\u017eijete \u017eivou atmosf\u00e9ru ve\u010d\u00edrku s r\u016fznorodou hudbou, z\u00e1bavou, tancem a n\u00e1poji.<\/p>\n<p>Na\u0161\u00ed prvn\u00ed zast\u00e1vkou je Palmilla, vyhl\u00e1\u0161en\u00fd p\u0159\u00edrodn\u00ed baz\u00e9n, kde si m\u016f\u017eete zaplavat a komunikovat s mo\u0159sk\u00fdmi hv\u011bzdicemi.<\/p>\n<p>Budeme pokra\u010dovat v cest\u011b na na\u0161i exkluzivn\u00ed pl\u00e1\u017e a p\u0159ibli\u017en\u011b za 30-45 minut doraz\u00edme na jedno z nej\u00fa\u017easn\u011bj\u0161\u00edch m\u00edst v t\u00e9to \u010d\u00e1sti Karibiku.<\/p>\n<p>Po celou dobu pobytu m\u00e1te k dispozici otev\u0159en\u00fd bar s vodou, limon\u00e1dami, d\u017eusy, rumem a dal\u0161\u00edmi n\u00e1poji.<\/p>\n<p>**13:00 - 14:00:** Dop\u0159ejte si vynikaj\u00edc\u00ed mezin\u00e1rodn\u00ed bufet a vychutnejte si v\u00fdhled na mo\u0159e pod pohupuj\u00edc\u00edmi se palmami, dopln\u011bn\u00fd jemn\u00fdm v\u00e1nkem a uklid\u0148uj\u00edc\u00edm \u0161um\u011bn\u00edm vln.<\/p>\n<p>**P\u0159ibli\u017en\u011b v 15:00:** se vyd\u00e1me na zp\u00e1te\u010dn\u00ed cestu do Bayahibe, kam doraz\u00edme kolem 17:00.<\/p>","protected":false},"excerpt":{"rendered":"<div data-track=\"overview\" data-v-83a2b402=\"\">\n<section id=\"activity-overview\" class=\"activity-overview\" data-component=\"overview\" data-v-83a2b402=\"\" data-v-f3236c42=\"\">\n<p class=\"activity-overview__content\" data-test-id=\"activity-overview-content\" data-v-f3236c42=\"\">Rezervovat nyn\u00ed 5 $ y luego 75Vychutnejte si prohl\u00eddku \u010d\u00edslo 1 v Karibiku Saona Island, jedine\u010dn\u00e9 dobrodru\u017estv\u00ed, kter\u00e9 bezpochyby a m\u00e1te r\u00e1di dobrodru\u017estv\u00ed, tato celodenn\u00ed prohl\u00eddka je pro v\u00e1s.<\/p>\n<\/section>\n<\/div>\n<div data-track=\"key-details\" data-v-83a2b402=\"\"><\/div>","protected":false},"featured_media":12043,"template":"","meta":[],"product_brand":[],"product_cat":[97,98],"product_tag":[101,102],"class_list":{"0":"post-12958","1":"product","2":"type-product","3":"status-publish","4":"has-post-thumbnail","6":"product_cat-dominican-republic","7":"product_cat-saona-island","8":"product_tag-excursion","9":"product_tag-tour","11":"first","12":"instock","13":"sale","14":"shipping-taxable","15":"product-type-external"},"_links":{"self":[{"href":"https:\/\/placessites.com\/cs\/wp-json\/wp\/v2\/product\/12958","targetHints":{"allow":["GET"]}}],"collection":[{"href":"https:\/\/placessites.com\/cs\/wp-json\/wp\/v2\/product"}],"about":[{"href":"https:\/\/placessites.com\/cs\/wp-json\/wp\/v2\/types\/product"}],"wp:featuredmedia":[{"embeddable":true,"href":"https:\/\/placessites.com\/cs\/wp-json\/wp\/v2\/media\/12043"}],"wp:attachment":[{"href":"https:\/\/placessites.com\/cs\/wp-json\/wp\/v2\/media?parent=12958"}],"wp:term":[{"taxonomy":"product_brand","embeddable":true,"href":"https:\/\/placessites.com\/cs\/wp-json\/wp\/v2\/product_brand?post=12958"},{"taxonomy":"product_cat","embeddable":true,"href":"https:\/\/placessites.com\/cs\/wp-json\/wp\/v2\/product_cat?post=12958"},{"taxonomy":"product_tag","embeddable":true,"href":"https:\/\/placessites.com\/cs\/wp-json\/wp\/v2\/product_tag?post=12958"}],"curies":[{"name":"wp","href":"https:\/\/api.w.org\/{rel}","templated":true}]}}