{"id":12848,"date":"2025-12-18T11:08:35","date_gmt":"2025-12-18T11:08:35","guid":{"rendered":"https:\/\/placessites.com\/?post_type=product&#038;p=12848"},"modified":"2026-02-11T03:52:42","modified_gmt":"2026-02-11T03:52:42","slug":"-208","status":"publish","type":"product","link":"https:\/\/placessites.com\/cs\/prohlidka\/-208\/","title":{"rendered":"Z Punta Cany: Celodenn\u00ed v\u00fdlet na ostrov Isla Saona s ob\u011bdem formou bufetu"},"content":{"rendered":"<p><strong>Z Punta Cany: Celodenn\u00ed v\u00fdlet na ostrov Isla Saona s ob\u011bdem formou bufetu<\/strong><\/p>\n<p>Vychutnejte si klidnou tropickou kr\u00e1su ostrova Isla Saona b\u011bhem celodenn\u00edho v\u00fdletu s odletem z Punta Cany. V\u00e1\u0161 bal\u00ed\u010dek zahrnuje pohodln\u00e9 vyzvednut\u00ed v hotelu, pohodln\u00fd transfer v modern\u00edm klimatizovan\u00e9m vozidle a lahodn\u00fd v\u00fdb\u011br osv\u011b\u017euj\u00edc\u00edch n\u00e1poj\u016f na cest\u011b na ostrov Isla Saona. Po p\u0159\u00edjezdu v\u00e1s \u010dek\u00e1 l\u00e1kav\u00fd ob\u011bd formou bufetu s \u0159adou tradi\u010dn\u00edch dominik\u00e1nsk\u00fdch j\u00eddel.<\/p>\n<p>Po j\u00eddle budete m\u00edt dostatek voln\u00e9ho \u010dasu na prohl\u00eddku ostrova, slun\u011bn\u00ed na nedot\u010den\u00fdch pl\u00e1\u017e\u00edch, osv\u011b\u017euj\u00edc\u00ed koup\u00e1n\u00ed v tyrkysov\u00e9m mo\u0159i a obdivov\u00e1n\u00ed \u017eiv\u00e9ho mo\u0159sk\u00e9ho \u017eivota na kor\u00e1lov\u00fdch \u00fatesech. Po cel\u00fd den v\u00e1m m\u00edstn\u00ed pr\u016fvodce se sv\u00fdmi znalostmi poskytne informace o ekologii a \u017eivotn\u00edm prost\u0159ed\u00ed ostrova a z\u00e1rove\u0148 nab\u00eddne voliteln\u00e9 aktivity a z\u00e1bavu, v\u010detn\u011b pl\u00e1\u017eov\u00fdch her a vodn\u00edch sport\u016f. Pono\u0159te se do kr\u00e1sy a klidu ostrova Isla Saona a z\u00e1rove\u0148 si vytvo\u0159te nezapomenuteln\u00e9 vzpom\u00ednky.<\/p>","protected":false},"excerpt":{"rendered":"<div data-track=\"overview\" data-v-83a2b402=\"\">\n<section id=\"activity-overview\" class=\"activity-overview\" data-component=\"overview\" data-v-83a2b402=\"\" data-v-f3236c42=\"\">\n<p class=\"activity-overview__content\" data-test-id=\"activity-overview-content\" data-v-f3236c42=\"\">Objevte p\u0159\u00edrodn\u00ed kr\u00e1sy ostrova Isla Saona b\u011bhem celodenn\u00edho v\u00fdletu z Punta Cany. Vychutnejte si ob\u011bd formou bufetu s \u0159adou tradi\u010dn\u00edch dominik\u00e1nsk\u00fdch j\u00eddel a odpo\u010d\u00edvejte na pl\u00e1\u017ei.<\/p>\n<\/section>\n<\/div>\n<div data-track=\"key-details\" data-v-83a2b402=\"\"><\/div>","protected":false},"featured_media":13074,"template":"","meta":[],"product_brand":[],"product_cat":[97,98],"product_tag":[101,102],"class_list":{"0":"post-12848","1":"product","2":"type-product","3":"status-publish","4":"has-post-thumbnail","6":"product_cat-dominican-republic","7":"product_cat-saona-island","8":"product_tag-excursion","9":"product_tag-tour","11":"first","12":"instock","13":"sale","14":"shipping-taxable","15":"product-type-external"},"_links":{"self":[{"href":"https:\/\/placessites.com\/cs\/wp-json\/wp\/v2\/product\/12848","targetHints":{"allow":["GET"]}}],"collection":[{"href":"https:\/\/placessites.com\/cs\/wp-json\/wp\/v2\/product"}],"about":[{"href":"https:\/\/placessites.com\/cs\/wp-json\/wp\/v2\/types\/product"}],"wp:featuredmedia":[{"embeddable":true,"href":"https:\/\/placessites.com\/cs\/wp-json\/wp\/v2\/media\/13074"}],"wp:attachment":[{"href":"https:\/\/placessites.com\/cs\/wp-json\/wp\/v2\/media?parent=12848"}],"wp:term":[{"taxonomy":"product_brand","embeddable":true,"href":"https:\/\/placessites.com\/cs\/wp-json\/wp\/v2\/product_brand?post=12848"},{"taxonomy":"product_cat","embeddable":true,"href":"https:\/\/placessites.com\/cs\/wp-json\/wp\/v2\/product_cat?post=12848"},{"taxonomy":"product_tag","embeddable":true,"href":"https:\/\/placessites.com\/cs\/wp-json\/wp\/v2\/product_tag?post=12848"}],"curies":[{"name":"wp","href":"https:\/\/api.w.org\/{rel}","templated":true}]}}