{"id":12601,"date":"2025-12-18T10:59:05","date_gmt":"2025-12-18T10:59:05","guid":{"rendered":"https:\/\/placessites.com\/?post_type=product&#038;p=12601"},"modified":"2026-02-10T03:29:23","modified_gmt":"2026-02-10T03:29:23","slug":"-188","status":"publish","type":"product","link":"https:\/\/placessites.com\/cs\/prohlidka\/-188\/","title":{"rendered":"Santo Domingo: Katamar\u00e1nem na ostrov Saona s ob\u011bdem"},"content":{"rendered":"<div class=\"toggle-content__content toggle-content__content--expanded toggle-content__content--packable\" data-v-59485d64=\"\">\n<div data-test-id=\"activity-full-description-text\" data-v-5835c99c=\"\">\n<p>Santo Domingo: V\u00fdlet katamar\u00e1nem na ostrov Saona s ob\u011bdem<\/p>\n<p>U\u017eijte si celodenn\u00ed v\u00fdlet na ostrov Saona ze Santo Dominga, v\u010detn\u011b ob\u011bda a n\u00e1v\u0161t\u011bvy p\u0159\u00edrodn\u00edch koupali\u0161\u0165. V p\u0159\u00edpad\u011b pot\u0159eby zaji\u0161\u0165ujeme transfery odkudkoli z Dominik\u00e1nsk\u00e9 republiky. Sta\u010d\u00ed n\u00e1s kontaktovat a domluvit si nezapomenuteln\u00fd z\u00e1\u017eitek na ostrov\u011b Saona.<\/p>\n<p>Ostrov Saona je jedn\u00edm z nejv\u011bt\u0161\u00edch ostrov\u016f Dominik\u00e1nsk\u00e9 republiky, kter\u00fd je zn\u00e1m\u00fd sv\u00fdm stabiln\u00edm klimatem a pozitivn\u00edmi recenzemi cestovatel\u016f, kte\u0159\u00ed si tento v\u00fdlet u\u017eili. Je sou\u010d\u00e1st\u00ed n\u00e1rodn\u00edho parku Cotubanam\u00e1, kter\u00fd se nach\u00e1z\u00ed v r\u00e1mci Parque Nacional del Este. Ostrov je obl\u00edbenou turistickou destinac\u00ed, kter\u00e1 je vyhl\u00e1\u0161en\u00e1 sv\u00fdmi n\u00e1dhern\u00fdmi pl\u00e1\u017eemi a p\u0159\u00edrodn\u00edmi kr\u00e1sami. V\u00fdlet zahrnuje proj\u00ed\u017e\u010fku katamar\u00e1nem a cestu rychl\u00fdm \u010dlunem za p\u0159\u00edmou cenu z Bayahibe,<a href=\"https:\/\/bookingadventures.tours\/booking.php?slug=Punta_Cana_Saona_Island_Full_Day_With_Catamaran_and_Buffet\" target=\"_blank\" rel=\"noopener\"> Santo Domingo: V\u00fdlet katamar\u00e1nem na ostrov Saona s ob\u011bdem.<\/a><\/p>\n<p>Z\u00e1\u017eitek zahrnuje chutn\u00fd ob\u011bd, otev\u0159en\u00fd bar a p\u0159\u00edstup na katamar\u00e1n i motorov\u00fd \u010dlun. Po p\u0159\u00edjezdu na ostrov Saona v\u00e1s p\u0159iv\u00edt\u00e1 n\u00e1\u0161 z\u00e1bavn\u00ed person\u00e1l. Vychutnejte si voln\u00fd \u010das a vyberte si z r\u016fzn\u00fdch aktivit nab\u00edzen\u00fdch b\u011bhem v\u00fdletu, nap\u0159\u00edklad koup\u00e1n\u00ed v klidn\u00fdch vod\u00e1ch. Dobrodru\u017estv\u00ed za\u010d\u00edn\u00e1 proj\u00ed\u017e\u010fkou rychl\u00fdm \u010dlunem z Bayahibe k \u00fa\u017easn\u00e9mu p\u0159\u00edrodn\u00edmu baz\u00e9nu pln\u00e9mu k\u0159i\u0161\u0165\u00e1lov\u011b \u010dist\u00e9 vody uprost\u0159ed mo\u0159e, velkolep\u00e9 m\u011bl\u010din\u011b, kde se vyskytuj\u00ed proslul\u00e9 hv\u011bzdice Karibsk\u00e9ho mo\u0159e.<\/p>\n<\/div>\n<\/div>","protected":false},"excerpt":{"rendered":"<div data-track=\"overview\" data-v-83a2b402=\"\">\n<section id=\"activity-overview\" class=\"activity-overview\" data-component=\"overview\" data-v-83a2b402=\"\" data-v-f3236c42=\"\">\n<p class=\"activity-overview__content\" data-test-id=\"activity-overview-content\" data-v-f3236c42=\"\">U\u017eijte si celodenn\u00ed v\u00fdlet na ostrov Saona ze Santo Dominga. Ob\u011bd a n\u00e1v\u0161t\u011bva p\u0159\u00edrodn\u00edho koupali\u0161t\u011b v cen\u011b. poj\u010fme si u\u017e\u00edt nejlep\u0161\u00ed z\u00e1\u017eitek z prohl\u00eddky t\u00e9to tropick\u00e9 pl\u00e1\u017ee s kym\u00e1cej\u00edc\u00edmi se palmami.<\/p>\n<\/section>\n<\/div>\n<div data-track=\"key-details\" data-v-83a2b402=\"\"><\/div>","protected":false},"featured_media":12874,"template":"","meta":[],"product_brand":[],"product_cat":[97,98],"product_tag":[101,102],"class_list":{"0":"post-12601","1":"product","2":"type-product","3":"status-publish","4":"has-post-thumbnail","6":"product_cat-dominican-republic","7":"product_cat-saona-island","8":"product_tag-excursion","9":"product_tag-tour","11":"first","12":"instock","13":"sale","14":"shipping-taxable","15":"product-type-external"},"_links":{"self":[{"href":"https:\/\/placessites.com\/cs\/wp-json\/wp\/v2\/product\/12601","targetHints":{"allow":["GET"]}}],"collection":[{"href":"https:\/\/placessites.com\/cs\/wp-json\/wp\/v2\/product"}],"about":[{"href":"https:\/\/placessites.com\/cs\/wp-json\/wp\/v2\/types\/product"}],"wp:featuredmedia":[{"embeddable":true,"href":"https:\/\/placessites.com\/cs\/wp-json\/wp\/v2\/media\/12874"}],"wp:attachment":[{"href":"https:\/\/placessites.com\/cs\/wp-json\/wp\/v2\/media?parent=12601"}],"wp:term":[{"taxonomy":"product_brand","embeddable":true,"href":"https:\/\/placessites.com\/cs\/wp-json\/wp\/v2\/product_brand?post=12601"},{"taxonomy":"product_cat","embeddable":true,"href":"https:\/\/placessites.com\/cs\/wp-json\/wp\/v2\/product_cat?post=12601"},{"taxonomy":"product_tag","embeddable":true,"href":"https:\/\/placessites.com\/cs\/wp-json\/wp\/v2\/product_tag?post=12601"}],"curies":[{"name":"wp","href":"https:\/\/api.w.org\/{rel}","templated":true}]}}