{"id":12154,"date":"2025-12-18T10:40:41","date_gmt":"2025-12-18T10:40:41","guid":{"rendered":"https:\/\/placessites.com\/?post_type=product&#038;p=12154"},"modified":"2026-02-10T03:01:07","modified_gmt":"2026-02-10T03:01:07","slug":"-150","status":"publish","type":"product","link":"https:\/\/placessites.com\/cs\/prohlidka\/-150\/","title":{"rendered":"Ze Santo Dominga: Isla Saona Celodenn\u00ed v\u00fdlet s ob\u011bdem"},"content":{"rendered":"<p>Celodenn\u00ed v\u00fdlet na ostrov Isla Saona s ob\u011bdem ze Santo Dominga<\/p>\n<p>Vydejte se na nezapomenutelnou cestu na \u00fa\u017easn\u00fd ostrov Isla Saona, idylick\u00fd r\u00e1j v Karibiku. Tento celodenn\u00ed v\u00fdlet ze Santo Dominga v\u00e1s zve, abyste se pono\u0159ili do \u00fachvatn\u00e9 kr\u00e1sy oblasti, kde se m\u016f\u017eete koupat v k\u0159i\u0161\u0165\u00e1lov\u011b \u010dist\u00e9 vod\u011b, odpo\u010d\u00edvat na jemn\u00fdch p\u00edse\u010dn\u00fdch pl\u00e1\u017e\u00edch a vychutnat si lahodn\u00fd ob\u011bd formou bufetu dopln\u011bn\u00fd otev\u0159en\u00fdm barem.<\/p>\n<p>Va\u0161e dobrodru\u017estv\u00ed za\u010d\u00edn\u00e1 pohodln\u00fdm p\u0159esunem z ru\u0161n\u00fdch ulic Santo Dominga na klidn\u00e9 pob\u0159e\u017e\u00ed, kde na v\u00e1s \u010dek\u00e1 pulzuj\u00edc\u00ed katamar\u00e1n.<\/p>\n<p>A\u017e se nalod\u00edte, poc\u00edt\u00edte vzru\u0161en\u00ed a p\u0159iprav\u00edte se na plavbu k okouzluj\u00edc\u00edmu ostrovu Saona. Cestou se zastavte u p\u0159\u00edrodn\u00edho koupali\u0161t\u011b, skryt\u00e9ho klenotu zn\u00e1m\u00e9ho svou m\u011blkost\u00ed a t\u0159pytiv\u011b modrou vodou. Zde se m\u016f\u017eete osv\u011b\u017eit nebo jednodu\u0161e relaxovat s n\u00e1pojem hladk\u00e9ho dominik\u00e1nsk\u00e9ho rumu a nas\u00e1vat slunce a klidn\u00e9 prost\u0159ed\u00ed.<\/p>\n<p>Po p\u0159\u00edjezdu na ostrov Isla Saona se ocitnete uprost\u0159ed \u00fachvatn\u00e9 tropick\u00e9 p\u0159\u00edrody. Dv\u011b a\u017e t\u0159i hodiny se m\u016f\u017eete kochat kouzlem ostrova - le\u017eet na nedot\u010den\u00e9 pl\u00e1\u017ei, v klidu si zaplavat v klidn\u00fdch tyrkysov\u00fdch vod\u00e1ch nebo prozkoumat bujnou krajinu. Pot\u011b\u0161te sv\u00e9 smysly bohat\u00fdm ob\u011bdem formou bufetu s m\u00edstn\u00edmi chut\u011bmi a vychutnejte si neomezenou konzumaci n\u00e1poj\u016f z otev\u0159en\u00e9ho baru, \u010d\u00edm\u017e vytvo\u0159\u00edte dokonal\u00fd tropick\u00fd \u00fanik s celodenn\u00edm z\u00e1jezdem Isla Saona s ob\u011bdem ze Santo Dominga.<\/p>\n<p>Po dni pln\u00e9m odpo\u010dinku a pozn\u00e1v\u00e1n\u00ed se shrom\u00e1\u017ed\u00edte na lodi, abyste se mohli vr\u00e1tit zp\u011bt. A\u017e poplujete zp\u011bt ke b\u0159ehu, obklopeni \u0161um\u00edc\u00edm Karibsk\u00fdm mo\u0159em, p\u0159em\u00fd\u0161lejte o neuv\u011b\u0159iteln\u00fdch vzpom\u00ednk\u00e1ch na tento den pln\u00fd dobrodru\u017estv\u00ed. Va\u0161e cesta skon\u010d\u00ed p\u0159evozem zp\u011bt do Santo Dominga a vy odjedete se srdcem pln\u00fdm radosti a duchem omlazen\u00fdm kr\u00e1sou ostrova.<\/p>\n<p>Celodenn\u00ed v\u00fdlet na ostrov Isla Saona s ob\u011bdem ze Santo Dominga je k dispozici nyn\u00ed\u00a1<\/p>\n<p>&nbsp;<\/p>","protected":false},"excerpt":{"rendered":"<div data-track=\"overview\" data-v-83a2b402=\"\">\n<section id=\"activity-overview\" class=\"activity-overview\" data-component=\"overview\" data-v-83a2b402=\"\" data-v-f3236c42=\"\">\n<p class=\"activity-overview__content\" data-test-id=\"activity-overview-content\" data-v-f3236c42=\"\">U\u017eijte si celodenn\u00ed v\u00fdlet na ostrov Isla Saona ze Santo Dominga. Odpo\u010d\u00edvejte na b\u00edl\u00fdch p\u00edse\u010dn\u00fdch pl\u00e1\u017e\u00edch a plavte se v tyrkysov\u00fdch vod\u00e1ch ostrova Isla Saona.<\/p>\n<\/section>\n<\/div>\n<div data-track=\"key-details\" data-v-83a2b402=\"\"><\/div>","protected":false},"featured_media":12487,"template":"","meta":[],"product_brand":[],"product_cat":[97,98],"product_tag":[101,102],"class_list":{"0":"post-12154","1":"product","2":"type-product","3":"status-publish","4":"has-post-thumbnail","6":"product_cat-dominican-republic","7":"product_cat-saona-island","8":"product_tag-excursion","9":"product_tag-tour","11":"first","12":"instock","13":"sale","14":"shipping-taxable","15":"product-type-external"},"_links":{"self":[{"href":"https:\/\/placessites.com\/cs\/wp-json\/wp\/v2\/product\/12154","targetHints":{"allow":["GET"]}}],"collection":[{"href":"https:\/\/placessites.com\/cs\/wp-json\/wp\/v2\/product"}],"about":[{"href":"https:\/\/placessites.com\/cs\/wp-json\/wp\/v2\/types\/product"}],"wp:featuredmedia":[{"embeddable":true,"href":"https:\/\/placessites.com\/cs\/wp-json\/wp\/v2\/media\/12487"}],"wp:attachment":[{"href":"https:\/\/placessites.com\/cs\/wp-json\/wp\/v2\/media?parent=12154"}],"wp:term":[{"taxonomy":"product_brand","embeddable":true,"href":"https:\/\/placessites.com\/cs\/wp-json\/wp\/v2\/product_brand?post=12154"},{"taxonomy":"product_cat","embeddable":true,"href":"https:\/\/placessites.com\/cs\/wp-json\/wp\/v2\/product_cat?post=12154"},{"taxonomy":"product_tag","embeddable":true,"href":"https:\/\/placessites.com\/cs\/wp-json\/wp\/v2\/product_tag?post=12154"}],"curies":[{"name":"wp","href":"https:\/\/api.w.org\/{rel}","templated":true}]}}