{"id":12088,"date":"2025-12-18T10:38:10","date_gmt":"2025-12-18T10:38:10","guid":{"rendered":"https:\/\/placessites.com\/?post_type=product&#038;p=12088"},"modified":"2026-01-06T12:24:38","modified_gmt":"2026-01-06T12:24:38","slug":"-143","status":"publish","type":"product","link":"https:\/\/placessites.com\/cs\/prohlidka\/-143\/","title":{"rendered":"Ostrov Saona: Celodenn\u00ed v\u00fdlet malou skupinou po Panensk\u00fdch pl\u00e1\u017e\u00edch"},"content":{"rendered":"<h2>Ostrov Saona: Celodenn\u00ed v\u00fdlet malou skupinou po Panensk\u00fdch pl\u00e1\u017e\u00edch<\/h2>\n<p>Vydejte se na nezapomenuteln\u00e9 dobrodru\u017estv\u00ed p\u0159i plavb\u011b \u00fachvatnou krajinou n\u00e1rodn\u00edho parku Cotubanama a \u00fachvatn\u00fdm pob\u0159e\u017e\u00edm Ji\u017en\u00ed Saony. Tento z\u00e1jezd nab\u00edz\u00ed v\u00fdhodn\u00e1 m\u00edsta odjezdu z malebn\u00e9 vesni\u010dky Bayahibe, p\u016fvabn\u00e9ho Dominicusu, \u017eiv\u00e9 Punta Cany, kr\u00e1sn\u00fdch oblast\u00ed B\u00e1varo a Uvero Alto a tak\u00e9 Juan Dolio a Boca Chica. Podle sv\u00fdch preferenc\u00ed si m\u016f\u017eete vybrat mezi intimn\u00ed soukromou prohl\u00eddkou nebo \u017eivou skupinovou prohl\u00eddkou.<\/p>\n<p>Va\u0161e cesta za\u010d\u00edn\u00e1 v n\u00e1rodn\u00edm parku Cotubanama, kde se plav\u00edte k\u0159i\u0161\u0165\u00e1lov\u011b \u010distou vodou k majest\u00e1tn\u00edmu \u00fatesu El Pe\u00f1\u00f3n, kter\u00fd je op\u0159eden bohatou histori\u00ed. Zde v\u00e1s v\u00e1\u0161 znal\u00fd anglicky mluv\u00edc\u00ed pr\u016fvodce zaujme poutav\u00fdmi p\u0159\u00edb\u011bhy o minulosti regionu, v\u010detn\u011b informac\u00ed o Tainos, prvn\u00edch obyvatel\u00edch ostrova. B\u011bhem plavby obdivujte bujn\u00e9 mangrovov\u00e9 porosty, jejich\u017e z\u00e1\u0159iv\u00e1 zele\u0148 se odr\u00e1\u017e\u00ed v t\u0159pytiv\u00e9m mo\u0159i.<\/p>\n<p>D\u00e1le se vydejte na idylick\u00fd ostrov Saona, kde na v\u00e1s \u010dek\u00e1 malebn\u00e1 ryb\u00e1\u0159sk\u00e1 vesni\u010dka Mano Juan. Projd\u011bte se \u00fazk\u00fdmi uli\u010dkami lemovan\u00fdmi barevn\u00fdmi domy zdoben\u00fdmi m\u00edstn\u00edm um\u011bn\u00edm a \u017eiv\u00fdmi dekoracemi. Nav\u0161tivte \u017eelv\u00ed \u0161kolku, kde budete m\u00edt mo\u017enost sezn\u00e1mit se s neuv\u011b\u0159itelnou cestou t\u011bchto mo\u0159sk\u00fdch tvor\u016f, a pokud to podm\u00ednky dovol\u00ed, uvid\u00edte mal\u00e1 vyl\u00edhnut\u00e1 ml\u00e1\u010fata p\u0159i jejich prvn\u00edch kr\u016f\u010dc\u00edch do sv\u011bta.<\/p>\n<p>Dop\u0159ejte si vynikaj\u00edc\u00ed a autentick\u00e9 dominik\u00e1nsk\u00e9 j\u00eddlo v okouzluj\u00edc\u00ed restauraci s \u00fachvatn\u00fdm v\u00fdhledem na pl\u00e1\u017e Saona. Vychutnejte si tradi\u010dn\u00ed chut\u011b, vychutnejte si klidn\u00e9 prost\u0159ed\u00ed a pono\u0159te se do bohat\u00e9 kulin\u00e1\u0159sk\u00e9 kultury ostrova.<\/p>\n<p>Pot\u00e9 se vydejte na Canto de La Playa, kde si u\u017eijete dv\u011b hodiny bla\u017een\u00e9 relaxace a \u0161norchlov\u00e1n\u00ed. Zaplavte si v tepl\u00fdch tyrkysov\u00fdch vod\u00e1ch pln\u00fdch \u017eiv\u00e9ho mo\u0159sk\u00e9ho \u017eivota a prozkoumejte podmo\u0159sk\u00e9 divy, kter\u00e9 na v\u00e1s \u010dekaj\u00ed. Den zakon\u010dete v klidn\u00e9m p\u0159\u00edrodn\u00edm baz\u00e9nu, kde m\u016f\u017eete obdivovat \u00fachvatn\u00e9 hv\u011bzdice poset\u00e9 p\u00edse\u010dn\u00fdm dnem, osv\u011b\u017eit se a p\u0159i z\u00e1padu slunce pop\u00edjet lahodn\u00fd rum, kter\u00fd v\u00e1s \u010dek\u00e1 b\u011bhem va\u0161eho kouzeln\u00e9ho dne v r\u00e1ji.<\/p>","protected":false},"excerpt":{"rendered":"<div data-track=\"overview\" data-v-83a2b402=\"\">\n<section id=\"activity-overview\" class=\"activity-overview\" data-component=\"overview\" data-v-83a2b402=\"\" data-v-f3236c42=\"\">\n<p class=\"activity-overview__content\" data-test-id=\"activity-overview-content\" data-v-f3236c42=\"\">Objevte kr\u00e1sy divok\u00e9 pl\u00e1\u017ee Canto de la Playa, ryb\u00e1\u0159sk\u00e9 vesnice a n\u00e1rodn\u00edho parku na palub\u011b pohodln\u00e9 lodi. Nav\u0161tivte \u017eelv\u00ed \u0161kolku a prohl\u00e9dn\u011bte si vyl\u00edhl\u00e1 ml\u00e1\u010fata.<\/p>\n<\/section>\n<\/div>\n<div data-track=\"key-details\" data-v-83a2b402=\"\"><\/div>","protected":false},"featured_media":12419,"template":"","meta":[],"product_brand":[],"product_cat":[97,98],"product_tag":[101,102],"class_list":{"0":"post-12088","1":"product","2":"type-product","3":"status-publish","4":"has-post-thumbnail","6":"product_cat-dominican-republic","7":"product_cat-saona-island","8":"product_tag-excursion","9":"product_tag-tour","11":"first","12":"instock","13":"sale","14":"shipping-taxable","15":"product-type-external"},"_links":{"self":[{"href":"https:\/\/placessites.com\/cs\/wp-json\/wp\/v2\/product\/12088","targetHints":{"allow":["GET"]}}],"collection":[{"href":"https:\/\/placessites.com\/cs\/wp-json\/wp\/v2\/product"}],"about":[{"href":"https:\/\/placessites.com\/cs\/wp-json\/wp\/v2\/types\/product"}],"wp:featuredmedia":[{"embeddable":true,"href":"https:\/\/placessites.com\/cs\/wp-json\/wp\/v2\/media\/12419"}],"wp:attachment":[{"href":"https:\/\/placessites.com\/cs\/wp-json\/wp\/v2\/media?parent=12088"}],"wp:term":[{"taxonomy":"product_brand","embeddable":true,"href":"https:\/\/placessites.com\/cs\/wp-json\/wp\/v2\/product_brand?post=12088"},{"taxonomy":"product_cat","embeddable":true,"href":"https:\/\/placessites.com\/cs\/wp-json\/wp\/v2\/product_cat?post=12088"},{"taxonomy":"product_tag","embeddable":true,"href":"https:\/\/placessites.com\/cs\/wp-json\/wp\/v2\/product_tag?post=12088"}],"curies":[{"name":"wp","href":"https:\/\/api.w.org\/{rel}","templated":true}]}}