{"id":11276,"date":"2025-12-18T10:06:31","date_gmt":"2025-12-18T10:06:31","guid":{"rendered":"https:\/\/placessites.com\/?post_type=product&#038;p=11276"},"modified":"2026-01-05T17:09:56","modified_gmt":"2026-01-05T17:09:56","slug":"-77","status":"publish","type":"product","link":"https:\/\/placessites.com\/cs\/prohlidka\/-77\/","title":{"rendered":"Punta Cana: Punta Canta: V\u00fdlet lod\u00ed na ostrov Isla Saona, otev\u0159en\u00fd bar a ob\u011bd formou bufetu"},"content":{"rendered":"<p>Punta Cana: Punta Canta: V\u00fdlet lod\u00ed na ostrov Isla Saona, otev\u0159en\u00fd bar a ob\u011bd formou bufetu<\/p>\n<p>Objevte kr\u00e1sy ostrova Isla Saona b\u011bhem jednodenn\u00edho v\u00fdletu z Punta Cany. Zaplavte si v p\u0159\u00edrodn\u00edm koupali\u0161ti, prohl\u00e9dn\u011bte si rozmanitou fl\u00f3ru a faunu ostrova a poznejte jeho bohatou historii a kulturu. Na ostrov\u011b si vychutnejte typick\u00fd dominik\u00e1nsk\u00fd ob\u011bd a n\u00e1poje.<\/p>\n<p>Vyzvedn\u011bte se v Punta Can\u011b v hotelu a vydejte se na molo. Nalo\u010fte se na lo\u010f a vyplujte na ostrov Isla Saona. Zastavte se u p\u0159\u00edrodn\u00edho koupali\u0161t\u011b s k\u0159i\u0161\u0165\u00e1lov\u011b \u010distou vodou a n\u00e1dhernou krajinou. Zaplavte si v baz\u00e9nu a poci\u0165te tropick\u00e9 klima a slunce na sv\u00e9 k\u016f\u017ei.<\/p>\n<p>Obdivujte biologickou rozmanitost ostrova Isla Saona, a to jak ve vod\u00e1ch, tak na sou\u0161i. Poznejte rozmanitou fl\u00f3ru a faunu. Na pl\u00e1\u017e\u00edch m\u016f\u017eete pozorovat mo\u0159sk\u00e9 pt\u00e1ky a kraby, v mo\u0159i si zaplavat s tropick\u00fdmi rybami a p\u0159i tro\u0161e \u0161t\u011bst\u00ed zahl\u00e9dnout delf\u00edny a manty.<\/p>\n<p>Cestou na ostrov uvid\u00edte mangrovov\u00e9 porosty a tropick\u00e9 lesy s r\u016fzn\u00fdmi druhy rostlin. Poznejte bohatou historii a kulturu ostrova. Ostrov byl po stalet\u00ed ob\u00fdv\u00e1n r\u016fzn\u00fdmi domorod\u00fdmi skupinami, nap\u0159\u00edklad Ta\u00ednos.<\/p>\n<p>Dnes na ostrov\u011b \u017eije mal\u00e1 komunita ryb\u00e1\u0159\u016f a \u0159emesln\u00edk\u016f, kte\u0159\u00ed udr\u017euj\u00ed m\u00edstn\u00ed tradice a \u0159emesla. Poznejte dominik\u00e1nskou kulturu prost\u0159ednictv\u00edm hudby, tance a typick\u00fdch \u0159emesel.<\/p>\n<p>P\u0159ije\u010fte do soukrom\u00e9ho pl\u00e1\u017eov\u00e9ho klubu na ostrov\u011b Isla Saona a vychutnejte si klasick\u00fd ob\u011bd s n\u00e1poji. Po ob\u011bd\u011b budete m\u00edt voln\u00fd \u010das na odpo\u010dinek na pl\u00e1\u017ei, koup\u00e1n\u00ed v mo\u0159i nebo r\u016fzn\u00e9 vodn\u00ed aktivity.<\/p>","protected":false},"excerpt":{"rendered":"<div data-track=\"overview\" data-v-83a2b402=\"\">\n<section id=\"activity-overview\" class=\"activity-overview\" data-component=\"overview\" data-v-83a2b402=\"\" data-v-f3236c42=\"\">\n<p class=\"activity-overview__content\" data-test-id=\"activity-overview-content\" data-v-f3236c42=\"\">Objevte p\u0159\u00edrodn\u00ed kr\u00e1sy ostrova Isla Saona b\u011bhem jednodenn\u00edho v\u00fdletu z Punta Cany. Vychutnejte si b\u00edl\u00fd p\u00edsek a tyrkysovou vodu a relaxujte v soukrom\u00e9m pl\u00e1\u017eov\u00e9m klubu s lahodn\u00fdm ob\u011bdem formou bufetu a n\u00e1poji.<\/p>\n<\/section>\n<\/div>\n<div data-track=\"key-details\" data-v-83a2b402=\"\"><\/div>","protected":false},"featured_media":11580,"template":"","meta":[],"product_brand":[],"product_cat":[97,98],"product_tag":[101,102],"class_list":{"0":"post-11276","1":"product","2":"type-product","3":"status-publish","4":"has-post-thumbnail","6":"product_cat-dominican-republic","7":"product_cat-saona-island","8":"product_tag-excursion","9":"product_tag-tour","11":"first","12":"instock","13":"sale","14":"shipping-taxable","15":"product-type-external"},"_links":{"self":[{"href":"https:\/\/placessites.com\/cs\/wp-json\/wp\/v2\/product\/11276","targetHints":{"allow":["GET"]}}],"collection":[{"href":"https:\/\/placessites.com\/cs\/wp-json\/wp\/v2\/product"}],"about":[{"href":"https:\/\/placessites.com\/cs\/wp-json\/wp\/v2\/types\/product"}],"wp:featuredmedia":[{"embeddable":true,"href":"https:\/\/placessites.com\/cs\/wp-json\/wp\/v2\/media\/11580"}],"wp:attachment":[{"href":"https:\/\/placessites.com\/cs\/wp-json\/wp\/v2\/media?parent=11276"}],"wp:term":[{"taxonomy":"product_brand","embeddable":true,"href":"https:\/\/placessites.com\/cs\/wp-json\/wp\/v2\/product_brand?post=11276"},{"taxonomy":"product_cat","embeddable":true,"href":"https:\/\/placessites.com\/cs\/wp-json\/wp\/v2\/product_cat?post=11276"},{"taxonomy":"product_tag","embeddable":true,"href":"https:\/\/placessites.com\/cs\/wp-json\/wp\/v2\/product_tag?post=11276"}],"curies":[{"name":"wp","href":"https:\/\/api.w.org\/{rel}","templated":true}]}}