{"id":10635,"date":"2025-12-18T09:41:28","date_gmt":"2025-12-18T09:41:28","guid":{"rendered":"https:\/\/placessites.com\/?post_type=product&#038;p=10635"},"modified":"2025-12-19T10:17:52","modified_gmt":"2025-12-19T10:17:52","slug":"zazitek-z-ostrova-saona-z-punta-cana-2","status":"publish","type":"product","link":"https:\/\/placessites.com\/cs\/prohlidka\/zazitek-z-ostrova-saona-z-punta-cana-2\/","title":{"rendered":"Za\u017eijte ostrov Saona z Punta Cany"},"content":{"rendered":"<p><strong>Za\u017eijte ostrov Saona z Punta Cany<\/strong><\/p>\n<p>Vydejte se na cestu za pozn\u00e1n\u00edm \u00fachvatn\u00e9ho ostrova Saona. Tento celodenn\u00ed v\u00fdlet nab\u00edz\u00ed p\u0159\u00edrodn\u00ed kr\u00e1sy Dominik\u00e1nsk\u00e9 republiky. Vyplujte na fascinuj\u00edc\u00ed ostrov Saona, tropick\u00fd r\u00e1j v n\u00e1rodn\u00edm parku East. Nedot\u010den\u00e9 pl\u00e1\u017ee, k\u0159i\u0161\u0165\u00e1lov\u011b \u010dist\u00e1 voda a pulzuj\u00edc\u00ed podmo\u0159sk\u00fd \u017eivot na ostrov\u011b nab\u00edzej\u00ed klidn\u00fd \u00fanik.<\/p>\n<p>M\u016f\u017eete se tu proch\u00e1zet po panensk\u00fdch pl\u00e1\u017e\u00edch, odpo\u010d\u00edvat pod pohupuj\u00edc\u00edmi se palmami nebo prozkoum\u00e1vat \u017eiv\u00fd podmo\u0159sk\u00fd sv\u011bt. Vychutnejte si tradi\u010dn\u00ed dominik\u00e1nsk\u00fd ob\u011bd, kter\u00fd v\u00e1m umo\u017en\u00ed vychutnat si chut\u011b a m\u00edstn\u00ed kuchyni. Po j\u00eddle se pono\u0159te do p\u0159\u00edrodn\u00edch kr\u00e1s ostrova, prozkoumejte jeho rozmanit\u00e9 ekosyst\u00e9my nebo relaxujte a opalujte se.<\/p>\n<p>Stejn\u011b okouzluj\u00edc\u00ed je i zp\u00e1te\u010dn\u00ed cesta se zast\u00e1vkou u p\u0159\u00edrodn\u00edho jez\u00edrka uprost\u0159ed oce\u00e1nu, kde m\u016f\u017eete pozorovat hv\u011bzdice v jejich p\u0159irozen\u00e9m prost\u0159ed\u00ed. Klidn\u00e9 prost\u0159ed\u00ed a jemn\u00e9 \u0161plouch\u00e1n\u00ed vln vytv\u00e1\u0159ej\u00ed relaxa\u010dn\u00ed atmosf\u00e9ru, s n\u00ed\u017e zakon\u010d\u00edte den na notu klidu. Nakonec se nechte pohodln\u011b odv\u00e9zt zp\u011bt do hotelu a vzpom\u00ednejte na dobrodru\u017estv\u00ed cel\u00e9ho dne a nezapomenuteln\u00e9 z\u00e1\u017eitky, kter\u00e9 jste za\u017eili.<\/p>","protected":false},"excerpt":{"rendered":"<div data-track=\"overview\" data-v-83a2b402=\"\">\n<section id=\"activity-overview\" class=\"activity-overview\" data-component=\"overview\" data-v-83a2b402=\"\" data-v-f3236c42=\"\">\n<p class=\"activity-overview__content\" data-test-id=\"activity-overview-content\" data-v-f3236c42=\"\">Objevte p\u0159\u00edrodn\u00ed kr\u00e1sy Dominik\u00e1nsk\u00e9 republiky b\u011bhem jednodenn\u00edho v\u00fdletu na ostrov Saona. Odpo\u010d\u00edvejte na nedot\u010den\u00fdch pl\u00e1\u017e\u00edch, plavte se v k\u0159i\u0161\u0165\u00e1lov\u011b \u010dist\u00e9 vod\u011b a opalujte se.<\/p>\n<\/section>\n<\/div>\n<div data-track=\"key-details\" data-v-83a2b402=\"\"><\/div>","protected":false},"featured_media":10559,"template":"","meta":[],"product_brand":[],"product_cat":[97,98],"product_tag":[101,102],"class_list":{"0":"post-10635","1":"product","2":"type-product","3":"status-publish","4":"has-post-thumbnail","6":"product_cat-dominican-republic","7":"product_cat-saona-island","8":"product_tag-excursion","9":"product_tag-tour","11":"first","12":"instock","13":"sale","14":"shipping-taxable","15":"product-type-external"},"_links":{"self":[{"href":"https:\/\/placessites.com\/cs\/wp-json\/wp\/v2\/product\/10635","targetHints":{"allow":["GET"]}}],"collection":[{"href":"https:\/\/placessites.com\/cs\/wp-json\/wp\/v2\/product"}],"about":[{"href":"https:\/\/placessites.com\/cs\/wp-json\/wp\/v2\/types\/product"}],"wp:featuredmedia":[{"embeddable":true,"href":"https:\/\/placessites.com\/cs\/wp-json\/wp\/v2\/media\/10559"}],"wp:attachment":[{"href":"https:\/\/placessites.com\/cs\/wp-json\/wp\/v2\/media?parent=10635"}],"wp:term":[{"taxonomy":"product_brand","embeddable":true,"href":"https:\/\/placessites.com\/cs\/wp-json\/wp\/v2\/product_brand?post=10635"},{"taxonomy":"product_cat","embeddable":true,"href":"https:\/\/placessites.com\/cs\/wp-json\/wp\/v2\/product_cat?post=10635"},{"taxonomy":"product_tag","embeddable":true,"href":"https:\/\/placessites.com\/cs\/wp-json\/wp\/v2\/product_tag?post=10635"}],"curies":[{"name":"wp","href":"https:\/\/api.w.org\/{rel}","templated":true}]}}