{"id":10185,"date":"2025-12-18T09:26:35","date_gmt":"2025-12-18T09:26:35","guid":{"rendered":"https:\/\/placessites.com\/?post_type=product&#038;p=10185"},"modified":"2026-01-05T03:53:54","modified_gmt":"2026-01-05T03:53:54","slug":"z-bayahibe-puldenni-vylet-la-romana-na-atv-nebo-4x4-buggy","status":"publish","type":"product","link":"https:\/\/placessites.com\/cs\/prohlidka\/z-bayahibe-puldenni-vylet-la-romana-na-atv-nebo-4x4-buggy\/","title":{"rendered":"Z Bayahibe: P\u016fldenn\u00ed v\u00fdlet do La Romany na \u010dty\u0159kolk\u00e1ch nebo bugin\u00e1ch 4X4."},"content":{"rendered":"<p><strong>Z Bayahibe: P\u016fldenn\u00ed v\u00fdlet do La Romany na \u010dty\u0159kolk\u00e1ch nebo bugin\u00e1ch 4X4.<\/strong><\/p>\n<p>Prvn\u00ed sm\u011bna: 8:00 - 12:00 hod.<\/p>\n<p>Vyzvednut\u00ed v 8:00: Za\u010dn\u011bte sv\u016fj den vzru\u0161uj\u00edc\u00edm v\u00fdletem v bugin\u00e1ch v Bayahibe a nechte se vyzvednout pro tento jedine\u010dn\u00fd z\u00e1\u017eitek.<\/p>\n<p>Bateyes a cukrov\u00e1 t\u0159tina: Vydejte se na pr\u016fzkum bateyes, poznejte \u017eivot haitsk\u00fdch d\u011bln\u00edk\u016f a zastavte se na ochutn\u00e1vku prav\u00e9 cukrov\u00e9 t\u0159tiny a ob\u010derstven\u00ed. Pono\u0159te se do kultury a prozkoumejte toto fascinuj\u00edc\u00ed prost\u0159ed\u00ed.<\/p>\n<p>\u0158eka Chav\u00f3n: Vydejte se do vod \u0159eky Chav\u00f3n a za\u017eijte adrenalin. Vychutnejte si osv\u011b\u017euj\u00edc\u00ed koupel a z\u00fa\u010dastn\u011bte se vodn\u00edch aktivit, kter\u00e9 v\u00e1s je\u0161t\u011b v\u00edce spoj\u00ed s p\u0159\u00edrodou.<\/p>\n<p>Ran\u010d a ochutn\u00e1vka: Vydejte se na ran\u010d, kde si u\u017eijete kulturn\u00ed a kulin\u00e1\u0159skou p\u0159est\u00e1vku. Ochutnejte tal\u00ed\u0159 \u010derstv\u00e9ho ovoce, k\u00e1vy a \u010dokol\u00e1dy p\u0159i prohl\u00eddce k\u00e1vovn\u00edku, kakaovn\u00edku a dal\u0161\u00edch tropick\u00fdch ovocn\u00fdch rostlin. Objevte kouzlo, kter\u00e9 se skr\u00fdv\u00e1 za m\u00edstn\u00ed v\u00fdrobou.<\/p>\n<p>N\u00e1vrat ve 12:00 hodin: Po dopoledni pln\u00e9m objev\u016f se ve 12:00 vr\u00e1t\u00edme do v\u00fdchoz\u00edho bodu.<\/p>\n<p>Druh\u00e1 sm\u011bna: 14:00 - 17:30 hod.<\/p>\n<p>Vyzvednut\u00ed ve 14:00: P\u0159ipravte se na odpoledne pln\u00e9 pozn\u00e1v\u00e1n\u00ed a dobrodru\u017estv\u00ed s ko\u010d\u00e1rky.<\/p>\n<p>Bateyes a cukrov\u00e1 t\u0159tina: Vydejte se na cestu do bateyes a pronikn\u011bte hloub\u011bji do \u017eivota a kultury haitsk\u00fdch d\u011bln\u00edk\u016f.<\/p>\n<p>\u0158eka Chav\u00f3n: Prozkoumejte vody \u0159eky Chav\u00f3n a pono\u0159te se do p\u0159\u00edrodn\u00edch kr\u00e1s a vzru\u0161uj\u00edc\u00edch vodn\u00edch aktivit.<\/p>\n<p>Ran\u010d a ochutn\u00e1vka: Vra\u0165te se na ran\u010d, abyste se sezn\u00e1mili s dal\u0161\u00edmi kulturn\u00edmi a kulin\u00e1\u0159sk\u00fdmi z\u00e1\u017eitky. Prozkoumejte k\u00e1vu, kakao a dal\u0161\u00ed m\u00edstn\u00ed pochoutky a ochutnejte nov\u00e9 dobroty.<\/p>\n<p>N\u00e1vrat v 17:30: N\u00e1vrat: Prohl\u00eddku ukon\u010d\u00edme p\u0159i z\u00e1padu slunce a na m\u00edsto se vr\u00e1t\u00edme v 17:30.<\/p>","protected":false},"excerpt":{"rendered":"<div data-track=\"overview\" data-v-f00c0656=\"\">\n<section id=\"activity-overview\" class=\"activity-overview\" data-component=\"overview\" data-v-f00c0656=\"\" data-v-f3236c42=\"\">\n<p class=\"activity-overview__content\" data-test-id=\"activity-overview-content\" data-v-f3236c42=\"\">Probu\u010fte v sob\u011b dobrodru\u017en\u00e9ho ducha s na\u0161\u00ed exkurz\u00ed na bugin\u00e1ch v Bayahibe. Od \u017eiv\u00e9 kultury bateyes a\u017e po vzru\u0161en\u00ed ve vod\u00e1ch \u0159eky Chav\u00f3n.<\/p>\n<\/section>\n<\/div>\n<div data-track=\"key-details\" data-v-f00c0656=\"\"><\/div>","protected":false},"featured_media":10441,"template":"","meta":[],"product_brand":[],"product_cat":[97],"product_tag":[101,102],"class_list":{"0":"post-10185","1":"product","2":"type-product","3":"status-publish","4":"has-post-thumbnail","6":"product_cat-dominican-republic","7":"product_tag-excursion","8":"product_tag-tour","10":"first","11":"instock","12":"sale","13":"shipping-taxable","14":"product-type-external"},"_links":{"self":[{"href":"https:\/\/placessites.com\/cs\/wp-json\/wp\/v2\/product\/10185","targetHints":{"allow":["GET"]}}],"collection":[{"href":"https:\/\/placessites.com\/cs\/wp-json\/wp\/v2\/product"}],"about":[{"href":"https:\/\/placessites.com\/cs\/wp-json\/wp\/v2\/types\/product"}],"wp:featuredmedia":[{"embeddable":true,"href":"https:\/\/placessites.com\/cs\/wp-json\/wp\/v2\/media\/10441"}],"wp:attachment":[{"href":"https:\/\/placessites.com\/cs\/wp-json\/wp\/v2\/media?parent=10185"}],"wp:term":[{"taxonomy":"product_brand","embeddable":true,"href":"https:\/\/placessites.com\/cs\/wp-json\/wp\/v2\/product_brand?post=10185"},{"taxonomy":"product_cat","embeddable":true,"href":"https:\/\/placessites.com\/cs\/wp-json\/wp\/v2\/product_cat?post=10185"},{"taxonomy":"product_tag","embeddable":true,"href":"https:\/\/placessites.com\/cs\/wp-json\/wp\/v2\/product_tag?post=10185"}],"curies":[{"name":"wp","href":"https:\/\/api.w.org\/{rel}","templated":true}]}}