{"id":10181,"date":"2025-12-18T09:26:35","date_gmt":"2025-12-18T09:26:35","guid":{"rendered":"https:\/\/placessites.com\/?post_type=product&#038;p=10181"},"modified":"2026-02-09T04:16:54","modified_gmt":"2026-02-09T04:16:54","slug":"soukrome-transfery-z-letiste-punta-cana-do-hotelu-2","status":"publish","type":"product","link":"https:\/\/placessites.com\/cs\/prohlidka\/soukrome-transfery-z-letiste-punta-cana-do-hotelu-2\/","title":{"rendered":"Soukrom\u00e9 transfery z leti\u0161t\u011b Punta Cana do hotel\u016f"},"content":{"rendered":"<p><strong>Soukrom\u00e9 transfery z leti\u0161t\u011b Punta Cana do hotel\u016f<\/strong><\/p>\n<p>Jakmile vystoup\u00edte z letadla v Punta Can\u011b, okam\u017eit\u011b poc\u00edt\u00edte teplo karibsk\u00e9ho slunce, kter\u00e9 v\u00e1s obejme. Po vyzvednut\u00ed zavazadel se vyd\u00e1te do p\u0159\u00edletov\u00e9 haly, kde na v\u00e1s bude netrp\u011bliv\u011b \u010dekat \u0159idi\u010d s cedul\u00ed s va\u0161\u00edm jm\u00e9nem.<\/p>\n<p>S p\u0159\u00e1telsk\u00fdm \u00fasm\u011bvem v\u00e1s p\u0159iv\u00edtaj\u00ed a doprovod\u00ed v\u00e1s k va\u0161emu osobn\u00edmu vozidlu, kter\u00e9 je pohodln\u011b zaparkovan\u00e9 hned u termin\u00e1lu. A\u017e se usad\u00edte do pohodln\u00fdch sedadel, ocen\u00edte osv\u011b\u017euj\u00edc\u00ed chlad, kter\u00fd zaji\u0161\u0165uje syst\u00e9m regulace teploty ve vozidle. Pokud jste o to p\u0159edem po\u017e\u00e1dali, bude pro bezpe\u010dnost a pohodl\u00ed va\u0161eho mal\u00e9ho d\u00edt\u011bte ji\u017e p\u0159ipravena d\u011btsk\u00e1 seda\u010dka.<\/p>\n<p>Kdy\u017e se va\u0161e skupina shrom\u00e1\u017ed\u00ed, \u0159idi\u010d v\u00e1s obratn\u011b provede ru\u0161n\u00fdm leti\u0161tn\u00edm provozem a odveze v\u00e1s z termin\u00e1lu na otev\u0159en\u00e9 silnice Punta Cany. Cestou se v\u00e1m naskytne pohled na bujnou tropickou scen\u00e9rii, kter\u00e1 je charakteristick\u00e1 pro tuto kr\u00e1snou destinaci, s pohupuj\u00edc\u00edmi se palmami a tyrkysov\u00fdmi vodami v krajin\u011b.<\/p>\n<p>B\u011bhem cesty do hotelu se s v\u00e1mi \u0159idi\u010d pod\u011bl\u00ed o zaj\u00edmav\u00e9 informace o Punta Can\u011b a nab\u00eddne v\u00e1m zasv\u011bcen\u00e9 tipy a doporu\u010den\u00ed, jak si pobyt co nejl\u00e9pe u\u017e\u00edt. Nebojte se kl\u00e1st ot\u00e1zky nebo se jen pohodln\u011b usa\u010fte a u\u017e\u00edvejte si j\u00edzdu s v\u011bdom\u00edm, \u017ee jste v dobr\u00fdch rukou.<\/p>\n<p>Po dokon\u010den\u00ed transferu vystoup\u00edte z vozidla a vstoup\u00edte do p\u0159\u00edjemn\u00e9 n\u00e1ru\u010de sv\u00e9ho hotelu, p\u0159ipraveni zah\u00e1jit sv\u00e9 dobrodru\u017estv\u00ed v Punta Can\u011b. Od za\u010d\u00e1tku a\u017e do konce bude v\u00e1\u0161 transfer z leti\u0161t\u011b hladk\u00fd, pohodln\u00fd a bez stresu, \u010d\u00edm\u017e nastav\u00edte dokonal\u00fd t\u00f3n pro va\u0161i dovolenou v Karibiku.<\/p>","protected":false},"excerpt":{"rendered":"<div data-track=\"overview\" data-v-56a1a938=\"\">\n<section id=\"activity-overview\" class=\"activity-overview\" data-component=\"overview\" data-v-56a1a938=\"\" data-v-f3236c42=\"\">\n<p class=\"activity-overview__content\" data-test-id=\"activity-overview-content\" data-v-f3236c42=\"\">Za\u017eijte bezprobl\u00e9mov\u00e9 transfery z leti\u0161t\u011b v Punta Can\u011b s na\u0161imi soukrom\u00fdmi vozidly. P\u0159esko\u010dte pot\u00ed\u017ee se sd\u00edlen\u00edm j\u00edzdy s ciz\u00edmi lidmi a u\u017eijte si cestu do hotelu bez stresu.<\/p>\n<\/section>\n<\/div>\n<div data-track=\"key-details\" data-v-56a1a938=\"\"><\/div>","protected":false},"featured_media":10382,"template":"","meta":[],"product_brand":[],"product_cat":[97],"product_tag":[101,102],"class_list":{"0":"post-10181","1":"product","2":"type-product","3":"status-publish","4":"has-post-thumbnail","6":"product_cat-dominican-republic","7":"product_tag-excursion","8":"product_tag-tour","10":"first","11":"instock","12":"sale","13":"shipping-taxable","14":"product-type-external"},"_links":{"self":[{"href":"https:\/\/placessites.com\/cs\/wp-json\/wp\/v2\/product\/10181","targetHints":{"allow":["GET"]}}],"collection":[{"href":"https:\/\/placessites.com\/cs\/wp-json\/wp\/v2\/product"}],"about":[{"href":"https:\/\/placessites.com\/cs\/wp-json\/wp\/v2\/types\/product"}],"wp:featuredmedia":[{"embeddable":true,"href":"https:\/\/placessites.com\/cs\/wp-json\/wp\/v2\/media\/10382"}],"wp:attachment":[{"href":"https:\/\/placessites.com\/cs\/wp-json\/wp\/v2\/media?parent=10181"}],"wp:term":[{"taxonomy":"product_brand","embeddable":true,"href":"https:\/\/placessites.com\/cs\/wp-json\/wp\/v2\/product_brand?post=10181"},{"taxonomy":"product_cat","embeddable":true,"href":"https:\/\/placessites.com\/cs\/wp-json\/wp\/v2\/product_cat?post=10181"},{"taxonomy":"product_tag","embeddable":true,"href":"https:\/\/placessites.com\/cs\/wp-json\/wp\/v2\/product_tag?post=10181"}],"curies":[{"name":"wp","href":"https:\/\/api.w.org\/{rel}","templated":true}]}}